{"id":11,"date":"2013-10-19T00:05:25","date_gmt":"2013-10-19T00:05:25","guid":{"rendered":"http:\/\/matecomangu.org\/cerolfininho\/?page_id=11"},"modified":"2013-10-19T06:12:44","modified_gmt":"2013-10-19T06:12:44","slug":"cineclube-mate-com-angu","status":"publish","type":"page","link":"https:\/\/matecomangu.org\/cerolfininho\/cineclube-mate-com-angu\/","title":{"rendered":"cineclube mate com angu"},"content":{"rendered":"<p><strong>O Cineclube Mate com Angu<\/strong>\u00a0nasceu em 2002 da necessidade de alimentar na Baixada Fluminense uma movimenta\u00e7\u00e3o e uma discuss\u00e3o sobre a produ\u00e7\u00e3o\/exibi\u00e7\u00e3o de imagens e suas implica\u00e7\u00f5es sociais e est\u00e9ticas na realidade e no modo de vida da regi\u00e3o.<\/p>\n<p>A grupo atua em tr\u00eas frentes distintas e interligadas no terreno do Audiovisual: exibi\u00e7\u00e3o, produ\u00e7\u00e3o e forma\u00e7\u00e3o.<\/p>\n<p>Este primeiro foco acontece em sess\u00f5es regulares gratuitas que t\u00eam sido formadoras de p\u00fablico na cidade de Duque de Caxias e regi\u00e3o ao longo dos anos.<\/p>\n<p>Outra linha de atua\u00e7\u00e3o \u00e9 a produ\u00e7\u00e3o de filmes. O grupo tem constru\u00eddo um<em>portfolio<\/em>\u00a0no audiovisual nacional que inclui curtas-metragens, vinhetas, programas de TV, videoartes, al\u00e9m de coberturas audiovisuais de importantes eventos.<\/p>\n<p>A terceira vertente de atua\u00e7\u00e3o \u00e9 a forma\u00e7\u00e3o, gerando discuss\u00f5es sobre o cinema e a produ\u00e7\u00e3o audiovisual na Baixada Fluminense, al\u00e9m de contar com grande\u00a0experi\u00eancia em\u00a0oficinas de cinema, novas m\u00eddias e outros processos criativos colaborativos.<\/p>\n<p>A sess\u00e3o regular do Cineclube Mate com Angu acontece sempre na \u00faltima quarta-feira do m\u00eas, na\u00a0<a href=\"http:\/\/liradeouro.com.br\/\" target=\"_blank\">Sociedade Musical e Art\u00edstica Lira de Ouro<\/a>, em Duque de Caxias.<\/p>\n","protected":false},"excerpt":{"rendered":"<p>O Cineclube Mate com Angu\u00a0nasceu em 2002 da necessidade de alimentar na Baixada Fluminense uma movimenta\u00e7\u00e3o e uma discuss\u00e3o sobre a produ\u00e7\u00e3o\/exibi\u00e7\u00e3o de imagens e suas implica\u00e7\u00f5es sociais e est\u00e9ticas na realidade e no modo de vida da regi\u00e3o. A &hellip; <a href=\"https:\/\/matecomangu.org\/cerolfininho\/cineclube-mate-com-angu\/\">Continue lendo <span class=\"meta-nav\">&rarr;<\/span><\/a><\/p>\n","protected":false},"author":1,"featured_media":0,"parent":0,"menu_order":2,"comment_status":"closed","ping_status":"closed","template":"sidebar-page.php","meta":{"footnotes":""},"class_list":["post-11","page","type-page","status-publish","hentry"],"_links":{"self":[{"href":"https:\/\/matecomangu.org\/cerolfininho\/wp-json\/wp\/v2\/pages\/11","targetHints":{"allow":["GET"]}}],"collection":[{"href":"https:\/\/matecomangu.org\/cerolfininho\/wp-json\/wp\/v2\/pages"}],"about":[{"href":"https:\/\/matecomangu.org\/cerolfininho\/wp-json\/wp\/v2\/types\/page"}],"author":[{"embeddable":true,"href":"https:\/\/matecomangu.org\/cerolfininho\/wp-json\/wp\/v2\/users\/1"}],"replies":[{"embeddable":true,"href":"https:\/\/matecomangu.org\/cerolfininho\/wp-json\/wp\/v2\/comments?post=11"}],"version-history":[{"count":2,"href":"https:\/\/matecomangu.org\/cerolfininho\/wp-json\/wp\/v2\/pages\/11\/revisions"}],"predecessor-version":[{"id":49,"href":"https:\/\/matecomangu.org\/cerolfininho\/wp-json\/wp\/v2\/pages\/11\/revisions\/49"}],"wp:attachment":[{"href":"https:\/\/matecomangu.org\/cerolfininho\/wp-json\/wp\/v2\/media?parent=11"}],"curies":[{"name":"wp","href":"https:\/\/api.w.org\/{rel}","templated":true}]}}