{"id":13,"date":"2013-10-19T00:05:41","date_gmt":"2013-10-19T00:05:41","guid":{"rendered":"http:\/\/matecomangu.org\/cerolfininho\/?page_id=13"},"modified":"2016-09-20T04:33:12","modified_gmt":"2016-09-20T04:33:12","slug":"comprar-o-livro","status":"publish","type":"page","link":"https:\/\/matecomangu.org\/cerolfininho\/comprar-o-livro\/","title":{"rendered":"comprar"},"content":{"rendered":"<p>Sim, sim: ainda d\u00e1 para comprar o livro de boa, mas n\u00e3o mais diretamente com o autor.<\/p>\n<p>Ou nas lojas da Livraria da Travessa no mundo f\u00edsico.<\/p>\n<p>Ou no site da<a href=\"http:\/\/www.travessa.com.br\/O_CEROL_FININHO_DA_BAIXADA_HISTORIAS_DO_CINECLUBE_MATE_COM_ANGU\/artigo\/822b3237-1d86-4c8e-b63c-9e2b5e308a37\" target=\"_blank\">\u00a0Travessa On Line<\/a>\u00a0<a href=\"http:\/\/www.travessa.com.br\/O_CEROL_FININHO_DA_BAIXADA_HISTORIAS_DO_CINECLUBE_MATE_COM_ANGU\/artigo\/822b3237-1d86-4c8e-b63c-9e2b5e308a37\"><br \/>\n<\/a><\/p>\n<p>Ou\u00a0pela <a href=\"https:\/\/www.estantevirtual.com.br\/b\/heraldo-hb\/cerol-fininho-da-baixada-o-historias-do-cineclube-mate-com-angu\/1919297784\" target=\"_blank\">Estante Virtual<\/a>.<\/p>\n","protected":false},"excerpt":{"rendered":"<p>Sim, sim: ainda d\u00e1 para comprar o livro de boa, mas n\u00e3o mais diretamente com o autor. Ou nas lojas da Livraria da Travessa no mundo f\u00edsico. Ou no site da\u00a0Travessa On Line\u00a0 Ou\u00a0pela Estante Virtual.<\/p>\n","protected":false},"author":1,"featured_media":0,"parent":0,"menu_order":3,"comment_status":"closed","ping_status":"closed","template":"sidebar-page.php","meta":{"footnotes":""},"class_list":["post-13","page","type-page","status-publish","hentry"],"_links":{"self":[{"href":"https:\/\/matecomangu.org\/cerolfininho\/wp-json\/wp\/v2\/pages\/13","targetHints":{"allow":["GET"]}}],"collection":[{"href":"https:\/\/matecomangu.org\/cerolfininho\/wp-json\/wp\/v2\/pages"}],"about":[{"href":"https:\/\/matecomangu.org\/cerolfininho\/wp-json\/wp\/v2\/types\/page"}],"author":[{"embeddable":true,"href":"https:\/\/matecomangu.org\/cerolfininho\/wp-json\/wp\/v2\/users\/1"}],"replies":[{"embeddable":true,"href":"https:\/\/matecomangu.org\/cerolfininho\/wp-json\/wp\/v2\/comments?post=13"}],"version-history":[{"count":7,"href":"https:\/\/matecomangu.org\/cerolfininho\/wp-json\/wp\/v2\/pages\/13\/revisions"}],"predecessor-version":[{"id":176,"href":"https:\/\/matecomangu.org\/cerolfininho\/wp-json\/wp\/v2\/pages\/13\/revisions\/176"}],"wp:attachment":[{"href":"https:\/\/matecomangu.org\/cerolfininho\/wp-json\/wp\/v2\/media?parent=13"}],"curies":[{"name":"wp","href":"https:\/\/api.w.org\/{rel}","templated":true}]}}