{"id":2,"date":"2013-10-18T23:30:05","date_gmt":"2013-10-18T23:30:05","guid":{"rendered":"http:\/\/matecomangu.org\/cerolfininho\/?page_id=2"},"modified":"2013-10-28T20:33:46","modified_gmt":"2013-10-28T20:33:46","slug":"pagina-exemplo","status":"publish","type":"page","link":"https:\/\/matecomangu.org\/cerolfininho\/pagina-exemplo\/","title":{"rendered":"sobre o livro"},"content":{"rendered":"<p><strong>O Cerol Fininho da Baixada<\/strong><strong>\u00a0\u2013 Hist\u00f3rias do cineclube Mate Com Angu<\/strong>\u00a0\u00e9 o novo livro do animador cultural e produtor audiovisual\u00a0<a title=\"\" href=\"http:\/\/lurdinha.org\/site\/?author=2\" target=\"_blank\">Heraldo HB<\/a>.<\/p>\n<p>Publicado pela\u00a0<a href=\"www.aeroplanoeditora.com.br\" target=\"_blank\"><strong>Aeroplano Editora<\/strong><\/a>, o livro faz parte da\u00a0<strong>Cole\u00e7\u00e3o Tramas Urbanas<\/strong>, com curadoria de Heloisa Buarque de Hollanda, que vem publicando livros sobre movimentos culturais perif\u00e9ricos contempor\u00e2neos de todos as regi\u00f5es do pa\u00eds.<\/p>\n<p>O livro conta a hist\u00f3ria do cineclube Mate Com Angu e de seus dobramentos na reconstru\u00e7\u00e3o da autoestima da cidade de Duque de Caxias e da Baixada Fluminense atrav\u00e9s da cultura audiovisual com suas sess\u00f5es populares e suas reflex\u00f5es pulsantes.<\/p>\n<p>\u201c<em>Uma hist\u00f3ria que come\u00e7a em Duque de Caxias, Baixada Fluminense, e se expande para outros territ\u00f3rios, concretizando aquilo que era o desejo de seu grupo fundador: levar o imagin\u00e1rio de Caxias para o mundo. (&#8230;) Por meio da linguagem audiovisual, mat\u00e9ria-prima de suas interven\u00e7\u00f5es, o cineclube cria, suscita sensibilidades e provoca inquietudes. Em uma mistura incomum como mate com angu<\/em>.\u201d<br \/>\n<strong>Maria Jos\u00e9 Gouveia,<\/strong> coordenadora de atividades\u00a0socioeducativas do Sesc Rio<\/p>\n<p>\u201c<em>Hoje falar de poesia, cinema e milit\u00e2ncia cultural sem citar Heraldo seria um crime \u00e0 hist\u00f3ria da Baixada.<\/em>\u201d<br \/>\n<strong>Rodrigo Dutra<\/strong>, historiador, poeta e documentarista<\/p>\n<p>\u201c<em>Este \u2018bater\u2019 fren\u00e9tico \u00e9 por Caxias, pela baixada, \u00e9 pela arte, \u00e9 pela vida, \u00e9 pela justi\u00e7a, pela transforma\u00e7\u00e3o de um povo<\/em>.\u201d<br \/>\n<strong>C\u00e9sar Ray<\/strong>, escritor, poeta, m\u00fasico e webdesigner<\/p>\n<p>O Cerol Fininho da Baixada &#8211; Hist\u00f3rias do cineclube Mate Com Angu, de Heraldo HB<br \/>\nQuarta capa de Maria Jos\u00e9 Gouveia, Rodrigo Dutra e C\u00e9zar Ray<br \/>\nN\u00famero de p\u00e1ginas: 236<\/p>\n<p>Contato com o autor:\u00a0<a href=\"mailto:hb@relinkare.org\">hb@relinkare.org<\/a><\/p>\n<p>Para saber mais sobre o cineclube visite o site:\u00a0<a title=\"\" href=\"http:\/\/matecomangu.org\/site\/\" target=\"_blank\">http:\/\/matecomangu.org\/site\/<\/a><\/p>\n<div><\/div>\n","protected":false},"excerpt":{"rendered":"<p>O Cerol Fininho da Baixada\u00a0\u2013 Hist\u00f3rias do cineclube Mate Com Angu\u00a0\u00e9 o novo livro do animador cultural e produtor audiovisual\u00a0Heraldo HB. Publicado pela\u00a0Aeroplano Editora, o livro faz parte da\u00a0Cole\u00e7\u00e3o Tramas Urbanas, com curadoria de Heloisa Buarque de Hollanda, que vem &hellip; <a href=\"https:\/\/matecomangu.org\/cerolfininho\/pagina-exemplo\/\">Continue lendo <span class=\"meta-nav\">&rarr;<\/span><\/a><\/p>\n","protected":false},"author":1,"featured_media":0,"parent":0,"menu_order":0,"comment_status":"closed","ping_status":"closed","template":"sidebar-page.php","meta":{"footnotes":""},"class_list":["post-2","page","type-page","status-publish","hentry"],"_links":{"self":[{"href":"https:\/\/matecomangu.org\/cerolfininho\/wp-json\/wp\/v2\/pages\/2","targetHints":{"allow":["GET"]}}],"collection":[{"href":"https:\/\/matecomangu.org\/cerolfininho\/wp-json\/wp\/v2\/pages"}],"about":[{"href":"https:\/\/matecomangu.org\/cerolfininho\/wp-json\/wp\/v2\/types\/page"}],"author":[{"embeddable":true,"href":"https:\/\/matecomangu.org\/cerolfininho\/wp-json\/wp\/v2\/users\/1"}],"replies":[{"embeddable":true,"href":"https:\/\/matecomangu.org\/cerolfininho\/wp-json\/wp\/v2\/comments?post=2"}],"version-history":[{"count":6,"href":"https:\/\/matecomangu.org\/cerolfininho\/wp-json\/wp\/v2\/pages\/2\/revisions"}],"predecessor-version":[{"id":96,"href":"https:\/\/matecomangu.org\/cerolfininho\/wp-json\/wp\/v2\/pages\/2\/revisions\/96"}],"wp:attachment":[{"href":"https:\/\/matecomangu.org\/cerolfininho\/wp-json\/wp\/v2\/media?parent=2"}],"curies":[{"name":"wp","href":"https:\/\/api.w.org\/{rel}","templated":true}]}}