{"id":9,"date":"2013-10-19T00:05:10","date_gmt":"2013-10-19T00:05:10","guid":{"rendered":"http:\/\/matecomangu.org\/cerolfininho\/?page_id=9"},"modified":"2022-08-19T15:02:30","modified_gmt":"2022-08-19T15:02:30","slug":"sobre-o-autor","status":"publish","type":"page","link":"https:\/\/matecomangu.org\/cerolfininho\/sobre-o-autor\/","title":{"rendered":"sobre o autor"},"content":{"rendered":"<p>Heraldo HB \u00e9 animador cultural, produtor audiovisual, educador popular, escritor e cineclubista.<\/p>\n<p>Experi\u00eancias com r\u00e1dio livre, pr\u00e9-vestibular comunit\u00e1rio, projetos de Internet popular e Comunica\u00e7\u00e3o alternativa.<\/p>\n<p>Trabalhou com Anima\u00e7\u00e3o Cultural em CIEPs e em escolas da rede estadual no II Programa Especial de Educa\u00e7\u00e3o, em Duque de Caxias.<\/p>\n<p>Desde 2002 atua com Cineclubismo e Audiovisual atrav\u00e9s do <strong>Cineclube Mate Com Angu<\/strong> (<a href=\"http:\/\/www.matecomangu.org\">www.matecomangu.org<\/a>).<\/p>\n<p>\u00c9 editor da revista eletr\u00f4nica <strong>Lurdinha<\/strong> \u2013 Duque de Caxias para Est\u00f4magos Fortes (www.lurdinha.org)<br \/>\nIntegra o <strong>Gomeia Galp\u00e3o Criativo<\/strong> (www.gomeia.com.br) e \u00e9 diretor do <strong>Ponto de Cultura Lira de Ouro<\/strong>.<\/p>\n<p>Como educador audiovisual trabalhou na Oficina de Cinema Ambiental Humano Mar, projeto que realizou em seu primeiro ano, 30 document\u00e1rios retratando os conflitos da cadeia produtiva do petr\u00f3leo no litoral norte do Rio de Janeiro. O projeto foi o vencedor do Pr\u00eamio Brasil Ambiental.<\/p>\n<p>Trabalhou no Laborat\u00f3rio Cultura Viva, projeto desenvolvido pela Escola de Comunica\u00e7\u00e3o da UFRJ e Minist\u00e9rio da Cultura, que resultou em mais de cem filmes feitos por Pontos de Cultura de v\u00e1rias regi\u00f5es do pa\u00eds.<\/p>\n<p>Tem experi\u00eancia em elabora\u00e7\u00e3o e articula\u00e7\u00e3o de conte\u00fados de comunica\u00e7\u00e3o popular, audiovisual e internet em projetos de Educa\u00e7\u00e3o Ambiental em 25 cidades do Rio de Janeiro, em Rond\u00f4nia e no Par\u00e1.<\/p>\n<p>Desde 2007 dinamiza e coordena diversas oficinas no campo da Educa\u00e7\u00e3o Audiovisual Popular, trabalhando prioritariamente conte\u00fados de document\u00e1rio, roteiro e dire\u00e7\u00e3o.<\/p>\n<p>Experi\u00eancia em constru\u00e7\u00e3o de diagn\u00f3sticos participativos em processos de licenciamento ambiental.<\/p>\n<p>Tem v\u00e1rios textos publicados em sites, zines, revistas de poesia e \u00e9 autor dos livros <strong>Engenharia de Avi\u00e3ozinho<\/strong> (2009, Esteio Editora); <strong>O Cerol Fininho da Baixada<\/strong> (2013, Cole\u00e7\u00e3o Tramas Urbanas, Editora Aeroplano) e <strong>Dois Toques<\/strong> (2018, Editora CGB, com Ricardo Rodrigues). Tamb\u00e9m \u00e9 um dos autores do livro <strong>Mate 10 Anos<\/strong> (2012), do <strong>Guia para a Pr\u00e1tica Cineclubista<\/strong> (2013, Projeto Cinema Para Todos) e da colet\u00e2nea <strong>Rio 2065<\/strong> (2016, Editora Casa da Palavra).<\/p>\n<p>\u00c9 autor da s\u00e9rie po\u00e9tica <strong>#tirinhos<\/strong> (www.relinkare.org\/tirinhos).<\/p>\n<p>Dirigiu em 2020 os curtas da s\u00e9rie Reverbera para o projeto IMS Convida, do Instituto Moreira Sales.<\/p>\n<p>Tamb\u00e9m \u00e9 compositor e comp\u00f5e sambas e marchinhas para blocos de carnaval.<\/p>\n<p>Contato:<br \/>\ne-mail: hb@relinkare.org<br \/>\nfb: @botocudo<br \/>\nig: @heraldohb<br \/>\ntwitter: @heraldohb<\/p>\n","protected":false},"excerpt":{"rendered":"<p>Heraldo HB \u00e9 animador cultural, produtor audiovisual, educador popular, escritor e cineclubista. Experi\u00eancias com r\u00e1dio livre, pr\u00e9-vestibular comunit\u00e1rio, projetos de Internet popular e Comunica\u00e7\u00e3o alternativa. Trabalhou com Anima\u00e7\u00e3o Cultural em CIEPs e em escolas da rede estadual no II Programa &hellip; <a href=\"https:\/\/matecomangu.org\/cerolfininho\/sobre-o-autor\/\">Continue lendo <span class=\"meta-nav\">&rarr;<\/span><\/a><\/p>\n","protected":false},"author":1,"featured_media":0,"parent":0,"menu_order":1,"comment_status":"closed","ping_status":"closed","template":"sidebar-page.php","meta":{"footnotes":""},"class_list":["post-9","page","type-page","status-publish","hentry"],"_links":{"self":[{"href":"https:\/\/matecomangu.org\/cerolfininho\/wp-json\/wp\/v2\/pages\/9","targetHints":{"allow":["GET"]}}],"collection":[{"href":"https:\/\/matecomangu.org\/cerolfininho\/wp-json\/wp\/v2\/pages"}],"about":[{"href":"https:\/\/matecomangu.org\/cerolfininho\/wp-json\/wp\/v2\/types\/page"}],"author":[{"embeddable":true,"href":"https:\/\/matecomangu.org\/cerolfininho\/wp-json\/wp\/v2\/users\/1"}],"replies":[{"embeddable":true,"href":"https:\/\/matecomangu.org\/cerolfininho\/wp-json\/wp\/v2\/comments?post=9"}],"version-history":[{"count":7,"href":"https:\/\/matecomangu.org\/cerolfininho\/wp-json\/wp\/v2\/pages\/9\/revisions"}],"predecessor-version":[{"id":194,"href":"https:\/\/matecomangu.org\/cerolfininho\/wp-json\/wp\/v2\/pages\/9\/revisions\/194"}],"wp:attachment":[{"href":"https:\/\/matecomangu.org\/cerolfininho\/wp-json\/wp\/v2\/media?parent=9"}],"curies":[{"name":"wp","href":"https:\/\/api.w.org\/{rel}","templated":true}]}}