{"id":29,"date":"2022-10-08T01:18:23","date_gmt":"2022-10-08T01:18:23","guid":{"rendered":"https:\/\/matecomangu.org\/curtacaxias\/?page_id=29"},"modified":"2022-10-08T01:18:47","modified_gmt":"2022-10-08T01:18:47","slug":"o-festival","status":"publish","type":"page","link":"https:\/\/matecomangu.org\/curtacaxias\/o-festival\/","title":{"rendered":"O FESTIVAL"},"content":{"rendered":"\n<p><strong>\u00c9 mais do que uma grande festa\u2026 \u00c9 um Festival!<\/strong><\/p>\n\n\n\n<p>Em 2014 o Cineclube Mate Com Angu est\u00e1 completando 12 anos de atividades ininterruptas e decidiu fazer mais que uma festa de anivers\u00e1rio \u2013 resolveu ter logo um festival para comemorar a passagem: o Festival Curta Caxias.<\/p>\n\n\n\n<p>O Festival acontecer\u00e1 de 26 a 30 de julho e vai dialogar com diversos espa\u00e7os culturais da cidade, apresentando a produ\u00e7\u00e3o independente de parceiros do audiovisual e das artes em geral, que formam a rede constru\u00edda ao longo desses anos.<\/p>\n\n\n\n<p>A abertura acontece no s\u00e1bado, dia 26\/07, no Bar Republika, em Jardim Primavera, apresentando um Panorama Baixada, com filmes realizados na regi\u00e3o, e ainda um show de Marcelo Peregrino &amp; Galove, da Pir\u00e3o Discos.<\/p>\n\n\n\n<p>No domingo h\u00e1 a estreia do novo webprograma do cineclube, o ABC \u2013 Am\u00e9rica do Bem Comum, que combinar\u00e1 entrevistas, m\u00fasica e interven\u00e7\u00f5es est\u00e9ticas via internet, mixadas ao vivo. J\u00e1 na segunda-feira, o grupo vai realizar sess\u00f5es rel\u00e2mpagos em pontos do centro da cidade, exibindo curtas-metragens, anima\u00e7\u00f5es e micro-narrativas realizadas na Baixada.<\/p>\n\n\n\n<p>Na ter\u00e7a-feira, 29\/07, no Teatro Raul Cortez, acontece uma sess\u00e3o especial, com exibi\u00e7\u00e3o do cl\u00e1ssico longa-metragem Amuleto de Ogum, do cineasta Nelson Pereira dos Santos, em comemora\u00e7\u00e3o aos 40 anos de produ\u00e7\u00e3o do filme, integralmente rodado na cidade de Duque de Caxias.<\/p>\n\n\n\n<p>O Festival termina na quarta-feira, dia 30\/07, com a tradicional sess\u00e3o festiva que acontece na Sociedade Art\u00edstica e Musical Lira de Ouro, comemorando os doze anos de atividade do cineclube, com a presen\u00e7a da festa Junkie Session e ainda show com a banda Bambino e os Aster\u00f3ides.<\/p>\n\n\n\n<p>_________________________________<br><strong>Festival Curta Caxias<\/strong><\/p>\n\n\n\n<p>Realiza\u00e7\u00e3o: Cineclube Mate Com Angu<\/p>\n\n\n\n<p><a href=\"https:\/\/web.archive.org\/web\/20150412050031\/http:\/\/www.curtacaxias.com.br\/\">www.curtacaxias.com.br<\/a><\/p>\n\n\n\n<p>26 a 30 de julho de 2014<\/p>\n","protected":false},"excerpt":{"rendered":"<p>\u00c9 mais do que uma grande festa\u2026 \u00c9 um Festival! Em 2014 o Cineclube Mate Com Angu est\u00e1 completando 12 anos de atividades ininterruptas e decidiu fazer mais que uma festa de anivers\u00e1rio \u2013 resolveu ter logo um festival para comemorar a passagem: o Festival Curta Caxias. O Festival acontecer\u00e1<\/p>\n","protected":false},"author":1,"featured_media":0,"parent":0,"menu_order":0,"comment_status":"closed","ping_status":"closed","template":"","meta":{"footnotes":""},"class_list":["post-29","page","type-page","status-publish","hentry"],"_links":{"self":[{"href":"https:\/\/matecomangu.org\/curtacaxias\/wp-json\/wp\/v2\/pages\/29","targetHints":{"allow":["GET"]}}],"collection":[{"href":"https:\/\/matecomangu.org\/curtacaxias\/wp-json\/wp\/v2\/pages"}],"about":[{"href":"https:\/\/matecomangu.org\/curtacaxias\/wp-json\/wp\/v2\/types\/page"}],"author":[{"embeddable":true,"href":"https:\/\/matecomangu.org\/curtacaxias\/wp-json\/wp\/v2\/users\/1"}],"replies":[{"embeddable":true,"href":"https:\/\/matecomangu.org\/curtacaxias\/wp-json\/wp\/v2\/comments?post=29"}],"version-history":[{"count":2,"href":"https:\/\/matecomangu.org\/curtacaxias\/wp-json\/wp\/v2\/pages\/29\/revisions"}],"predecessor-version":[{"id":31,"href":"https:\/\/matecomangu.org\/curtacaxias\/wp-json\/wp\/v2\/pages\/29\/revisions\/31"}],"wp:attachment":[{"href":"https:\/\/matecomangu.org\/curtacaxias\/wp-json\/wp\/v2\/media?parent=29"}],"curies":[{"name":"wp","href":"https:\/\/api.w.org\/{rel}","templated":true}]}}