{"id":32,"date":"2022-10-08T01:19:18","date_gmt":"2022-10-08T01:19:18","guid":{"rendered":"https:\/\/matecomangu.org\/curtacaxias\/?page_id=32"},"modified":"2022-10-08T01:19:18","modified_gmt":"2022-10-08T01:19:18","slug":"sobre-o-mate","status":"publish","type":"page","link":"https:\/\/matecomangu.org\/curtacaxias\/sobre-o-mate\/","title":{"rendered":"SOBRE O MATE"},"content":{"rendered":"\n<p><strong>O Cineclube Mate com Angu<\/strong>&nbsp;nasceu em 2002 da necessidade de alimentar na Baixada Fluminense uma movimenta\u00e7\u00e3o e uma discuss\u00e3o sobre a produ\u00e7\u00e3o\/exibi\u00e7\u00e3o de imagens e suas implica\u00e7\u00f5es sociais e est\u00e9ticas na realidade e no modo de vida da regi\u00e3o.<\/p>\n\n\n\n<p>A grupo atua em tr\u00eas frentes distintas e interligadas no terreno do Audiovisual: exibi\u00e7\u00e3o, produ\u00e7\u00e3o e forma\u00e7\u00e3o.<\/p>\n\n\n\n<p>Este primeiro foco acontece em sess\u00f5es regulares gratuitas que t\u00eam sido formadoras de p\u00fablico na cidade de Duque de Caxias e regi\u00e3o ao longo dos anos.<\/p>\n\n\n\n<p>Outra linha de atua\u00e7\u00e3o \u00e9 a produ\u00e7\u00e3o de filmes. O grupo tem constru\u00eddo um&nbsp;<em>portfolio<\/em>&nbsp;no audiovisual nacional que inclui curtas-metragens, vinhetas, programas de TV, videoartes, al\u00e9m de coberturas audiovisuais de importantes eventos.<\/p>\n\n\n\n<p>A terceira vertente de atua\u00e7\u00e3o \u00e9 a forma\u00e7\u00e3o, gerando discuss\u00f5es sobre o cinema e a produ\u00e7\u00e3o audiovisual na Baixada Fluminense, al\u00e9m de contar com grande&nbsp;experi\u00eancia em&nbsp;oficinas de cinema, novas m\u00eddias e outros processos criativos colaborativos.<\/p>\n\n\n\n<p>A sess\u00e3o regular do Cineclube Mate com Angu acontece sempre na \u00faltima quarta-feira do m\u00eas, na&nbsp;<strong>Sociedade Musical e Art\u00edstica Lira de Ouro<\/strong>, em Duque de Caxias.<\/p>\n","protected":false},"excerpt":{"rendered":"<p>O Cineclube Mate com Angu&nbsp;nasceu em 2002 da necessidade de alimentar na Baixada Fluminense uma movimenta\u00e7\u00e3o e uma discuss\u00e3o sobre a produ\u00e7\u00e3o\/exibi\u00e7\u00e3o de imagens e suas implica\u00e7\u00f5es sociais e est\u00e9ticas na realidade e no modo de vida da regi\u00e3o. A grupo atua em tr\u00eas frentes distintas e interligadas no terreno<\/p>\n","protected":false},"author":1,"featured_media":0,"parent":0,"menu_order":0,"comment_status":"closed","ping_status":"closed","template":"","meta":{"footnotes":""},"class_list":["post-32","page","type-page","status-publish","hentry"],"_links":{"self":[{"href":"https:\/\/matecomangu.org\/curtacaxias\/wp-json\/wp\/v2\/pages\/32","targetHints":{"allow":["GET"]}}],"collection":[{"href":"https:\/\/matecomangu.org\/curtacaxias\/wp-json\/wp\/v2\/pages"}],"about":[{"href":"https:\/\/matecomangu.org\/curtacaxias\/wp-json\/wp\/v2\/types\/page"}],"author":[{"embeddable":true,"href":"https:\/\/matecomangu.org\/curtacaxias\/wp-json\/wp\/v2\/users\/1"}],"replies":[{"embeddable":true,"href":"https:\/\/matecomangu.org\/curtacaxias\/wp-json\/wp\/v2\/comments?post=32"}],"version-history":[{"count":1,"href":"https:\/\/matecomangu.org\/curtacaxias\/wp-json\/wp\/v2\/pages\/32\/revisions"}],"predecessor-version":[{"id":33,"href":"https:\/\/matecomangu.org\/curtacaxias\/wp-json\/wp\/v2\/pages\/32\/revisions\/33"}],"wp:attachment":[{"href":"https:\/\/matecomangu.org\/curtacaxias\/wp-json\/wp\/v2\/media?parent=32"}],"curies":[{"name":"wp","href":"https:\/\/api.w.org\/{rel}","templated":true}]}}