{"id":191,"date":"2017-05-11T18:39:43","date_gmt":"2017-05-11T21:39:43","guid":{"rendered":"http:\/\/matecomangu.org\/festival2017\/?page_id=191"},"modified":"2017-05-11T20:27:23","modified_gmt":"2017-05-11T23:27:23","slug":"longas-convidados","status":"publish","type":"page","link":"https:\/\/matecomangu.org\/festival2017\/longas-convidados\/","title":{"rendered":"LONGAS CONVIDADOS"},"content":{"rendered":"<p>Essa \u00e9 lista dos longa-metragens que ser\u00e3o exibidos durante os dias do Festival. Muito prazer em poder partilhar com o p\u00fablico da Baixada filmes que raramente chegam at\u00e9 a regi\u00e3o.<\/p>\n<p>A essa galera realizadora, nosso agradecimento e m\u00e1ximo respeito. &lt;3<\/p>\n<p><strong>Fome<\/strong><br \/>\nDire\u00e7\u00e3o: Cristiano Burlan<br \/>\nFic\u00e7\u00e3o &#8211; 2016<br \/>\nNas veredas da metr\u00f3pole paulista, um velho homem (Jean-Claude Bernardet)<br \/>\nabandona o passado e deambula na invisibilidade. Carrega consigo apenas um<br \/>\ncarrinho, alguns trapos e o tempo. Depois que se viu a morte \u00e9 poss\u00edvel morrer de amor por algu\u00e9m?<br \/>\nCom\u00a0Jean-Claude Bernardet, Ana Carolina Marinho, Henrique Zanoni, Ju\u00e3o Nin,<br \/>\nGustavo Canovas, Adriana Guerra, Rodrigo Sanches, Francis Vogner<\/p>\n<p><b>Mart\u00edrio<\/b><span style=\"font-weight: 400;\"><br \/>\n<\/span><span style=\"font-weight: 400;\">Dire\u00e7\u00e3o: Vincent Carelli, Ernesto de Carvalho, Tatiana Almeida<\/span><span style=\"font-weight: 400;\"><br \/>\n<\/span><span style=\"font-weight: 400;\">Document\u00e1rio &#8211; 2017<\/span><span style=\"font-weight: 400;\"><br \/>\n<\/span><i><span style=\"font-weight: 400;\">\u201cA insurg\u00eancia pac\u00edfica e obstinada dos povos Guarani Kaiow\u00e1 frente ao poderoso aparato do agroneg\u00f3cio.\u201d<\/span><\/i><span style=\"font-weight: 400;\"><br \/>\n<\/span><span style=\"font-weight: 400;\"><br \/>\n<\/span><b>Ral\u00e9<\/b><span style=\"font-weight: 400;\"><br \/>\n<\/span><span style=\"font-weight: 400;\">Dire\u00e7\u00e3o: Helena Ignez<\/span><span style=\"font-weight: 400;\"><br \/>\n<\/span><span style=\"font-weight: 400;\">Fic\u00e7\u00e3o &#8211; 2016<\/span><span style=\"font-weight: 400;\"><br \/>\n<\/span><i><span style=\"font-weight: 400;\">Um musical filos\u00f3fico e pol\u00edtico, uma chanchada c\u00f3smica: modernista e tropicalista.<br \/>\n<\/span><\/i><span style=\"font-weight: 400;\">Com Ney Matogrosso, Simone Spoladore, B\u00e1rbara Vida, Djin Sganzerla, Marcelo Drummond, Dan Nakagawa e Jos\u00e9 Celso Martinez.<\/span><\/p>\n<p><b>Deixa na R\u00e9gua<\/b><span style=\"font-weight: 400;\"><br \/>\n<\/span><span style=\"font-weight: 400;\">Dire\u00e7\u00e3o Em\u00edlio Domingos &#8211; Produ\u00e7\u00e3o: Osmose Filmes<\/span><span style=\"font-weight: 400;\"><br \/>\n<\/span><span style=\"font-weight: 400;\">Document\u00e1rio &#8211; 2017<\/span><i><span style=\"font-weight: 400;\"><br \/>\n<\/span><\/i><i><span style=\"font-weight: 400;\">Os sal\u00f5es de barbeiro das favelas e dos sub\u00farbios s\u00e3o os lugares onde a nova est\u00e9tica da periferia nasce e se expande. Ponto de encontro dos jovens, os &#8220;barbeiros&#8221; se tornaram espa\u00e7os de troca dessa juventude. \u201cDeixa na R\u00e9gua\u201d entra nesse universo e, entre cortes, giletes e tesouradas, mostra o que se passa na cabe\u00e7a dos barbeiros e de seus clientes. Do mesmo diretor de A Batalha do Passinho.<\/span><\/i><i><span style=\"font-weight: 400;\"><br \/>\n<\/span><\/i><i><span style=\"font-weight: 400;\"><br \/>\n<\/span><\/i><b>Lua em Sagit\u00e1rio<\/b><b><br \/>\n<\/b><span style=\"font-weight: 400;\">Dire\u00e7\u00e3o: Marcia Para\u00edso &#8211; Produ\u00e7\u00e3o: Plural Filmes<\/span><b><br \/>\n<\/b><span style=\"font-weight: 400;\">Fic\u00e7\u00e3o &#8211; 2016<\/span><span style=\"font-weight: 400;\"><br \/>\n<\/span><i><span style=\"font-weight: 400;\">Quem tem a Lua em Sagit\u00e1rio tem sede e impulso de liberdade, quer viver a vida com aventura, estar a frente. Ana n\u00e3o sabe, mas sua Lua \u00e9 em sagit\u00e1rio.<\/span><\/i><i><span style=\"font-weight: 400;\"><br \/>\n<\/span><\/i><span style=\"font-weight: 400;\">Com Manuela Campagna, Fagundes Emanuel, Jean Pierre Noher, Andrea Buzato, Ana Cec\u00edlia Costa, Chico Caprario, Clara Ferrari. Com a participa\u00e7\u00e3o especial de Elke Maravilha e Serguei.<\/span><i><span style=\"font-weight: 400;\"><br \/>\n<\/span><\/i><i><span style=\"font-weight: 400;\"><br \/>\n<\/span><\/i><b>#NoOlhoDaRua<\/b><i><span style=\"font-weight: 400;\"><br \/>\n<\/span><\/i><span style=\"font-weight: 400;\">Dire\u00e7\u00e3o: Paulo Penteado &#8211; Produ\u00e7\u00e3o: Filme Petisco e Coletivo Cidadela<\/span><span style=\"font-weight: 400;\"><br \/>\n<\/span><span style=\"font-weight: 400;\">Document\u00e1rio &#8211; 2017<\/span><span style=\"font-weight: 400;\"><br \/>\n<\/span><i><span style=\"font-weight: 400;\">O longa mostra o dia a dia da arte nas ruas do RJ atrav\u00e9s dos olhares, do trabalhos, das rela\u00e7\u00f5es constru\u00eddas por quatro artistas de rua.<\/span><\/i><i><span style=\"font-weight: 400;\"><br \/>\n<\/span><\/i><i><span style=\"font-weight: 400;\"><br \/>\n<\/span><\/i><b>Big Jato<\/b><span style=\"font-weight: 400;\"><br \/>\n<\/span><span style=\"font-weight: 400;\">Dire\u00e7\u00e3o Cl\u00e1udio Assis &#8211; Produ\u00e7\u00e3o: Rep\u00fablica Pureza e Perdidas Ilus\u00f5es<\/span><i><span style=\"font-weight: 400;\"><br \/>\n<\/span><\/i><span style=\"font-weight: 400;\">Fic\u00e7\u00e3o &#8211; 2016<\/span><i><span style=\"font-weight: 400;\"><br \/>\n<\/span><\/i><i><span style=\"font-weight: 400;\">O menino Xico se divide entre ajudar o pai no trabalho de limpar fossas e a companhia do tio Nelson, um radialista libert\u00e1rio que lhe inspira a escrever poesia. Inspirado no romance autobiogr\u00e1fico do jornalista Xico S\u00e1.<\/span><\/i><i><span style=\"font-weight: 400;\"><br \/>\n<\/span><\/i><span style=\"font-weight: 400;\">Com Matheus Nachtergaele, Marc\u00e9lia Cartaxo e grande elenco.<\/span><\/p>\n<p><strong>Armanda<\/strong><br \/>\nDire\u00e7\u00e3o: Liliane Leroux e Rodrigo Dutra<br \/>\nDocument\u00e1rio &#8211; 2017<br \/>\nArmanda \u00c1lvaro Alberto foi uma das precursoras do Manifesto dos Pioneiros da Educa\u00e7\u00e3o Nova. Feminista, fundou a Uni\u00e3o Feminina do Brasil e acabou sendo presa pelo governo Vargas. Influenciada pelas ideias de Montessori criou em Duque de Caxias (RJ) a Escola Regional de Meriti, sendo o primeiro col\u00e9gio brasileiro a servir alimenta\u00e7\u00e3o para os estudantes: o famoso mate com angu.<\/p>\n<p><em><strong>\u00a0BREVE A PROGRAMA\u00c7\u00c3O COMPLETA, COM OS DIAS E LOCAIS!<\/strong><\/em><\/p>\n","protected":false},"excerpt":{"rendered":"<p>Essa \u00e9 lista dos longa-metragens que ser\u00e3o exibidos durante os dias do Festival. Muito prazer em poder partilhar com o p\u00fablico da Baixada filmes que raramente chegam at\u00e9 a regi\u00e3o. A essa galera realizadora, nosso agradecimento e m\u00e1ximo respeito. &lt;3 Fome Dire\u00e7\u00e3o: Cristiano Burlan Fic\u00e7\u00e3o &#8211; 2016 Nas veredas da metr\u00f3pole paulista, um velho homem &hellip; <\/p>\n<p class=\"link-more\"><a href=\"https:\/\/matecomangu.org\/festival2017\/longas-convidados\/\" class=\"more-link\">Continue lendo<span class=\"screen-reader-text\"> &#8220;LONGAS CONVIDADOS&#8221;<\/span><\/a><\/p>\n","protected":false},"author":1,"featured_media":0,"parent":0,"menu_order":0,"comment_status":"closed","ping_status":"closed","template":"","meta":{"footnotes":""},"class_list":["post-191","page","type-page","status-publish","hentry"],"_links":{"self":[{"href":"https:\/\/matecomangu.org\/festival2017\/wp-json\/wp\/v2\/pages\/191","targetHints":{"allow":["GET"]}}],"collection":[{"href":"https:\/\/matecomangu.org\/festival2017\/wp-json\/wp\/v2\/pages"}],"about":[{"href":"https:\/\/matecomangu.org\/festival2017\/wp-json\/wp\/v2\/types\/page"}],"author":[{"embeddable":true,"href":"https:\/\/matecomangu.org\/festival2017\/wp-json\/wp\/v2\/users\/1"}],"replies":[{"embeddable":true,"href":"https:\/\/matecomangu.org\/festival2017\/wp-json\/wp\/v2\/comments?post=191"}],"version-history":[{"count":6,"href":"https:\/\/matecomangu.org\/festival2017\/wp-json\/wp\/v2\/pages\/191\/revisions"}],"predecessor-version":[{"id":198,"href":"https:\/\/matecomangu.org\/festival2017\/wp-json\/wp\/v2\/pages\/191\/revisions\/198"}],"wp:attachment":[{"href":"https:\/\/matecomangu.org\/festival2017\/wp-json\/wp\/v2\/media?parent=191"}],"curies":[{"name":"wp","href":"https:\/\/api.w.org\/{rel}","templated":true}]}}