{"id":201,"date":"2017-05-12T16:59:23","date_gmt":"2017-05-12T19:59:23","guid":{"rendered":"http:\/\/matecomangu.org\/festival2017\/?page_id=201"},"modified":"2017-05-12T17:32:31","modified_gmt":"2017-05-12T20:32:31","slug":"enderecos","status":"publish","type":"page","link":"https:\/\/matecomangu.org\/festival2017\/enderecos\/","title":{"rendered":"LOCAIS"},"content":{"rendered":"<p><strong>Dias 25, 26 e 27 de maio<\/strong><\/p>\n<p><strong>Local: Gomeia Galp\u00e3o Criativo<\/strong><br \/>\nRua Dr. Lauro Neiva, 33, centro de Duque de Caxias, pr\u00f3ximo ao Hospital Infantil, na rua da madeireira Flaviense<\/p>\n<p>&nbsp;<\/p>\n<p><strong>Dias 26, 29, 30 e 31 de maio<\/strong><\/p>\n<p><strong>Local: Instituto Hist\u00f3rico Vereador Tom\u00e9 Siqueira Barreto<\/strong><br \/>\nRua Paulo Lins, 41, 25 de Agosto, subsolo da C\u00e2mara dos Vereadores de Duque de Caxias<\/p>\n<p>&nbsp;<\/p>\n<p><strong>Dia 28 de maio<\/strong><\/p>\n<p><strong>\u201cCampinho do Lote XV\u201d<\/strong><\/p>\n<p>Pra\u00e7a Jorge Pinheiro \u2013 Rua Palmira\u00a0Ferreira<\/p>\n<p>Lote XV, Belford Roxo, atr\u00e1s do Motel Gran Via<\/p>\n<p>&nbsp;<\/p>\n<p><strong>Dia 31 de maio<\/strong><\/p>\n<p><strong>Local: Lira de Ouro<\/strong><br \/>\nRua Jos\u00e9 Ver\u00edssimo, 72, centro de Caxias, paralela \u00e0 Av. Nilo Pe\u00e7anha, pr\u00f3ximo ao cal\u00e7ad\u00e3o.<\/p>\n","protected":false},"excerpt":{"rendered":"<p>Dias 25, 26 e 27 de maio Local: Gomeia Galp\u00e3o Criativo Rua Dr. Lauro Neiva, 33, centro de Duque de Caxias, pr\u00f3ximo ao Hospital Infantil, na rua da madeireira Flaviense &nbsp; Dias 26, 29, 30 e 31 de maio Local: Instituto Hist\u00f3rico Vereador Tom\u00e9 Siqueira Barreto Rua Paulo Lins, 41, 25 de Agosto, subsolo da &hellip; <\/p>\n<p class=\"link-more\"><a href=\"https:\/\/matecomangu.org\/festival2017\/enderecos\/\" class=\"more-link\">Continue lendo<span class=\"screen-reader-text\"> &#8220;LOCAIS&#8221;<\/span><\/a><\/p>\n","protected":false},"author":1,"featured_media":0,"parent":0,"menu_order":0,"comment_status":"closed","ping_status":"closed","template":"","meta":{"footnotes":""},"class_list":["post-201","page","type-page","status-publish","hentry"],"_links":{"self":[{"href":"https:\/\/matecomangu.org\/festival2017\/wp-json\/wp\/v2\/pages\/201","targetHints":{"allow":["GET"]}}],"collection":[{"href":"https:\/\/matecomangu.org\/festival2017\/wp-json\/wp\/v2\/pages"}],"about":[{"href":"https:\/\/matecomangu.org\/festival2017\/wp-json\/wp\/v2\/types\/page"}],"author":[{"embeddable":true,"href":"https:\/\/matecomangu.org\/festival2017\/wp-json\/wp\/v2\/users\/1"}],"replies":[{"embeddable":true,"href":"https:\/\/matecomangu.org\/festival2017\/wp-json\/wp\/v2\/comments?post=201"}],"version-history":[{"count":4,"href":"https:\/\/matecomangu.org\/festival2017\/wp-json\/wp\/v2\/pages\/201\/revisions"}],"predecessor-version":[{"id":206,"href":"https:\/\/matecomangu.org\/festival2017\/wp-json\/wp\/v2\/pages\/201\/revisions\/206"}],"wp:attachment":[{"href":"https:\/\/matecomangu.org\/festival2017\/wp-json\/wp\/v2\/media?parent=201"}],"curies":[{"name":"wp","href":"https:\/\/api.w.org\/{rel}","templated":true}]}}