{"id":207,"date":"2017-05-12T19:43:49","date_gmt":"2017-05-12T22:43:49","guid":{"rendered":"http:\/\/matecomangu.org\/festival2017\/?page_id=207"},"modified":"2017-05-22T20:36:42","modified_gmt":"2017-05-22T23:36:42","slug":"programacao-completa","status":"publish","type":"page","link":"https:\/\/matecomangu.org\/festival2017\/programacao-completa\/","title":{"rendered":"PROGRAMA\u00c7\u00c3O COMPLETA"},"content":{"rendered":"<h1><b>DIA 25\/05, quinta-feira<\/b><\/h1>\n<p><span class=\"_4n-j _fbReactionComponent__eventDetailsContentTags fsl\" data-testid=\"event-permalink-details\">Local: Gomeia Galp\u00e3o Criativo<br \/>\nRua Lauro Neiva, 32. Centro \u2013 Duque de Caxias.<\/span><\/p>\n<p>20h<br \/>\nAbertura<\/p>\n<p>Homenagem a Escola Livre de Cinema de Nova Igua\u00e7u<span class=\"text_exposed_show\"><br \/>\nHomenagem a Jean-Claude Bernardet (Presen\u00e7a Confirmada)<br \/>\nHomenagem a Erley Jos\u00e9 (Presen\u00e7a Confirmada)<\/span><\/p>\n<p>21h<br \/>\n<strong>O Milagre de Iemanj\u00e1<\/strong><br \/>\nDire\u00e7\u00e3o: Erley Jos\u00e9<br \/>\nDocument\u00e1rio, 10min, 1979 \u2013 RJ<\/p>\n<p><strong>Fome<\/strong><br \/>\nDire\u00e7\u00e3o: Cristiano Burlan<br \/>\nFic\u00e7\u00e3o, 90min, 2016 \u2013 SP<\/p>\n<p>22h40min Festchenha com DJ Rodrigo Cavalcanti<\/p>\n<h1><b>Dia 26\/05, sexta-feira<\/b><\/h1>\n<p><strong><span class=\"_4n-j _fbReactionComponent__eventDetailsContentTags fsl\" data-testid=\"event-permalink-details\"><span class=\"text_exposed_show\">Local: Instituto Hist\u00f3rico Vereador Tom\u00e9 Siqueira Barreto<\/span><\/span><\/strong><\/p>\n<p><span class=\"_4n-j _fbReactionComponent__eventDetailsContentTags fsl\" data-testid=\"event-permalink-details\"><span class=\"text_exposed_show\">14h30min<br \/>\n<strong>Minha Escola \u00e9 de Circo<\/strong><br \/>\nDire\u00e7\u00e3o: Carol Vilamaro<br \/>\nDocument\u00e1rio, 18min, 2016 &#8211; RJ<\/span><\/span><\/p>\n<p><strong><a class=\"_58cn\" href=\"https:\/\/www.facebook.com\/hashtag\/noolhodarua\" data-ft=\"{&quot;tn&quot;:&quot;*N&quot;,&quot;type&quot;:104}\">#Noolhodarua<\/a><\/strong><br \/>\nDire\u00e7\u00e3o: Paulo Penteado (Presen\u00e7a Confirmada)<br \/>\nO filme mostra o dia a dia da arte nas ruas do RJ atrav\u00e9s dos olhares, do trabalhos, das rela\u00e7\u00f5es constru\u00eddas por quatro artistas de rua: um maestro que toca violino, uma artes\u00e3 que escreve em gr\u00e3os de arroz, uma performer e um cineclubista. Al\u00e9m disso, conta com a participa\u00e7\u00e3o do arrebatador Amir Haddad.<br \/>\nProduzido por Cidadela e Cinema Petisco<br \/>\nDocument\u00e1rio, 64 min, cor, Brasil, RJ, 2017 | 14 ANOS<\/p>\n<p>Roda de Conversa: O Artista na Rua.<\/p>\n<p><strong>Local: Gomeia Galp\u00e3o Criativo<\/strong><br \/>\n18h<\/p>\n<p><strong>Sarau da On\u00e7a, a Poesia da Quebrada<\/strong><br \/>\nDire\u00e7\u00e3o: Vinicius Eliz\u00e1rio<br \/>\nDocument\u00e1rio, 25min, 2016, BA.<\/p>\n<p><strong>Deixa na R\u00e9gua<\/strong><br \/>\nDire\u00e7\u00e3o de Em\u00edlio Domingos (Presen\u00e7a Confirmada)<br \/>\nOs sal\u00f5es de barbeiro das favelas e dos sub\u00farbios s\u00e3o os lugares onde a nova est\u00e9tica da periferia nasce e se expande. Ponto de encontro dos jovens, os \u201cbarbeiros\u201d se tornaram espa\u00e7os de troca dessa juventude. Este document\u00e1rio entra nesse universo e, entre cortes, giletes e tesouradas, mostra o que se passa na cabe\u00e7a dos barbeiros e de seus clientes.\u200b<br \/>\nDocument\u00e1rio, 85min, 2016 &#8211; RJ<br \/>\nEXIBI\u00c7\u00c3O COM A PRESEN\u00c7A DO DIRETOR<\/p>\n<p>Ap\u00f3s a sess\u00e3o conversa com os realizadores.<br \/>\nRoda de conversa: As defini\u00e7\u00f5es de imagens do povo est\u00e3o sendo atualizadas<\/p>\n<p>21h<br \/>\n<strong>Mart\u00edrio<\/strong><br \/>\nDire\u00e7\u00e3o: Vincent Carelli, Ernesto de Carvalho e Tita<br \/>\nUma an\u00e1lise da viol\u00eancia sofrida pelo grupo Guarani Kaiow\u00e1, uma das maiores popula\u00e7\u00f5es ind\u00edgenas do Brasil nos dias de hoje e que habita as terras do centro-oeste brasileiro, entrando constantemente em conflito com as for\u00e7as de repress\u00e3o e opress\u00e3o organizadas pelos latifundi\u00e1rios, pecuaristas e fazendeiros locais, que desejam exterminar os \u00edndios e tomar as terras para si.<br \/>\nDocument\u00e1rio, 162min, 2016 &#8211; PE<\/p>\n<p>00h15min<br \/>\nLounge com <strong>DJ Feminoise<\/strong><\/p>\n<h1><b>Dia 27\/05, s\u00e1bado<\/b><\/h1>\n<p>&nbsp;<\/p>\n<p><span class=\"_4n-j _fbReactionComponent__eventDetailsContentTags fsl\" data-testid=\"event-permalink-details\"><span class=\"text_exposed_show\"><strong>Local: Gomeia Galp\u00e3o Criativo<\/strong><\/span><\/span><\/p>\n<p>18h30min<\/p>\n<p><strong>Casca de Baob\u00e1<\/strong><br \/>\nDire\u00e7\u00e3o: Mariana Luiza<br \/>\nDocument\u00e1rio, 10min, 2017 &#8211; RJ<\/p>\n<p><strong>Lua em Sagit\u00e1rio<\/strong><br \/>\nDire\u00e7\u00e3o: M\u00e1rcia Para\u00edso<br \/>\nAna tem 17 anos e vive em uma pequena cidade na fronteira do Brasil com a Argentina, um lugar sem sinal de celular, sem internet banda larga e sem op\u00e7\u00f5es de lazer. Seu ref\u00fagio \u00e9 &#8220;A Caverna&#8221;, um misto de lanhouse e sebo de livros e discos, tocada pelo misterioso argentino LP. \u00c9 l\u00e1 que Ana conhece e se apaixona por Murilo, que nasceu e cresceu em um assentamento da reforma agr\u00e1ria. Esse amor proibido a faz fugir na aventura de cruzar o estado de moto para participar de um festival musical.<br \/>\nclassifica\u00e7\u00e3o indicativa: 14 anos<br \/>\nFic\u00e7\u00e3o, 100min, 2016 &#8211; SC<\/p>\n<p>Roda de conversa: Mulheres no Cinema<\/p>\n<p>21h30min<br \/>\n<strong>V\u00eanus \u2013 Fil\u00f3, a Fadinha L\u00e9sbica<\/strong><br \/>\nDire\u00e7\u00e3o: S\u00e1vio Leite<br \/>\nAnima\u00e7\u00e3o, 5min, 2017 &#8211; MG<\/p>\n<p><strong>Arremate<\/strong><br \/>\nDire\u00e7\u00e3o: Ethel Oliveira (Presen\u00e7a Confirmada)<br \/>\nDocument\u00e1rio, 25min, 2017 &#8211; Duque de Caxias &#8211; RJ<\/p>\n<p><strong>Ral\u00e9<\/strong><br \/>\nDire\u00e7\u00e3o: Helena Ignez<br \/>\nDe origem aristocr\u00e1tica e ex-viciado em hero\u00edna, Bar\u00e3o (Ney Matogrosso) decide fundar uma seita ligada aos rituais com ayahuasca, o ch\u00e1 alucin\u00f3geno do Santo Daime. Uma investiga\u00e7\u00e3o sobre a alma brasileira, com reflex\u00f5es sobre quest\u00f5es existenciais, individualidade sexual e direito de liberdade.<br \/>\nProdu\u00e7\u00e3o: Merc\u00fario Filmes<br \/>\nElenco: Ney Matogrosso, Simone Spoladore (Presen\u00e7a Confirmada), Djin Sganzerla, B\u00e1rbara Vida (Presen\u00e7a Confirmada)<br \/>\nFic\u00e7\u00e3o, 73min, 2015 &#8211; RJ<\/p>\n<p>23h30min<br \/>\nDJ Diego Bion<\/p>\n<h1><b>Dia 28\/05, domingo<\/b><\/h1>\n<p><strong><span class=\"_4n-j _fbReactionComponent__eventDetailsContentTags fsl\" data-testid=\"event-permalink-details\"><span class=\"text_exposed_show\">18h30min<\/span><\/span><\/strong><\/p>\n<p><span class=\"_4n-j _fbReactionComponent__eventDetailsContentTags fsl\" data-testid=\"event-permalink-details\"><span class=\"text_exposed_show\"><strong>Enquanto durar a bateria<\/strong><br \/>\nDire\u00e7\u00e3o: Chico Serra, RJ, 1min<\/span><\/span><\/p>\n<p><strong>O Olho do C\u00e3o<\/strong><br \/>\nDire\u00e7\u00e3o: Samuel Lobo, RJ, 20min<\/p>\n<p><strong>Big Jato<\/strong><br \/>\nDire\u00e7\u00e3o: Cl\u00e1udio Assis<br \/>\nO menino Francisco passa os dias a acompanhar o pai no trabalho, ou melhor, nas estradas. O homem \u00e9 motorista do imponente Big Jato, um caminh\u00e3o-pipa utilizado para limpar as fossas da cidade sem saneamento b\u00e1sico. Mas o garoto est\u00e1 mais interessado nas ideias do tio, um artista libert\u00e1rio e anarquista. \u00c0 medida que descobre o primeiro amor, Chico percebe a voca\u00e7\u00e3o para se tornar poeta.<br \/>\nFic\u00e7\u00e3o, 93 min, 2016 &#8211; PE<\/p>\n<p><strong><span class=\"_4n-j _fbReactionComponent__eventDetailsContentTags fsl\" data-testid=\"event-permalink-details\"><span class=\"text_exposed_show\">Feira do Troca-Troca com o Coletivo FALA<\/span><\/span><\/strong><\/p>\n<h1><b>Dia 29\/05, segunda-feira<\/b><\/h1>\n<p><strong>Local: Instituto Hist\u00f3rico Vereador Tom\u00e9 Siqueira Barreto<\/strong><\/p>\n<p>14h30min<br \/>\n<strong>&#8211; Mostra Competitiva de Curtas 1<\/strong><\/p>\n<p>Ilha das Crian\u00e7as (RJ)<br \/>\nDire\u00e7\u00e3o: Zeca Ferreira<br \/>\nProduzido por: Afinal Filmes Dura\u00e7\u00e3o: 13\u2019<\/p>\n<p>Ao fruto que est\u00e1 para nascer (MG)<br \/>\nDire\u00e7\u00e3o: Philippe Urvoy<br \/>\nProduzido por: Coletivo Vira Lata Dura\u00e7\u00e3o: 14\u2019<\/p>\n<p>Algo do que fica (GO)<br \/>\nDire\u00e7\u00e3o: Benedito Ferreira<br \/>\nProduzido por: Est\u00fadio B\u00e3o Dura\u00e7\u00e3o: 23\u2019<\/p>\n<p>Um trem para Austin \u2013 Caso Mateus (RJ)<br \/>\nDire\u00e7\u00e3o: Andr\u00e9 Migu\u00e9is e Paula Kossatz Dura\u00e7\u00e3o: 13\u2019<\/p>\n<p>Tambores Afro-uruguaios (RJ)<br \/>\nDire\u00e7\u00e3o: Naouel Laamiri, Rafael Ferreira<br \/>\nProduzido por: TV Cai\u00e7ara Dura\u00e7\u00e3o: 13\u2019<\/p>\n<p>O Sol h\u00e1 de brilhar (MG)<br \/>\nDire\u00e7\u00e3o: Marinho Antunes<br \/>\nProduzido por: Coletivo Casa do Ator Dura\u00e7\u00e3o: 20\u2019<\/p>\n<p>16h<br \/>\n<strong>Mostra Competitiva de Curtas 2<\/strong><\/p>\n<p>Estranho \u00cdmpar (SP)<br \/>\nDire\u00e7\u00e3o: Beto Oliveira<br \/>\nProduzido por: Frame7 Cinema Dura\u00e7\u00e3o: 15\u2019<\/p>\n<p>Casa do V\u00f4 (RJ)<br \/>\nDire\u00e7\u00e3o: Ma\u00edra Matos &amp; Sofia Guimar\u00e3es Dura\u00e7\u00e3o: 8\u2019<\/p>\n<p>Do Port\u00e3o pra Fora (SP)<br \/>\nDirec\u00e3o: Let\u00edcia Bina<br \/>\nProduzido por: Centro Universit\u00e1rio Senac Dura\u00e7\u00e3o: 17\u2019<\/p>\n<p>E o Galo Cantou (GO)<br \/>\nDire\u00e7\u00e3o: Daniel Calil<br \/>\nProduzido por: Pira Filmes e Produ\u00e7\u00f5es Dura\u00e7\u00e3o: 23\u2019<\/p>\n<p>Wesdra, o passageiro da agonia (RJ)<br \/>\nDire\u00e7\u00e3o: Armando Lima e Christian Caselli<br \/>\nProduzido por: MFL Dura\u00e7\u00e3o: 9\u2019<\/p>\n<p>As Ondas (RJ)<br \/>\nDire\u00e7\u00e3o: Juliano Gomes e L\u00e9o Bittencourt<br \/>\nProduzido por: Fauna Dura\u00e7\u00e3o: 13&#8242;<\/p>\n<h1><b>Dia 30\/05, ter\u00e7a-feira<\/b><\/h1>\n<p>&nbsp;<\/p>\n<p><span class=\"_4n-j _fbReactionComponent__eventDetailsContentTags fsl\" data-testid=\"event-permalink-details\"><span class=\"text_exposed_show\">14h30min<br \/>\n<strong>Mostra Competitiva de Curtas 3<\/strong><\/span><\/span><\/p>\n<p>A Piscina de Ca\u00edque (GO)<br \/>\nDire\u00e7\u00e3o: Raphael Gustavo da Silva<br \/>\nProduzido por: \u00c9 N\u00f3is Ki T\u00e1 Produ\u00e7\u00f5es Dura\u00e7\u00e3o: 15\u2019<\/p>\n<p>Of\u00e9lia (RJ)<br \/>\nRealizado no Curso de Audiovisual do projeto Casa Futuro Agora &#8211; Unidade S\u00e3o Jo\u00e3o<br \/>\nProduzido por: Cidadela Dura\u00e7\u00e3o: 14\u2019<\/p>\n<p>A Caverna da Educa\u00e7\u00e3o (RJ)<br \/>\nDire\u00e7\u00e3o: Victor Hugo Liporage Dura\u00e7\u00e3o: 13&#8242;<\/p>\n<p>Desmonte (RJ)<br \/>\nDire\u00e7\u00e3o: Mari Cavalcanti<br \/>\nProduzido por: Anarca Filmes Dura\u00e7\u00e3o: 7\u2019<\/p>\n<p>Transbaixada (RJ)<br \/>\nDire\u00e7\u00e3o: Renan Collier<br \/>\nProdutora: NUCA Dura\u00e7\u00e3o: 15\u2019<\/p>\n<p>Deusa (SP)<br \/>\nDire\u00e7\u00e3o: Bruna Callegari<br \/>\nProduzido por: Espa\u00e7o L\u00edquido Audiovisual Dura\u00e7\u00e3o: 18\u2019<\/p>\n<p>Carne e Casca (SP),<br \/>\nDire\u00e7\u00e3o: Dani Drumond<br \/>\nProdutora: Dani Drumond Filmes Dura\u00e7\u00e3o: 25\u2019<\/p>\n<p>16h<br \/>\n<strong>Mostra Competitiva de Curtas 4<\/strong><\/p>\n<p>Horizonte de Eventos (PR)<br \/>\nDire\u00e7\u00e3o: Gil Baroni<br \/>\nProduzido por: Beija Flor Filmes Dura\u00e7\u00e3o: 15\u2019<\/p>\n<p>Vs. Ex. Sr\u00aa Tristeza, (CE\/RJ)<br \/>\nDire\u00e7\u00e3o: Cl\u00e9bson Oscar e Wilken Misael<br \/>\nProduzido por: Coletivo Descabelo Dura\u00e7\u00e3o: 16\u2019<\/p>\n<p>Movimento #3 (PE)<br \/>\nDire\u00e7\u00e3o: Thiago Merces<br \/>\nProduzido por: V\u00f3rtice Filmes Dura\u00e7\u00e3o: 2\u2019<\/p>\n<p>Metan\u00f3ia (RJ)<br \/>\nDire\u00e7\u00e3o: Frederico Cardoso, Paulo Penteado<br \/>\nProduzido por: Cidadela, Cinemaneiro, Cinema Petisco Dura\u00e7\u00e3o: 2\u2019<\/p>\n<p>Balada para os mortos (RS\/MA)<br \/>\nDire\u00e7\u00e3o: Lucas S\u00e1<br \/>\nProduzido por: MOOD Filmes Dura\u00e7\u00e3o: 21\u2019<\/p>\n<p>Mem\u00f3rias sobre minha m\u00e3e (RJ)<br \/>\nDire\u00e7\u00e3o: Fl\u00e1vio Cabral Dura\u00e7\u00e3o: 4\u2019<\/p>\n<p>Frequ\u00eancias (PE)<br \/>\nDire\u00e7\u00e3o: Adalberto Oliveira Dura\u00e7\u00e3o: 19\u2019<\/p>\n<p>&nbsp;<\/p>\n<h1><b>Dia 31\/05, quarta-feira<\/b><\/h1>\n<div class=\"_2qgs\">\n<div id=\"id_59236f9e3edc24125912440\" class=\"text_exposed_root text_exposed\"><span class=\"text_exposed_show\"><span class=\"text_exposed_show\"><strong>Local: Instituto Hist\u00f3rico Vereador Tom\u00e9 Siqueira Barreto<\/strong><br \/>\nRua Paulo Lins, 41, 25 de Agosto<\/span><\/span><\/div>\n<div class=\"text_exposed_root text_exposed\">\n<p>&nbsp;<\/p>\n<p>14h30min<br \/>\n<strong>Mostra Competitiva de Curtas 5<\/strong><\/p>\n<p>Caleidosc\u00f3pio (CE)<br \/>\nDire\u00e7\u00e3o: Natal Portela Dura\u00e7\u00e3o: 18\u2019<\/p>\n<p>Pai aos 15 (PR)<br \/>\nDire\u00e7\u00e3o: Danilo Cust\u00f3dio<br \/>\nProduzido por: Na Rela Cultural Dura\u00e7\u00e3o: 16\u2019<\/p>\n<p>O Muro da Baixada (RJ)<br \/>\nDire\u00e7\u00e3o: Karla Barros<br \/>\nProduzido por: CGB Filmes Dura\u00e7\u00e3o: 8\u2019<\/p>\n<p>Nem t\u00e3o amigos assim (RJ)<br \/>\nDire\u00e7\u00e3o: Emy Lobo Dura\u00e7\u00e3o: 15\u2019<\/p>\n<p>Altern\u00e2ncia (BA)<br \/>\nDire\u00e7\u00e3o: Geilane de Oliveira Dura\u00e7\u00e3o: 15\u2019<\/p>\n<p><a class=\"_58cn\" href=\"https:\/\/www.facebook.com\/hashtag\/ocupaminc\" data-ft=\"{&quot;tn&quot;:&quot;*N&quot;,&quot;type&quot;:104}\">#OcupaMinc<\/a> (RJ)<br \/>\nDire\u00e7\u00e3o: Lia Bianchini<br \/>\nProduzido por: Canal Pl\u00e1 Dura\u00e7\u00e3o: 2\u2019<\/p>\n<p>Procura-se Irenice (SP)<br \/>\nDire\u00e7\u00e3o: Marco Escriv\u00e3o e Thiago B. Mendon\u00e7a<br \/>\nProduzido por: Mem\u00f3ria Viva Dura\u00e7\u00e3o: 25\u2019<\/p>\n<p>16h<br \/>\n<strong>Mostra Competitiva de Curtas 6<\/strong><\/p>\n<p>Imbilino Vai ao Cinema (GO)<br \/>\nDire\u00e7\u00e3o: Samuel Peregrino<br \/>\nProduzido por: Coletivo Cabe\u00e7a de C\u00e2mera Dura\u00e7\u00e3o: 16\u2019<\/p>\n<p>O Pelad\u00e3o (GO)<br \/>\nDire\u00e7\u00e3o: Jhonier Araujo<br \/>\nProduzido por: Wefa Filmes Dura\u00e7\u00e3o: 15<\/p>\n<p>Passagem (GO)<br \/>\nDire\u00e7\u00e3o: Thomaz Magalh\u00e3es, Ernesto Rheinboldt<br \/>\nProduzido por: Burok\u00ea Filmes Dura\u00e7\u00e3o: 25\u2019<\/p>\n<p>Doces sonhos (RJ)<br \/>\nDire\u00e7\u00e3o: Mac\u00e1rio e Arthur Pereira<br \/>\nProduzido por: AFRORI Dura\u00e7\u00e3o: 20\u2019<\/p>\n<p>M\u00e1quina Paran\u00f3ica (RJ)<br \/>\nDire\u00e7\u00e3o: Jana\u00edna de Castro Alves Dura\u00e7\u00e3o: 10\u2019<\/p>\n<p>Autofagia (PE)<br \/>\nDire\u00e7\u00e3o: Felipe Soares<br \/>\nProduzido por: Lantejoula Filmes Dura\u00e7\u00e3o: 11\u2019<\/p>\n<p>Suco de Mangaba (GO)<br \/>\nDire\u00e7\u00e3o: Weslle Fellippe de Araujo Dura\u00e7\u00e3o: 1\u2019<\/p>\n<p><strong>Local: Lira de Ouro<\/strong><br \/>\n<strong> Jos\u00e9 Ver\u00edssimo, 72- Centro<\/strong><\/p>\n<p>20h<br \/>\nExibi\u00e7\u00e3o dos v\u00eddeos Baixada 1 Minuto<br \/>\nResultado Concurso Baixada 1 Minuto<br \/>\nPr\u00eamio Angu de Ouro &#8211; Resultado do Voto Popular<\/p>\n<p>21h<br \/>\n<strong>Piano Forte<\/strong><br \/>\nDire\u00e7\u00e3o: Anabela Roque<br \/>\nDocument\u00e1rio, 10min, 2017 &#8211; RJ<\/p>\n<p><strong>Armanda<\/strong><br \/>\nDire\u00e7\u00e3o: Liliane Leroux e Rodrigo Dutra<br \/>\nArmanda \u00c1lvaro Alberto foi uma das precursoras do Manifesto dos Pioneiros da Educa\u00e7\u00e3o Nova. Feminista, fundou a Uni\u00e3o Feminina do Brasil e acabou sendo presa pelo governo Vargas. Influenciada pelas ideias de Montessori criou em Duque de Caxias (RJ) a Escola Regional de Meriti, sendo o primeiro col\u00e9gio brasileiro a servir alimenta\u00e7\u00e3o para os estudantes: o famoso mate com angu.<br \/>\nDocument\u00e1rio, 40min, 2017 &#8211; RJ (ESTREIA!!)<\/p>\n<p>Show com <strong>Nego Trio<\/strong>, com participa\u00e7\u00e3o de <strong>Slow DaBF<\/strong><\/p>\n<p><strong>Festa de 15 anos do Mate!<\/strong><\/p>\n<\/div>\n<div class=\"text_exposed_root text_exposed\"><\/div>\n<\/div>\n<p>&nbsp;<\/p>\n","protected":false},"excerpt":{"rendered":"<p>DIA 25\/05, quinta-feira Local: Gomeia Galp\u00e3o Criativo Rua Lauro Neiva, 32. Centro \u2013 Duque de Caxias. 20h Abertura Homenagem a Escola Livre de Cinema de Nova Igua\u00e7u Homenagem a Jean-Claude Bernardet (Presen\u00e7a Confirmada) Homenagem a Erley Jos\u00e9 (Presen\u00e7a Confirmada) 21h O Milagre de Iemanj\u00e1 Dire\u00e7\u00e3o: Erley Jos\u00e9 Document\u00e1rio, 10min, 1979 \u2013 RJ Fome Dire\u00e7\u00e3o: Cristiano &hellip; <\/p>\n<p class=\"link-more\"><a href=\"https:\/\/matecomangu.org\/festival2017\/programacao-completa\/\" class=\"more-link\">Continue lendo<span class=\"screen-reader-text\"> &#8220;PROGRAMA\u00c7\u00c3O COMPLETA&#8221;<\/span><\/a><\/p>\n","protected":false},"author":1,"featured_media":0,"parent":0,"menu_order":0,"comment_status":"closed","ping_status":"closed","template":"","meta":{"footnotes":""},"class_list":["post-207","page","type-page","status-publish","hentry"],"_links":{"self":[{"href":"https:\/\/matecomangu.org\/festival2017\/wp-json\/wp\/v2\/pages\/207","targetHints":{"allow":["GET"]}}],"collection":[{"href":"https:\/\/matecomangu.org\/festival2017\/wp-json\/wp\/v2\/pages"}],"about":[{"href":"https:\/\/matecomangu.org\/festival2017\/wp-json\/wp\/v2\/types\/page"}],"author":[{"embeddable":true,"href":"https:\/\/matecomangu.org\/festival2017\/wp-json\/wp\/v2\/users\/1"}],"replies":[{"embeddable":true,"href":"https:\/\/matecomangu.org\/festival2017\/wp-json\/wp\/v2\/comments?post=207"}],"version-history":[{"count":18,"href":"https:\/\/matecomangu.org\/festival2017\/wp-json\/wp\/v2\/pages\/207\/revisions"}],"predecessor-version":[{"id":280,"href":"https:\/\/matecomangu.org\/festival2017\/wp-json\/wp\/v2\/pages\/207\/revisions\/280"}],"wp:attachment":[{"href":"https:\/\/matecomangu.org\/festival2017\/wp-json\/wp\/v2\/media?parent=207"}],"curies":[{"name":"wp","href":"https:\/\/api.w.org\/{rel}","templated":true}]}}