{"id":209,"date":"2017-05-12T19:44:19","date_gmt":"2017-05-12T22:44:19","guid":{"rendered":"http:\/\/matecomangu.org\/festival2017\/?page_id=209"},"modified":"2017-05-22T20:13:46","modified_gmt":"2017-05-22T23:13:46","slug":"quinta-feira-2505-abertura","status":"publish","type":"page","link":"https:\/\/matecomangu.org\/festival2017\/programacao-completa\/quinta-feira-2505-abertura\/","title":{"rendered":"QUINTA-FEIRA, 25\/05 &#8211; ABERTURA"},"content":{"rendered":"<p><span class=\"_4n-j _fbReactionComponent__eventDetailsContentTags fsl\" data-testid=\"event-permalink-details\">20h<br \/>\nAbertura<\/span><\/p>\n<p>Homenagem a <strong>Escola Livre de Cinema de Nova Igua\u00e7u<\/strong><span class=\"text_exposed_show\"><br \/>\nHomenagem a<strong> Jean-Claude Bernardet<\/strong> (Presen\u00e7a Confirmada)<br \/>\nHomenagem a <strong>Erley Jos\u00e9<\/strong> (Presen\u00e7a Confirmada)<\/span><\/p>\n<p>21h<br \/>\n<strong>O Milagre de Iemanj\u00e1<\/strong><br \/>\nDire\u00e7\u00e3o: Erley Jos\u00e9<br \/>\nDocument\u00e1rio, 10min, 1979 \u2013 RJ<\/p>\n<p><strong>Fome<\/strong><br \/>\nDire\u00e7\u00e3o: Cristiano Burlan<br \/>\nFic\u00e7\u00e3o, 90min, 2016 \u2013 SP<\/p>\n<p>22h40min Festchenha com <strong>DJ Rodrigo Cavalcanti<\/strong><\/p>\n<h1><strong>Local: Gomeia Galp\u00e3o Criativo<\/strong><\/h1>\n<p><strong>Rua Lauro Neiva, 32. Centro &#8211; Duque de Caxias.<\/strong><\/p>\n","protected":false},"excerpt":{"rendered":"<p>20h Abertura Homenagem a Escola Livre de Cinema de Nova Igua\u00e7u Homenagem a Jean-Claude Bernardet (Presen\u00e7a Confirmada) Homenagem a Erley Jos\u00e9 (Presen\u00e7a Confirmada) 21h O Milagre de Iemanj\u00e1 Dire\u00e7\u00e3o: Erley Jos\u00e9 Document\u00e1rio, 10min, 1979 \u2013 RJ Fome Dire\u00e7\u00e3o: Cristiano Burlan Fic\u00e7\u00e3o, 90min, 2016 \u2013 SP 22h40min Festchenha com DJ Rodrigo Cavalcanti Local: Gomeia Galp\u00e3o Criativo &hellip; <\/p>\n<p class=\"link-more\"><a href=\"https:\/\/matecomangu.org\/festival2017\/programacao-completa\/quinta-feira-2505-abertura\/\" class=\"more-link\">Continue lendo<span class=\"screen-reader-text\"> &#8220;QUINTA-FEIRA, 25\/05 &#8211; ABERTURA&#8221;<\/span><\/a><\/p>\n","protected":false},"author":1,"featured_media":0,"parent":207,"menu_order":0,"comment_status":"closed","ping_status":"closed","template":"","meta":{"footnotes":""},"class_list":["post-209","page","type-page","status-publish","hentry"],"_links":{"self":[{"href":"https:\/\/matecomangu.org\/festival2017\/wp-json\/wp\/v2\/pages\/209","targetHints":{"allow":["GET"]}}],"collection":[{"href":"https:\/\/matecomangu.org\/festival2017\/wp-json\/wp\/v2\/pages"}],"about":[{"href":"https:\/\/matecomangu.org\/festival2017\/wp-json\/wp\/v2\/types\/page"}],"author":[{"embeddable":true,"href":"https:\/\/matecomangu.org\/festival2017\/wp-json\/wp\/v2\/users\/1"}],"replies":[{"embeddable":true,"href":"https:\/\/matecomangu.org\/festival2017\/wp-json\/wp\/v2\/comments?post=209"}],"version-history":[{"count":11,"href":"https:\/\/matecomangu.org\/festival2017\/wp-json\/wp\/v2\/pages\/209\/revisions"}],"predecessor-version":[{"id":267,"href":"https:\/\/matecomangu.org\/festival2017\/wp-json\/wp\/v2\/pages\/209\/revisions\/267"}],"up":[{"embeddable":true,"href":"https:\/\/matecomangu.org\/festival2017\/wp-json\/wp\/v2\/pages\/207"}],"wp:attachment":[{"href":"https:\/\/matecomangu.org\/festival2017\/wp-json\/wp\/v2\/media?parent=209"}],"curies":[{"name":"wp","href":"https:\/\/api.w.org\/{rel}","templated":true}]}}