{"id":211,"date":"2017-05-12T19:44:49","date_gmt":"2017-05-12T22:44:49","guid":{"rendered":"http:\/\/matecomangu.org\/festival2017\/?page_id=211"},"modified":"2017-05-22T20:18:01","modified_gmt":"2017-05-22T23:18:01","slug":"sexta-feira-2605","status":"publish","type":"page","link":"https:\/\/matecomangu.org\/festival2017\/programacao-completa\/sexta-feira-2605\/","title":{"rendered":"SEXTA-FEIRA, 26\/05"},"content":{"rendered":"<p><strong>Local: Instituto Hist\u00f3rico Vereador Tom\u00e9 Siqueira Barreto<\/strong><br \/>\nRua Paulo Lins, 41, 25 de Agosto, subsolo da C\u00e2mara dos Vereadores de Duque de Caxias<\/p>\n<p><span class=\"_4n-j _fbReactionComponent__eventDetailsContentTags fsl\" data-testid=\"event-permalink-details\"><span class=\"text_exposed_show\">14h30min<br \/>\n<strong>Minha Escola \u00e9 de Circo<\/strong><br \/>\nDire\u00e7\u00e3o: Carol Vilamaro<br \/>\nDocument\u00e1rio, 18min, 2016 &#8211; RJ<\/p>\n<p><strong><a class=\"_58cn\" href=\"https:\/\/www.facebook.com\/hashtag\/noolhodarua\" data-ft=\"{&quot;tn&quot;:&quot;*N&quot;,&quot;type&quot;:104}\">#Noolhodarua<\/a><\/strong><br \/>\nDire\u00e7\u00e3o: Paulo Penteado (Presen\u00e7a Confirmada)<br \/>\nO filme mostra o dia a dia da arte nas ruas do RJ atrav\u00e9s dos olhares, do trabalhos, das rela\u00e7\u00f5es constru\u00eddas por quatro artistas de rua: um maestro que toca violino, uma artes\u00e3 que escreve em gr\u00e3os de arroz, uma performer e um cineclubista. Al\u00e9m disso, conta com a participa\u00e7\u00e3o do arrebatador Amir Haddad.<br \/>\nProduzido por Cidadela e Cinema Petisco<br \/>\nDocument\u00e1rio, 64 min, cor, Brasil, RJ, 2017 | 14 ANOS<\/p>\n<p>Roda de Conversa: O Artista na Rua.<\/p>\n<p><strong>Local: Gomeia Galp\u00e3o Criativo<\/strong><br \/>\n18h<\/p>\n<p><strong>Sarau da On\u00e7a, a Poesia da Quebrada<\/strong><br \/>\nDire\u00e7\u00e3o: Vinicius Eliz\u00e1rio<br \/>\nDocument\u00e1rio, 25min, 2016, BA.<\/p>\n<p><strong>Deixa na R\u00e9gua<\/strong><br \/>\nDire\u00e7\u00e3o de Em\u00edlio Domingos (Presen\u00e7a Confirmada)<br \/>\nOs sal\u00f5es de barbeiro das favelas e dos sub\u00farbios s\u00e3o os lugares onde a nova est\u00e9tica da periferia nasce e se expande. Ponto de encontro dos jovens, os \u201cbarbeiros\u201d se tornaram espa\u00e7os de troca dessa juventude. Este document\u00e1rio entra nesse universo e, entre cortes, giletes e tesouradas, mostra o que se passa na cabe\u00e7a dos barbeiros e de seus clientes.\u200b<br \/>\nDocument\u00e1rio, 85min, 2016 &#8211; RJ<br \/>\nEXIBI\u00c7\u00c3O COM A PRESEN\u00c7A DO DIRETOR<\/p>\n<p>Ap\u00f3s a sess\u00e3o conversa com os realizadores.<br \/>\nRoda de conversa: As defini\u00e7\u00f5es de imagens do povo est\u00e3o sendo atualizadas<\/p>\n<p>21h<br \/>\n<strong>Mart\u00edrio<\/strong><br \/>\nDire\u00e7\u00e3o: Vincent Carelli, Ernesto de Carvalho e Tita<br \/>\nUma an\u00e1lise da viol\u00eancia sofrida pelo grupo Guarani Kaiow\u00e1, uma das maiores popula\u00e7\u00f5es ind\u00edgenas do Brasil nos dias de hoje e que habita as terras do centro-oeste brasileiro, entrando constantemente em conflito com as for\u00e7as de repress\u00e3o e opress\u00e3o organizadas pelos latifundi\u00e1rios, pecuaristas e fazendeiros locais, que desejam exterminar os \u00edndios e tomar as terras para si.<br \/>\nDocument\u00e1rio, 162min, 2016 &#8211; PE<\/p>\n<p>00h15min<br \/>\nLounge com <strong>DJ Feminoise<\/strong><\/span><\/span><\/p>\n","protected":false},"excerpt":{"rendered":"<p>Local: Instituto Hist\u00f3rico Vereador Tom\u00e9 Siqueira Barreto Rua Paulo Lins, 41, 25 de Agosto, subsolo da C\u00e2mara dos Vereadores de Duque de Caxias 14h30min Minha Escola \u00e9 de Circo Dire\u00e7\u00e3o: Carol Vilamaro Document\u00e1rio, 18min, 2016 &#8211; RJ #Noolhodarua Dire\u00e7\u00e3o: Paulo Penteado (Presen\u00e7a Confirmada) O filme mostra o dia a dia da arte nas ruas do &hellip; <\/p>\n<p class=\"link-more\"><a href=\"https:\/\/matecomangu.org\/festival2017\/programacao-completa\/sexta-feira-2605\/\" class=\"more-link\">Continue lendo<span class=\"screen-reader-text\"> &#8220;SEXTA-FEIRA, 26\/05&#8221;<\/span><\/a><\/p>\n","protected":false},"author":1,"featured_media":0,"parent":207,"menu_order":0,"comment_status":"closed","ping_status":"closed","template":"","meta":{"footnotes":""},"class_list":["post-211","page","type-page","status-publish","hentry"],"_links":{"self":[{"href":"https:\/\/matecomangu.org\/festival2017\/wp-json\/wp\/v2\/pages\/211","targetHints":{"allow":["GET"]}}],"collection":[{"href":"https:\/\/matecomangu.org\/festival2017\/wp-json\/wp\/v2\/pages"}],"about":[{"href":"https:\/\/matecomangu.org\/festival2017\/wp-json\/wp\/v2\/types\/page"}],"author":[{"embeddable":true,"href":"https:\/\/matecomangu.org\/festival2017\/wp-json\/wp\/v2\/users\/1"}],"replies":[{"embeddable":true,"href":"https:\/\/matecomangu.org\/festival2017\/wp-json\/wp\/v2\/comments?post=211"}],"version-history":[{"count":5,"href":"https:\/\/matecomangu.org\/festival2017\/wp-json\/wp\/v2\/pages\/211\/revisions"}],"predecessor-version":[{"id":269,"href":"https:\/\/matecomangu.org\/festival2017\/wp-json\/wp\/v2\/pages\/211\/revisions\/269"}],"up":[{"embeddable":true,"href":"https:\/\/matecomangu.org\/festival2017\/wp-json\/wp\/v2\/pages\/207"}],"wp:attachment":[{"href":"https:\/\/matecomangu.org\/festival2017\/wp-json\/wp\/v2\/media?parent=211"}],"curies":[{"name":"wp","href":"https:\/\/api.w.org\/{rel}","templated":true}]}}