{"id":213,"date":"2017-05-12T19:45:02","date_gmt":"2017-05-12T22:45:02","guid":{"rendered":"http:\/\/matecomangu.org\/festival2017\/?page_id=213"},"modified":"2017-05-22T20:38:23","modified_gmt":"2017-05-22T23:38:23","slug":"sabado-2705","status":"publish","type":"page","link":"https:\/\/matecomangu.org\/festival2017\/programacao-completa\/sabado-2705\/","title":{"rendered":"S\u00c1BADO, 27\/05"},"content":{"rendered":"<p><strong><span class=\"_4n-j _fbReactionComponent__eventDetailsContentTags fsl\" data-testid=\"event-permalink-details\"><span class=\"text_exposed_show\">Local: Instituto Hist\u00f3rico Vereador Tom\u00e9 Siqueira Barreto<\/span><\/span><\/strong><\/p>\n<p>18h30min<\/p>\n<p><strong>Casca de Baob\u00e1<\/strong><br \/>\nDire\u00e7\u00e3o: Mariana Luiza<br \/>\nDocument\u00e1rio, 10min, 2017 &#8211; RJ<\/p>\n<p><strong>Lua em Sagit\u00e1rio<\/strong><br \/>\nDire\u00e7\u00e3o: M\u00e1rcia Para\u00edso<br \/>\nAna tem 17 anos e vive em uma pequena cidade na fronteira do Brasil com a Argentina, um lugar sem sinal de celular, sem internet banda larga e sem op\u00e7\u00f5es de lazer. Seu ref\u00fagio \u00e9 &#8220;A Caverna&#8221;, um misto de lanhouse e sebo de livros e discos, tocada pelo misterioso argentino LP. \u00c9 l\u00e1 que Ana conhece e se apaixona por Murilo, que nasceu e cresceu em um assentamento da reforma agr\u00e1ria. Esse amor proibido a faz fugir na aventura de cruzar o estado de moto para participar de um festival musical.<br \/>\nclassifica\u00e7\u00e3o indicativa: 14 anos<br \/>\nFic\u00e7\u00e3o, 100min, 2016 &#8211; SC<\/p>\n<p>Roda de conversa: Mulheres no Cinema<\/p>\n<p>21h30min<br \/>\n<strong>V\u00eanus \u2013 Fil\u00f3, a Fadinha L\u00e9sbica<\/strong><br \/>\nDire\u00e7\u00e3o: S\u00e1vio Leite<br \/>\nAnima\u00e7\u00e3o, 5min, 2017 &#8211; MG<\/p>\n<p><strong>Arremate<\/strong><br \/>\nDire\u00e7\u00e3o: Ethel Oliveira (Presen\u00e7a Confirmada)<br \/>\nDocument\u00e1rio, 25min, 2017 &#8211; Duque de Caxias &#8211; RJ<\/p>\n<p><strong>Ral\u00e9<\/strong><br \/>\nDire\u00e7\u00e3o: Helena Ignez<br \/>\nDe origem aristocr\u00e1tica e ex-viciado em hero\u00edna, Bar\u00e3o (Ney Matogrosso) decide fundar uma seita ligada aos rituais com ayahuasca, o ch\u00e1 alucin\u00f3geno do Santo Daime. Uma investiga\u00e7\u00e3o sobre a alma brasileira, com reflex\u00f5es sobre quest\u00f5es existenciais, individualidade sexual e direito de liberdade.<br \/>\nProdu\u00e7\u00e3o: Merc\u00fario Filmes<br \/>\nElenco: Ney Matogrosso, Simone Spoladore (Presen\u00e7a Confirmada), Djin Sganzerla, B\u00e1rbara Vida (Presen\u00e7a Confirmada)<br \/>\nFic\u00e7\u00e3o, 73min, 2015 &#8211; RJ<\/p>\n<p>23h30min<br \/>\n<strong>DJ Diego Bion<\/strong><\/p>\n","protected":false},"excerpt":{"rendered":"<p>Local: Instituto Hist\u00f3rico Vereador Tom\u00e9 Siqueira Barreto 18h30min Casca de Baob\u00e1 Dire\u00e7\u00e3o: Mariana Luiza Document\u00e1rio, 10min, 2017 &#8211; RJ Lua em Sagit\u00e1rio Dire\u00e7\u00e3o: M\u00e1rcia Para\u00edso Ana tem 17 anos e vive em uma pequena cidade na fronteira do Brasil com a Argentina, um lugar sem sinal de celular, sem internet banda larga e sem op\u00e7\u00f5es &hellip; <\/p>\n<p class=\"link-more\"><a href=\"https:\/\/matecomangu.org\/festival2017\/programacao-completa\/sabado-2705\/\" class=\"more-link\">Continue lendo<span class=\"screen-reader-text\"> &#8220;S\u00c1BADO, 27\/05&#8221;<\/span><\/a><\/p>\n","protected":false},"author":1,"featured_media":0,"parent":207,"menu_order":0,"comment_status":"closed","ping_status":"closed","template":"","meta":{"footnotes":""},"class_list":["post-213","page","type-page","status-publish","hentry"],"_links":{"self":[{"href":"https:\/\/matecomangu.org\/festival2017\/wp-json\/wp\/v2\/pages\/213","targetHints":{"allow":["GET"]}}],"collection":[{"href":"https:\/\/matecomangu.org\/festival2017\/wp-json\/wp\/v2\/pages"}],"about":[{"href":"https:\/\/matecomangu.org\/festival2017\/wp-json\/wp\/v2\/types\/page"}],"author":[{"embeddable":true,"href":"https:\/\/matecomangu.org\/festival2017\/wp-json\/wp\/v2\/users\/1"}],"replies":[{"embeddable":true,"href":"https:\/\/matecomangu.org\/festival2017\/wp-json\/wp\/v2\/comments?post=213"}],"version-history":[{"count":5,"href":"https:\/\/matecomangu.org\/festival2017\/wp-json\/wp\/v2\/pages\/213\/revisions"}],"predecessor-version":[{"id":284,"href":"https:\/\/matecomangu.org\/festival2017\/wp-json\/wp\/v2\/pages\/213\/revisions\/284"}],"up":[{"embeddable":true,"href":"https:\/\/matecomangu.org\/festival2017\/wp-json\/wp\/v2\/pages\/207"}],"wp:attachment":[{"href":"https:\/\/matecomangu.org\/festival2017\/wp-json\/wp\/v2\/media?parent=213"}],"curies":[{"name":"wp","href":"https:\/\/api.w.org\/{rel}","templated":true}]}}