{"id":215,"date":"2017-05-12T19:45:14","date_gmt":"2017-05-12T22:45:14","guid":{"rendered":"http:\/\/matecomangu.org\/festival2017\/?page_id=215"},"modified":"2017-05-22T20:39:17","modified_gmt":"2017-05-22T23:39:17","slug":"domingo-2805","status":"publish","type":"page","link":"https:\/\/matecomangu.org\/festival2017\/programacao-completa\/domingo-2805\/","title":{"rendered":"DOMINGO, 28\/05"},"content":{"rendered":"<p><span class=\"_4n-j _fbReactionComponent__eventDetailsContentTags fsl\" data-testid=\"event-permalink-details\"><span class=\"text_exposed_show\"><strong>Local: \u201cCampinho do Lote XV\u201d<\/strong><br \/>\nPra\u00e7a Jorge Pinheiro \u2013 Rua Palmira Ferreira<br \/>\nLote XV, Belford Roxo, atr\u00e1s do Motel Gran Via<\/span><\/span><\/p>\n<p><span class=\"_4n-j _fbReactionComponent__eventDetailsContentTags fsl\" data-testid=\"event-permalink-details\"><span class=\"text_exposed_show\">18h30min<br \/>\n<strong>Enquanto durar a bateria<\/strong><br \/>\nDire\u00e7\u00e3o: Chico Serra, RJ, 1min<\/span><\/span><\/p>\n<p><strong>O Olho do C\u00e3o<\/strong><br \/>\nDire\u00e7\u00e3o: Samuel Lobo, RJ, 20min<\/p>\n<p><strong>Big Jato<\/strong><br \/>\nDire\u00e7\u00e3o: Cl\u00e1udio Assis<br \/>\nO menino Francisco passa os dias a acompanhar o pai no trabalho, ou melhor, nas estradas. O homem \u00e9 motorista do imponente Big Jato, um caminh\u00e3o-pipa utilizado para limpar as fossas da cidade sem saneamento b\u00e1sico. Mas o garoto est\u00e1 mais interessado nas ideias do tio, um artista libert\u00e1rio e anarquista. \u00c0 medida que descobre o primeiro amor, Chico percebe a voca\u00e7\u00e3o para se tornar poeta.<br \/>\nFic\u00e7\u00e3o, 93 min, 2016 &#8211; PE<\/p>\n<p><strong><span class=\"_4n-j _fbReactionComponent__eventDetailsContentTags fsl\" data-testid=\"event-permalink-details\"><span class=\"text_exposed_show\">Feira do Troca-Troca com o Coletivo FALA<\/span><\/span><\/strong><\/p>\n","protected":false},"excerpt":{"rendered":"<p>Local: \u201cCampinho do Lote XV\u201d Pra\u00e7a Jorge Pinheiro \u2013 Rua Palmira Ferreira Lote XV, Belford Roxo, atr\u00e1s do Motel Gran Via 18h30min Enquanto durar a bateria Dire\u00e7\u00e3o: Chico Serra, RJ, 1min O Olho do C\u00e3o Dire\u00e7\u00e3o: Samuel Lobo, RJ, 20min Big Jato Dire\u00e7\u00e3o: Cl\u00e1udio Assis O menino Francisco passa os dias a acompanhar o pai &hellip; <\/p>\n<p class=\"link-more\"><a href=\"https:\/\/matecomangu.org\/festival2017\/programacao-completa\/domingo-2805\/\" class=\"more-link\">Continue lendo<span class=\"screen-reader-text\"> &#8220;DOMINGO, 28\/05&#8221;<\/span><\/a><\/p>\n","protected":false},"author":1,"featured_media":0,"parent":207,"menu_order":0,"comment_status":"closed","ping_status":"closed","template":"","meta":{"footnotes":""},"class_list":["post-215","page","type-page","status-publish","hentry"],"_links":{"self":[{"href":"https:\/\/matecomangu.org\/festival2017\/wp-json\/wp\/v2\/pages\/215","targetHints":{"allow":["GET"]}}],"collection":[{"href":"https:\/\/matecomangu.org\/festival2017\/wp-json\/wp\/v2\/pages"}],"about":[{"href":"https:\/\/matecomangu.org\/festival2017\/wp-json\/wp\/v2\/types\/page"}],"author":[{"embeddable":true,"href":"https:\/\/matecomangu.org\/festival2017\/wp-json\/wp\/v2\/users\/1"}],"replies":[{"embeddable":true,"href":"https:\/\/matecomangu.org\/festival2017\/wp-json\/wp\/v2\/comments?post=215"}],"version-history":[{"count":4,"href":"https:\/\/matecomangu.org\/festival2017\/wp-json\/wp\/v2\/pages\/215\/revisions"}],"predecessor-version":[{"id":285,"href":"https:\/\/matecomangu.org\/festival2017\/wp-json\/wp\/v2\/pages\/215\/revisions\/285"}],"up":[{"embeddable":true,"href":"https:\/\/matecomangu.org\/festival2017\/wp-json\/wp\/v2\/pages\/207"}],"wp:attachment":[{"href":"https:\/\/matecomangu.org\/festival2017\/wp-json\/wp\/v2\/media?parent=215"}],"curies":[{"name":"wp","href":"https:\/\/api.w.org\/{rel}","templated":true}]}}