{"id":217,"date":"2017-05-12T19:45:35","date_gmt":"2017-05-12T22:45:35","guid":{"rendered":"http:\/\/matecomangu.org\/festival2017\/?page_id=217"},"modified":"2017-05-22T20:33:42","modified_gmt":"2017-05-22T23:33:42","slug":"segunda-feira-2905","status":"publish","type":"page","link":"https:\/\/matecomangu.org\/festival2017\/programacao-completa\/segunda-feira-2905\/","title":{"rendered":"SEGUNDA-FEIRA, 29\/05"},"content":{"rendered":"<p><strong>Local: Instituto Hist\u00f3rico Vereador Tom\u00e9 Siqueira Barreto<\/strong><\/p>\n<p>14h30min<br \/>\n<strong>Mostra Competitiva de Curtas 1<\/strong><\/p>\n<p>Ilha das Crian\u00e7as (RJ)<br \/>\nDire\u00e7\u00e3o: Zeca Ferreira<br \/>\nProduzido por: Afinal Filmes Dura\u00e7\u00e3o: 13\u2019<\/p>\n<p>Ao fruto que est\u00e1 para nascer (MG)<br \/>\nDire\u00e7\u00e3o: Philippe Urvoy<br \/>\nProduzido por: Coletivo Vira Lata Dura\u00e7\u00e3o: 14\u2019<\/p>\n<p>Algo do que fica (GO)<br \/>\nDire\u00e7\u00e3o: Benedito Ferreira<br \/>\nProduzido por: Est\u00fadio B\u00e3o Dura\u00e7\u00e3o: 23\u2019<\/p>\n<p>Um trem para Austin \u2013 Caso Mateus (RJ)<br \/>\nDire\u00e7\u00e3o: Andr\u00e9 Migu\u00e9is e Paula Kossatz Dura\u00e7\u00e3o: 13\u2019<\/p>\n<p>Tambores Afro-uruguaios (RJ)<br \/>\nDire\u00e7\u00e3o: Naouel Laamiri, Rafael Ferreira<br \/>\nProduzido por: TV Cai\u00e7ara Dura\u00e7\u00e3o: 13\u2019<\/p>\n<p>O Sol h\u00e1 de brilhar (MG)<br \/>\nDire\u00e7\u00e3o: Marinho Antunes<br \/>\nProduzido por: Coletivo Casa do Ator Dura\u00e7\u00e3o: 20\u2019<\/p>\n<p>16h<br \/>\n<strong>Mostra Competitiva de Curtas 2<\/strong><\/p>\n<p>Estranho \u00cdmpar (SP)<br \/>\nDire\u00e7\u00e3o: Beto Oliveira<br \/>\nProduzido por: Frame7 Cinema Dura\u00e7\u00e3o: 15\u2019<\/p>\n<p>Casa do V\u00f4 (RJ)<br \/>\nDire\u00e7\u00e3o: Ma\u00edra Matos &amp; Sofia Guimar\u00e3es Dura\u00e7\u00e3o: 8\u2019<\/p>\n<p>Do Port\u00e3o pra Fora (SP)<br \/>\nDirec\u00e3o: Let\u00edcia Bina<br \/>\nProduzido por: Centro Universit\u00e1rio Senac Dura\u00e7\u00e3o: 17\u2019<\/p>\n<p>E o Galo Cantou (GO)<br \/>\nDire\u00e7\u00e3o: Daniel Calil<br \/>\nProduzido por: Pira Filmes e Produ\u00e7\u00f5es Dura\u00e7\u00e3o: 23\u2019<\/p>\n<p>Wesdra, o passageiro da agonia (RJ)<br \/>\nDire\u00e7\u00e3o: Armando Lima e Christian Caselli<br \/>\nProduzido por: MFL Dura\u00e7\u00e3o: 9\u2019<\/p>\n<p>As Ondas (RJ)<br \/>\nDire\u00e7\u00e3o: Juliano Gomes e L\u00e9o Bittencourt<br \/>\nProduzido por: Fauna Dura\u00e7\u00e3o: 13&#8242;<\/p>\n","protected":false},"excerpt":{"rendered":"<p>Local: Instituto Hist\u00f3rico Vereador Tom\u00e9 Siqueira Barreto 14h30min Mostra Competitiva de Curtas 1 Ilha das Crian\u00e7as (RJ) Dire\u00e7\u00e3o: Zeca Ferreira Produzido por: Afinal Filmes Dura\u00e7\u00e3o: 13\u2019 Ao fruto que est\u00e1 para nascer (MG) Dire\u00e7\u00e3o: Philippe Urvoy Produzido por: Coletivo Vira Lata Dura\u00e7\u00e3o: 14\u2019 Algo do que fica (GO) Dire\u00e7\u00e3o: Benedito Ferreira Produzido por: Est\u00fadio B\u00e3o &hellip; <\/p>\n<p class=\"link-more\"><a href=\"https:\/\/matecomangu.org\/festival2017\/programacao-completa\/segunda-feira-2905\/\" class=\"more-link\">Continue lendo<span class=\"screen-reader-text\"> &#8220;SEGUNDA-FEIRA, 29\/05&#8221;<\/span><\/a><\/p>\n","protected":false},"author":1,"featured_media":0,"parent":207,"menu_order":0,"comment_status":"closed","ping_status":"closed","template":"","meta":{"footnotes":""},"class_list":["post-217","page","type-page","status-publish","hentry"],"_links":{"self":[{"href":"https:\/\/matecomangu.org\/festival2017\/wp-json\/wp\/v2\/pages\/217","targetHints":{"allow":["GET"]}}],"collection":[{"href":"https:\/\/matecomangu.org\/festival2017\/wp-json\/wp\/v2\/pages"}],"about":[{"href":"https:\/\/matecomangu.org\/festival2017\/wp-json\/wp\/v2\/types\/page"}],"author":[{"embeddable":true,"href":"https:\/\/matecomangu.org\/festival2017\/wp-json\/wp\/v2\/users\/1"}],"replies":[{"embeddable":true,"href":"https:\/\/matecomangu.org\/festival2017\/wp-json\/wp\/v2\/comments?post=217"}],"version-history":[{"count":4,"href":"https:\/\/matecomangu.org\/festival2017\/wp-json\/wp\/v2\/pages\/217\/revisions"}],"predecessor-version":[{"id":282,"href":"https:\/\/matecomangu.org\/festival2017\/wp-json\/wp\/v2\/pages\/217\/revisions\/282"}],"up":[{"embeddable":true,"href":"https:\/\/matecomangu.org\/festival2017\/wp-json\/wp\/v2\/pages\/207"}],"wp:attachment":[{"href":"https:\/\/matecomangu.org\/festival2017\/wp-json\/wp\/v2\/media?parent=217"}],"curies":[{"name":"wp","href":"https:\/\/api.w.org\/{rel}","templated":true}]}}