{"id":221,"date":"2017-05-12T19:46:14","date_gmt":"2017-05-12T22:46:14","guid":{"rendered":"http:\/\/matecomangu.org\/festival2017\/?page_id=221"},"modified":"2017-05-22T20:36:29","modified_gmt":"2017-05-22T23:36:29","slug":"quarta-feira-3105-encerramento-festa-15-anos","status":"publish","type":"page","link":"https:\/\/matecomangu.org\/festival2017\/programacao-completa\/quarta-feira-3105-encerramento-festa-15-anos\/","title":{"rendered":"QUARTA-FEIRA, 31\/05 &#8211; ENCERRAMENTO &#8211; FESTA 15 ANOS"},"content":{"rendered":"<div id=\"id_59236f9e3edc24125912440\" class=\"text_exposed_root text_exposed\"><span class=\"text_exposed_show\"><strong>Local: Instituto Hist\u00f3rico Vereador Tom\u00e9 Siqueira Barreto<\/strong><br \/>\nRua Paulo Lins, 41, 25 de Agosto<\/span><\/div>\n<div class=\"text_exposed_root text_exposed\">\n<p>&nbsp;<\/p>\n<p>14h30min<br \/>\n<strong>Mostra Competitiva de Curtas 5<\/strong><\/p>\n<p>Caleidosc\u00f3pio (CE)<br \/>\nDire\u00e7\u00e3o: Natal Portela Dura\u00e7\u00e3o: 18\u2019<\/p>\n<p>Pai aos 15 (PR)<br \/>\nDire\u00e7\u00e3o: Danilo Cust\u00f3dio<br \/>\nProduzido por: Na Rela Cultural Dura\u00e7\u00e3o: 16\u2019<\/p>\n<p>O Muro da Baixada (RJ)<br \/>\nDire\u00e7\u00e3o: Karla Barros<br \/>\nProduzido por: CGB Filmes Dura\u00e7\u00e3o: 8\u2019<\/p>\n<p>Nem t\u00e3o amigos assim (RJ)<br \/>\nDire\u00e7\u00e3o: Emy Lobo Dura\u00e7\u00e3o: 15\u2019<\/p>\n<p>Altern\u00e2ncia (BA)<br \/>\nDire\u00e7\u00e3o: Geilane de Oliveira Dura\u00e7\u00e3o: 15\u2019<\/p>\n<p><a class=\"_58cn\" href=\"https:\/\/www.facebook.com\/hashtag\/ocupaminc\" data-ft=\"{&quot;tn&quot;:&quot;*N&quot;,&quot;type&quot;:104}\">#OcupaMinc<\/a> (RJ)<br \/>\nDire\u00e7\u00e3o: Lia Bianchini<br \/>\nProduzido por: Canal Pl\u00e1 Dura\u00e7\u00e3o: 2\u2019<\/p>\n<p>Procura-se Irenice (SP)<br \/>\nDire\u00e7\u00e3o: Marco Escriv\u00e3o e Thiago B. Mendon\u00e7a<br \/>\nProduzido por: Mem\u00f3ria Viva Dura\u00e7\u00e3o: 25\u2019<\/p>\n<p>16h<br \/>\n<strong>Mostra Competitiva de Curtas 6<\/strong><\/p>\n<p>Imbilino Vai ao Cinema (GO)<br \/>\nDire\u00e7\u00e3o: Samuel Peregrino<br \/>\nProduzido por: Coletivo Cabe\u00e7a de C\u00e2mera Dura\u00e7\u00e3o: 16\u2019<\/p>\n<p>O Pelad\u00e3o (GO)<br \/>\nDire\u00e7\u00e3o: Jhonier Araujo<br \/>\nProduzido por: Wefa Filmes Dura\u00e7\u00e3o: 15<\/p>\n<p>Passagem (GO)<br \/>\nDire\u00e7\u00e3o: Thomaz Magalh\u00e3es, Ernesto Rheinboldt<br \/>\nProduzido por: Burok\u00ea Filmes Dura\u00e7\u00e3o: 25\u2019<\/p>\n<p>Doces sonhos (RJ)<br \/>\nDire\u00e7\u00e3o: Mac\u00e1rio e Arthur Pereira<br \/>\nProduzido por: AFRORI Dura\u00e7\u00e3o: 20\u2019<\/p>\n<p>M\u00e1quina Paran\u00f3ica (RJ)<br \/>\nDire\u00e7\u00e3o: Jana\u00edna de Castro Alves Dura\u00e7\u00e3o: 10\u2019<\/p>\n<p>Autofagia (PE)<br \/>\nDire\u00e7\u00e3o: Felipe Soares<br \/>\nProduzido por: Lantejoula Filmes Dura\u00e7\u00e3o: 11\u2019<\/p>\n<p>Suco de Mangaba (GO)<br \/>\nDire\u00e7\u00e3o: Weslle Fellippe de Araujo Dura\u00e7\u00e3o: 1\u2019<\/p>\n<p>&nbsp;<\/p>\n<p><strong>Local: Lira de Ouro<\/strong><br \/>\n<strong>Jos\u00e9 Ver\u00edssimo, 72- Centro<\/strong><\/p>\n<p>20h<br \/>\nExibi\u00e7\u00e3o dos v\u00eddeos Baixada 1 Minuto<br \/>\nResultado Concurso Baixada 1 Minuto<br \/>\nPr\u00eamio Angu de Ouro &#8211; Resultado do Voto Popular<\/p>\n<p>21h<br \/>\n<strong>Piano Forte<\/strong><br \/>\nDire\u00e7\u00e3o: Anabela Roque<br \/>\nDocument\u00e1rio, 10min, 2017 &#8211; RJ<\/p>\n<p><strong>Armanda<\/strong><br \/>\nDire\u00e7\u00e3o: Liliane Leroux e Rodrigo Dutra<br \/>\nArmanda \u00c1lvaro Alberto foi uma das precursoras do Manifesto dos Pioneiros da Educa\u00e7\u00e3o Nova. Feminista, fundou a Uni\u00e3o Feminina do Brasil e acabou sendo presa pelo governo Vargas. Influenciada pelas ideias de Montessori criou em Duque de Caxias (RJ) a Escola Regional de Meriti, sendo o primeiro col\u00e9gio brasileiro a servir alimenta\u00e7\u00e3o para os estudantes: o famoso mate com angu.<br \/>\nDocument\u00e1rio, 40min, 2017 &#8211; RJ (ESTREIA!!)<\/p>\n<p>Show com <strong>Nego Trio<\/strong>, com participa\u00e7\u00e3o de <strong>Slow DaBF<\/strong><\/p>\n<p><strong>Festa de 15 anos do Mate!<\/strong><\/p>\n<\/div>\n","protected":false},"excerpt":{"rendered":"<p>Local: Instituto Hist\u00f3rico Vereador Tom\u00e9 Siqueira Barreto Rua Paulo Lins, 41, 25 de Agosto &nbsp; 14h30min Mostra Competitiva de Curtas 5 Caleidosc\u00f3pio (CE) Dire\u00e7\u00e3o: Natal Portela Dura\u00e7\u00e3o: 18\u2019 Pai aos 15 (PR) Dire\u00e7\u00e3o: Danilo Cust\u00f3dio Produzido por: Na Rela Cultural Dura\u00e7\u00e3o: 16\u2019 O Muro da Baixada (RJ) Dire\u00e7\u00e3o: Karla Barros Produzido por: CGB Filmes Dura\u00e7\u00e3o: &hellip; <\/p>\n<p class=\"link-more\"><a href=\"https:\/\/matecomangu.org\/festival2017\/programacao-completa\/quarta-feira-3105-encerramento-festa-15-anos\/\" class=\"more-link\">Continue lendo<span class=\"screen-reader-text\"> &#8220;QUARTA-FEIRA, 31\/05 &#8211; ENCERRAMENTO &#8211; FESTA 15 ANOS&#8221;<\/span><\/a><\/p>\n","protected":false},"author":1,"featured_media":0,"parent":207,"menu_order":0,"comment_status":"closed","ping_status":"closed","template":"","meta":{"footnotes":""},"class_list":["post-221","page","type-page","status-publish","hentry"],"_links":{"self":[{"href":"https:\/\/matecomangu.org\/festival2017\/wp-json\/wp\/v2\/pages\/221","targetHints":{"allow":["GET"]}}],"collection":[{"href":"https:\/\/matecomangu.org\/festival2017\/wp-json\/wp\/v2\/pages"}],"about":[{"href":"https:\/\/matecomangu.org\/festival2017\/wp-json\/wp\/v2\/types\/page"}],"author":[{"embeddable":true,"href":"https:\/\/matecomangu.org\/festival2017\/wp-json\/wp\/v2\/users\/1"}],"replies":[{"embeddable":true,"href":"https:\/\/matecomangu.org\/festival2017\/wp-json\/wp\/v2\/comments?post=221"}],"version-history":[{"count":3,"href":"https:\/\/matecomangu.org\/festival2017\/wp-json\/wp\/v2\/pages\/221\/revisions"}],"predecessor-version":[{"id":283,"href":"https:\/\/matecomangu.org\/festival2017\/wp-json\/wp\/v2\/pages\/221\/revisions\/283"}],"up":[{"embeddable":true,"href":"https:\/\/matecomangu.org\/festival2017\/wp-json\/wp\/v2\/pages\/207"}],"wp:attachment":[{"href":"https:\/\/matecomangu.org\/festival2017\/wp-json\/wp\/v2\/media?parent=221"}],"curies":[{"name":"wp","href":"https:\/\/api.w.org\/{rel}","templated":true}]}}