{"id":307,"date":"2025-11-21T18:11:55","date_gmt":"2025-11-21T21:11:55","guid":{"rendered":"https:\/\/matecomangu.org\/festival2017\/?page_id=307"},"modified":"2025-11-21T18:16:01","modified_gmt":"2025-11-21T21:16:01","slug":"ficha-tecnica","status":"publish","type":"page","link":"https:\/\/matecomangu.org\/festival2017\/ficha-tecnica\/","title":{"rendered":"FICHA T\u00c9CNICA"},"content":{"rendered":"\n<figure class=\"wp-block-image size-large\"><img loading=\"lazy\" decoding=\"async\" width=\"1024\" height=\"388\" src=\"https:\/\/matecomangu.org\/festival2017\/wp-content\/uploads\/2025\/11\/festival2017-cabeca-1024x388.jpg\" alt=\"\" class=\"wp-image-308\" srcset=\"https:\/\/matecomangu.org\/festival2017\/wp-content\/uploads\/2025\/11\/festival2017-cabeca-1024x388.jpg 1024w, https:\/\/matecomangu.org\/festival2017\/wp-content\/uploads\/2025\/11\/festival2017-cabeca-300x114.jpg 300w, https:\/\/matecomangu.org\/festival2017\/wp-content\/uploads\/2025\/11\/festival2017-cabeca-768x291.jpg 768w, https:\/\/matecomangu.org\/festival2017\/wp-content\/uploads\/2025\/11\/festival2017-cabeca.jpg 1173w\" sizes=\"auto, (max-width: 767px) 89vw, (max-width: 1000px) 54vw, (max-width: 1071px) 543px, 580px\" \/><\/figure>\n\n\n\n<p>Produ\u00e7\u00e3o Executiva: Terreiro de Ideias: Arte, Comunica\u00e7\u00e3o, Cultura<\/p>\n\n\n\n<p>Produ\u00e7\u00e3o: Dani Francisco, Igor Barradas, Giordana Moreira, Isis Perdig\u00e3o, Lucas Bileski, Marcelo Lima Amenduim\u00a0<\/p>\n\n\n\n<p>Pesquisa e Curadoria: Heraldo HB, Igor Barradas, Isis Perdig\u00e3o, Luisa Godoy Pitanga, Sabrina Bitencourt&nbsp;<\/p>\n\n\n\n<p>Textos: Geo Abreu, Heraldo HB, Igor Barradas, Luisa Godoy Pitanga, Yasmin Thayn\u00e1<\/p>\n\n\n\n<p>Comunica\u00e7\u00e3o: Dani Francisco, Heraldo HB, Wallace Patroc\u00ednio<\/p>\n\n\n\n<p>Mobiliza\u00e7\u00e3o e Divulga\u00e7\u00e3o: Rafael Pereira, Tadeu Lima<\/p>\n\n\n\n<p>Site: Heraldo HB<\/p>\n\n\n\n<p>Cobertura Fotogr\u00e1fica: Igor Freitas Lima<\/p>\n\n\n\n<p>Cobertura Audiovisual: Canal Pl\u00e1, Cinema de Guerrilha da Baixada, Coletivo Voz Urbana<\/p>\n\n\n\n<p>Vinhetas: Igor Cabral, Rodrigo Cavalcanti<\/p>\n\n\n\n<p>Arte Gr\u00e1fica: Andr\u00e9 Prestor<\/p>\n\n\n\n<p>T\u00e9cnica de Proje\u00e7\u00e3o e Logger: Arthur Waite<\/p>\n\n\n\n<p>Produ\u00e7\u00e3o T\u00e9cnica: Jon Thomaz<\/p>\n\n\n\n<p>Trof\u00e9u Angu de Ouro: M\u00e1rcia Zatorre<\/p>\n\n\n\n<p><em>O cineclube Mate Com Angu \u00e9 filiado \u00e0 Ascine-RJ (Associa\u00e7\u00e3o de Cineclubes do Estado do Rio de Janeiro) e \u00e9 integrante do Gomeia Galp\u00e3o Criativo.<\/em><\/p>\n\n\n\n<p><\/p>\n","protected":false},"excerpt":{"rendered":"<p>Produ\u00e7\u00e3o Executiva: Terreiro de Ideias: Arte, Comunica\u00e7\u00e3o, Cultura Produ\u00e7\u00e3o: Dani Francisco, Igor Barradas, Giordana Moreira, Isis Perdig\u00e3o, Lucas Bileski, Marcelo Lima Amenduim\u00a0 Pesquisa e Curadoria: Heraldo HB, Igor Barradas, Isis Perdig\u00e3o, Luisa Godoy Pitanga, Sabrina Bitencourt&nbsp; Textos: Geo Abreu, Heraldo HB, Igor Barradas, Luisa Godoy Pitanga, Yasmin Thayn\u00e1 Comunica\u00e7\u00e3o: Dani Francisco, Heraldo HB, Wallace Patroc\u00ednio &hellip; <\/p>\n<p class=\"link-more\"><a href=\"https:\/\/matecomangu.org\/festival2017\/ficha-tecnica\/\" class=\"more-link\">Continue lendo<span class=\"screen-reader-text\"> &#8220;FICHA T\u00c9CNICA&#8221;<\/span><\/a><\/p>\n","protected":false},"author":1,"featured_media":0,"parent":0,"menu_order":0,"comment_status":"closed","ping_status":"closed","template":"","meta":{"footnotes":""},"class_list":["post-307","page","type-page","status-publish","hentry"],"_links":{"self":[{"href":"https:\/\/matecomangu.org\/festival2017\/wp-json\/wp\/v2\/pages\/307","targetHints":{"allow":["GET"]}}],"collection":[{"href":"https:\/\/matecomangu.org\/festival2017\/wp-json\/wp\/v2\/pages"}],"about":[{"href":"https:\/\/matecomangu.org\/festival2017\/wp-json\/wp\/v2\/types\/page"}],"author":[{"embeddable":true,"href":"https:\/\/matecomangu.org\/festival2017\/wp-json\/wp\/v2\/users\/1"}],"replies":[{"embeddable":true,"href":"https:\/\/matecomangu.org\/festival2017\/wp-json\/wp\/v2\/comments?post=307"}],"version-history":[{"count":3,"href":"https:\/\/matecomangu.org\/festival2017\/wp-json\/wp\/v2\/pages\/307\/revisions"}],"predecessor-version":[{"id":313,"href":"https:\/\/matecomangu.org\/festival2017\/wp-json\/wp\/v2\/pages\/307\/revisions\/313"}],"wp:attachment":[{"href":"https:\/\/matecomangu.org\/festival2017\/wp-json\/wp\/v2\/media?parent=307"}],"curies":[{"name":"wp","href":"https:\/\/api.w.org\/{rel}","templated":true}]}}