{"id":116,"date":"2022-10-07T18:21:14","date_gmt":"2022-10-07T18:21:14","guid":{"rendered":"https:\/\/matecomangu.org\/festival4\/?page_id=116"},"modified":"2022-11-03T21:26:58","modified_gmt":"2022-11-03T21:26:58","slug":"locais","status":"publish","type":"page","link":"https:\/\/matecomangu.org\/festival4\/locais\/","title":{"rendered":"LOCAIS"},"content":{"rendered":"<h3 style=\"text-align: left;\"><strong>GOMEIA GALP\u00c3O CRIATIVO<\/strong><\/h3>\n<p style=\"text-align: left;\">Esse ano o Gomeia completou sete anos de funcionamento. \u00c9 um espa\u00e7o cultural plural que re\u00fane grupos que trabalham com produ\u00e7\u00e3o cultural, audiovisual, comunica\u00e7\u00e3o, cidadania e cultura digital.<br \/>\nO Gomeia vai ter atividades dias 11 e 12 de novembro, \u00e0s 20h.<br \/>\nSexta-feira, dia 11, tem exibi\u00e7\u00e3o do longa Marte Um e s\u00e1bado, dia 12, a sess\u00e3o especial de vinte anos do Mate e ainda a Festa Vintona, com show da banda Gente Estranha no Jardim e DJ Rodrigo Cavalcanti.<br \/>\nEndere\u00e7o: Rua Dr. Lauro Neiva, 32, centro de Caxias.<br \/>\nDias 11 e 12 de novembro, a partir das 20h<\/p>\n<h3 style=\"text-align: left;\"><strong>MUSEU CI\u00caNCIA E VIDA<\/strong><\/h3>\n<p class=\"western\" align=\"left\">Lugar muito maneiro em Caxias, o Museu fica no bairro 25 de Agosto e atua como um espa\u00e7o de divulga\u00e7\u00e3o e populariza\u00e7\u00e3o da ci\u00eancia, al\u00e9m de oferecer atividades de apoio a escolas da regi\u00e3o. O Museu vai receber a Mostra Competitiva de Curtas, dias 09, 10 e 11 de novembro, com duas sess\u00f5es, 14h e 15h30min.<br \/>\nEndere\u00e7o: R. A\u00edlton da Costa, S\/N &#8211; Jardim Vinte e Cinco de Agosto.<\/p>\n<h3 style=\"text-align: left;\"><strong>FACULDADE DE EDUCA\u00c7\u00c3O DA BAIXADA FLUMINENSE (FEBF\/UERJ)<\/strong><\/h3>\n<p style=\"text-align: left;\">A FEBF \u2013 Faculdade de Educa\u00e7\u00e3o da Baixada Fluminense \u00e9 a presen\u00e7a da UERJ na Baixada Fluminense, mais especificamente em Caxias.<br \/>\nA unidade vai receber uma sess\u00e3o de curtas e uma roda de conversa no dia 10 de novembro, \u00e0s 19h.<br \/>\nEndere\u00e7o: R. Gen. Manoel Rabelo, s\/n, Vila S\u00e3o Lu\u00eds<\/p>\n<h3 style=\"text-align: left;\"><strong>BLOCO CARNAVALESCO IMP\u00c9RIO DO GRAMACHO<\/strong><\/h3>\n<p style=\"text-align: left;\">O Imp\u00e9rio \u00e9 dos blocos de enredo mais tradicionais do Rio de Janeiro, com mais de cinquenta anos de exist\u00eancia. Sua quadra \u00e9 um importante ponto cultural na regi\u00e3o.<br \/>\nDomingo, dia 13, tem sess\u00e3o especial l\u00e1, a partir das 18h.<br \/>\nEndere\u00e7o: rua Pedro Lessa, 110, Gramacho.<\/p>\n<h3 style=\"text-align: left;\"><strong>CINEMATECA DO MUSEU DE ARTE MODERNA (MAM)<\/strong><\/h3>\n<p style=\"text-align: left;\">Centro cultural reconhecido internacionalmente com uma cole\u00e7\u00e3o de imagens hist\u00f3ricas e festivais de cinema. A Cinemateca \u00e9 aquela salinha de Cinema que \u00e9 deleite garantido.<br \/>\nNa ter\u00e7a-feira, dia 15, o MAM recebe uma sess\u00e3o panorama de curtas da Baixada, a partir das 16h.<br \/>\nEndere\u00e7o: Av. Infante Dom Henrique, 85 &#8211; Praia do Flamengo, Rio de Janeiro.<\/p>\n<h3><\/h3>\n<h3 style=\"text-align: left;\">TODAS AS ATIVIDADES DO FESTIVAL S\u00c3O COM ENTRADA FRANCA<\/h3>\n","protected":false},"excerpt":{"rendered":"<p>GOMEIA GALP\u00c3O CRIATIVO Esse ano o Gomeia completou sete anos de funcionamento. \u00c9 um espa\u00e7o cultural plural que re\u00fane grupos que trabalham com produ\u00e7\u00e3o cultural, audiovisual, comunica\u00e7\u00e3o, cidadania e cultura digital. O Gomeia vai ter atividades dias 11 e 12 de novembro, \u00e0s 20h. Sexta-feira, dia 11, tem exibi\u00e7\u00e3o do longa Marte Um e s\u00e1bado,&hellip; <br \/> <a class=\"button small blue\" href=\"https:\/\/matecomangu.org\/festival4\/locais\/\">Leia mais<\/a><\/p>\n","protected":false},"author":1,"featured_media":0,"parent":0,"menu_order":0,"comment_status":"closed","ping_status":"closed","template":"","meta":{"footnotes":""},"class_list":["post-116","page","type-page","status-publish","hentry"],"featured_image_src":null,"_links":{"self":[{"href":"https:\/\/matecomangu.org\/festival4\/wp-json\/wp\/v2\/pages\/116","targetHints":{"allow":["GET"]}}],"collection":[{"href":"https:\/\/matecomangu.org\/festival4\/wp-json\/wp\/v2\/pages"}],"about":[{"href":"https:\/\/matecomangu.org\/festival4\/wp-json\/wp\/v2\/types\/page"}],"author":[{"embeddable":true,"href":"https:\/\/matecomangu.org\/festival4\/wp-json\/wp\/v2\/users\/1"}],"replies":[{"embeddable":true,"href":"https:\/\/matecomangu.org\/festival4\/wp-json\/wp\/v2\/comments?post=116"}],"version-history":[{"count":8,"href":"https:\/\/matecomangu.org\/festival4\/wp-json\/wp\/v2\/pages\/116\/revisions"}],"predecessor-version":[{"id":185,"href":"https:\/\/matecomangu.org\/festival4\/wp-json\/wp\/v2\/pages\/116\/revisions\/185"}],"wp:attachment":[{"href":"https:\/\/matecomangu.org\/festival4\/wp-json\/wp\/v2\/media?parent=116"}],"curies":[{"name":"wp","href":"https:\/\/api.w.org\/{rel}","templated":true}]}}