{"id":157,"date":"2022-11-03T20:18:51","date_gmt":"2022-11-03T20:18:51","guid":{"rendered":"https:\/\/matecomangu.org\/festival4\/?page_id=157"},"modified":"2022-11-15T15:23:10","modified_gmt":"2022-11-15T15:23:10","slug":"programacao","status":"publish","type":"page","link":"https:\/\/matecomangu.org\/festival4\/programacao\/","title":{"rendered":"PROGRAMA\u00c7\u00c3O"},"content":{"rendered":"<h3 style=\"text-align: left;\"><span style=\"color: #ff0000;\">DIA 09\/11 &#8211; QUARTA-FEIRA<\/span><\/h3>\n<h3 style=\"text-align: left;\">Museu Ci\u00eancia e Vida<\/h3>\n<h4 style=\"text-align: left;\"><strong>Competitiva 1<\/strong><br \/>\n<strong>Hora: 14h<\/strong><\/h4>\n<p style=\"text-align: left;\">Manh\u00e3 de Domingo (RJ)<br \/>\nDire\u00e7\u00e3o: Bruno Ribeiro<br \/>\nFic\u00e7\u00e3o &#8211; 2022 &#8211; 24&#8217;54&#8217;.<\/p>\n<p style=\"text-align: left;\">Nascente (BA)<br \/>\nDire\u00e7\u00e3o: Safira Moreira<br \/>\nDocument\u00e1rio &#8211; 2020 &#8211;\u00a0 05&#8217;54&#8221;<\/p>\n<p style=\"text-align: left;\">Odisseia Fluminense (RJ)<br \/>\nDire\u00e7\u00e3o: Mateus Carvalho<br \/>\nFic\u00e7\u00e3o &#8211; 2022 &#8211; 15&#8217;13&#8221;<br \/>\n#bxdfilma<\/p>\n<p style=\"text-align: left;\"><span data-sheets-formula-bar-text-style=\"font-size:13px;color:#000000;font-weight:normal;text-decoration:none;font-family:'docs-Arial Narrow';font-style:normal;text-decoration-skip-ink:none;\">De um Lado do Atl\u00e2ntico<\/span> (RJ)<br \/>\nDire\u00e7\u00e3o: Milena Manfredini<br \/>\n7&#8217;05&#8221;<\/p>\n<p style=\"text-align: left;\">Nicinha N\u00e3o V\u00eam (RJ)<br \/>\nDire\u00e7\u00e3o: Muriel Alves<br \/>\nDocument\u00e1rio &#8211; 2022 &#8211; 04&#8217;09&#8221;<br \/>\n#bxdfilma<\/p>\n<p style=\"text-align: left;\">Neguinho (RJ)<br \/>\nDire\u00e7\u00e3o: Mar\u00e7al Vianna<br \/>\nFic\u00e7\u00e3o &#8211; 2020 &#8211; 20&#8217;22&#8221;<br \/>\n#bxdfilma<\/p>\n<h4 style=\"text-align: left;\">Competitiva 2<br \/>\nHora: 15h30min<\/h4>\n<p style=\"text-align: left;\">A Nave de Man\u00e9 Soc\u00f3 (PE)<br \/>\nDire\u00e7\u00e3o: Severino D\u00e1da<br \/>\nFic\u00e7\u00e3o &#8211; 2021 &#8211; 18&#8217;03&#8221;<\/p>\n<p style=\"text-align: left;\">Suellen e a di\u00e1spora perif\u00e9rica (MG)<br \/>\nDire\u00e7\u00e3o: Renata Dorea<br \/>\nDocument\u00e1rio &#8211; 2020 &#8211; 04&#8217;00&#8221;<\/p>\n<p style=\"text-align: left;\">L.G.BAIXADA.T (RJ)<br \/>\nDire\u00e7\u00e3o Arthur Fontes<br \/>\nDocument\u00e1rio &#8211; 2019 &#8211; 19&#8217;47&#8221;<br \/>\n#bxdfilma<\/p>\n<p style=\"text-align: left;\">BXD Existe (RJ)<br \/>\nDire\u00e7\u00e3o: P\u00e2mela Ohnitram<br \/>\nVideoclipe &#8211; 2021 &#8211; 03&#8217;50&#8221;<br \/>\n#bxdfilma<\/p>\n<p style=\"text-align: left;\">Caxiense FC (RJ)<br \/>\nDire\u00e7\u00e3o: Marcos Gabriel Farias<br \/>\nFic\u00e7\u00e3o &#8211; 2022 &#8211; 20&#8217;33&#8221;<br \/>\n#bxdfilma<\/p>\n<p style=\"text-align: left;\">Pinjawuli: O veneno me alcan\u00e7ou (MT)<br \/>\nDire\u00e7\u00e3o: Bih Kezo<br \/>\nFic\u00e7\u00e3o\/Document\u00e1rio &#8211; 2021 &#8211; 02&#8217;21&#8221;<\/p>\n<p style=\"text-align: left;\">Caminhos Afro Diasp\u00f3ricos do Rec\u00f4ncavo da Guanabara (RJ)<br \/>\nDire\u00e7\u00e3o: Wagner Novais<br \/>\nFic\u00e7\u00e3o\/Document\u00e1rio &#8211; 2022 \u2013 20&#8217;00&#8221;<\/p>\n<p>&nbsp;<\/p>\n<h3 style=\"text-align: left;\"><span style=\"color: #ff0000;\">DIA 10\/11 &#8211; QUINTA-FEIRA<\/span><\/h3>\n<h3 style=\"text-align: left;\">Museu Ci\u00eancia e Vida<\/h3>\n<h4 style=\"text-align: left;\">Competitiva 3<br \/>\nHora: 14h<\/h4>\n<p style=\"text-align: left;\">Mutir\u00e3o (SP)<br \/>\nDire\u00e7\u00e3o: Lincoln P\u00e9ricles<br \/>\nDocument\u00e1rio &#8211; 2022 &#8211; 10&#8217;15&#8221;<\/p>\n<p style=\"text-align: left;\">Se essa rua fosse minha (RJ)<br \/>\nDire\u00e7\u00e3o: Julia Lea de Toledo<br \/>\nDocument\u00e1rio &#8211; 2022 &#8211; 39&#8217;15&#8221;<\/p>\n<p style=\"text-align: left;\">Estamos Todos Aqui (SP)<br \/>\nDire\u00e7\u00e3o: Chica Santos e Rafael Mellim<br \/>\nDocument\u00e1rio &#8211; 2017 &#8211; 19&#8217;13&#8221;<\/p>\n<p style=\"text-align: left;\">Kanau&#8217;kyba (RR)<br \/>\nDire\u00e7\u00e3o: Gustavo Caboco e Pedra do Bendeg\u00f3<br \/>\nAnima\u00e7\u00e3o &#8211; 2021 &#8211; 11&#8217;00&#8221;<\/p>\n<h4 style=\"text-align: left;\">Competitiva 4<br \/>\nHora: 15h30min<\/h4>\n<p style=\"text-align: left;\">Cabe\u00e7\u00e3o (RJ)<br \/>\nDire\u00e7\u00e3o: Sandro Garcia<br \/>\nAnima\u00e7\u00e3o &#8211; 2022 &#8211; 06&#8217;00&#8221;<br \/>\n#bxdfilma<\/p>\n<p style=\"text-align: left;\">Correria (RJ)<br \/>\nDire\u00e7\u00e3o: Liliana Mont Serrat<br \/>\nFic\u00e7\u00e3o &#8211; 2022 &#8211; 18&#8217;17&#8221;<\/p>\n<p style=\"text-align: left;\">Jorge (RJ)<br \/>\nDire\u00e7\u00e3o: Jeferson<br \/>\nFic\u00e7\u00e3o &#8211; 2022 &#8211; 19&#8217;53&#8221;<\/p>\n<p style=\"text-align: left;\">Rom\u00e3o (RJ)<br \/>\nDire\u00e7\u00e3o: Clementino Jr<br \/>\nDocument\u00e1rio &#8211; 2022 &#8211; 10&#8217;00&#8221;<\/p>\n<p style=\"text-align: left;\">Lina (RJ)<br \/>\nDire\u00e7\u00e3o: Melise Fremiot<br \/>\nFic\u00e7\u00e3o &#8211; 2021 &#8211; 28&#8217;50&#8221;<br \/>\n#bxdfilma<\/p>\n<h3 style=\"text-align: left;\">FEBF\/UERJ<\/h3>\n<p style=\"text-align: left;\">19h \u2013 Sess\u00e3o E esse Cinema a\u00ed, hein?<br \/>\nRep\u00fablica, dire\u00e7\u00e3o de Grace Pass\u00f4<br \/>\n15\u201948\u201d,SP<\/p>\n<p style=\"text-align: left;\">Travessia, dire\u00e7\u00e3o de Safira Moreira<br \/>\n5\u2019, RJ<\/p>\n<p style=\"text-align: left;\">Nicinha n\u00e3o vem, dire\u00e7\u00e3o de Muriel Alves<br \/>\n04\u201919\u201d RJ<\/p>\n<p style=\"text-align: left;\">C\u00e2mera no ch\u00e3o, ideia na cabe\u00e7a, dire\u00e7\u00e3o de Artur Fontes e Sandro Garcia<br \/>\n04\u201958\u201d RJ<\/p>\n<p style=\"text-align: left;\">O \u00faltimo cinema de rua, dire\u00e7\u00e3o de Mar\u00e7al Vianna<br \/>\n12\u201943\u201d RJ<\/p>\n<p style=\"text-align: left;\">20h &#8211; Roda de Conversa com a presen\u00e7a de Ana Paula Alves Ribeiro e Mar\u00e7al Vianna<\/p>\n<p>&nbsp;<\/p>\n<h3 style=\"text-align: left;\"><span style=\"color: #ff0000;\">DIA 11\/11 &#8211; SEXTA-FEIRA<\/span><\/h3>\n<h3 style=\"text-align: left;\">Museu Ci\u00eancia e Vida<\/h3>\n<h4 style=\"text-align: left;\">Competitiva 5<br \/>\nHora: 14h<\/h4>\n<p style=\"text-align: left;\">Solmatalua (SP)<br \/>\nDire\u00e7\u00e3o: Rodrigo Andrade<br \/>\nAnima\u00e7\u00e3o &#8211; 2021 &#8211; 15&#8217;00&#8221;<\/p>\n<p style=\"text-align: left;\">Intervalo (RJ)<br \/>\nDire\u00e7\u00e3o: Ludmila Curi<br \/>\nFic\u00e7\u00e3o &#8211; 2022 &#8211; 15&#8217;00&#8221;<\/p>\n<p style=\"text-align: left;\">Tecnofagia (RJ)<br \/>\nDire\u00e7\u00e3o: Marcos Lamoreux<br \/>\nExperimental &#8211; 2021 &#8211; 19&#8217;10&#8221;<br \/>\n#bxdfilma<\/p>\n<p style=\"text-align: left;\">Capim Navalha (GO)<br \/>\nDire\u00e7\u00e3o: Michel Queiroz<br \/>\nDocument\u00e1rio &#8211; 2021 &#8211; 16&#8217;36&#8221;<\/p>\n<p style=\"text-align: left;\">Jo\u00e3osinho da Gomeia, o rei do Candombl\u00e9 (RJ)<br \/>\nDire\u00e7\u00e3o: Jana\u00edna Oliveira ReFem e Rodrigo Dutra<br \/>\nDocument\u00e1rio &#8211; 2020 &#8211; 14&#8217;24&#8217;<\/p>\n<h4 style=\"text-align: left;\">Competitiva 6<br \/>\nHora: 15h30min<\/h4>\n<p style=\"text-align: left;\">Fantasma Neon (RJ)<br \/>\nDire\u00e7\u00e3o: Leonardo Martinelli<br \/>\nFic\u00e7\u00e3o &#8211; 2021 &#8211; 20&#8217;00&#8221;<\/p>\n<p style=\"text-align: left;\">As Can\u00e7\u00f5es de Amor de uma Bicha Velha (RJ)<br \/>\nDire\u00e7\u00e3o: Andr\u00e9 Sandino Costa<br \/>\nDocument\u00e1rio &#8211; 2020 &#8211; 22&#8217;34&#8221;<\/p>\n<p style=\"text-align: left;\">Meu Nome \u00e9 Maalum (RJ)<br \/>\nDire\u00e7\u00e3o: Magna Domingues<br \/>\nAnima\u00e7\u00e3o &#8211; 2021 &#8211; 08&#8217;00&#8221;<br \/>\n#bxdfilma<\/p>\n<p style=\"text-align: left;\">Fartura (RJ)<br \/>\nDire\u00e7\u00e3o: Yasmin Thayn\u00e1<br \/>\nDocument\u00e1rio &#8211; 2019 &#8211; 27&#8217;00&#8221;<br \/>\n#bxdfilma<\/p>\n<p style=\"text-align: left;\">A Felicidade Delas (SP)<br \/>\nDire\u00e7\u00e3o: Carol Rodrigues<br \/>\nFic\u00e7\u00e3o &#8211; 2018 \u2013 14&#8217;00&#8221;<\/p>\n<h3 style=\"text-align: left;\">GOMEIA GALP\u00c3O CRIATIVO<\/h3>\n<p style=\"text-align: left;\">20h<br \/>\nMarte Um<br \/>\nOs Martins, fam\u00edlia negra de classe m\u00e9dia baixa, seguem a vida entre seus compromissos do dia-a-dia e seus desejos e expectativas, mesmo com a tens\u00e3o de um governo conservador que acaba de assumir o poder no pa\u00eds. Em meio a esse cotidiano, T\u00e9rcia cuida da casa enquanto passa por crises de ang\u00fastia, Wellington quer ver o filho virar jogador de futebol profissional, Eunice tem um novo amor e o pequeno Deivinho sonha em colonizar Marte.<br \/>\nDire\u00e7\u00e3o e Roteiro: Gabriel Martins<br \/>\nElenco: Rejane Faria, Carlos Francisco, Camilla Dami\u00e3o, C\u00edcero Lucas, Ana Hil\u00e1rio, Russo APR, Dircinha Macedo, Tokinho e Juan Pablo Sorrin<br \/>\nProdu\u00e7\u00e3o: Andr\u00e9 Novais Oliveira, Gabriel Martins, Maurilio Martins e Thiago Mac\u00eado Correia<br \/>\nUm filme Filmes de Pl\u00e1stico.<br \/>\nBrasil, 2022, 115&#8242;<\/p>\n<h3><\/h3>\n<h3 style=\"text-align: left;\"><span style=\"color: #ff0000;\">DIA 12\/11 &#8211; S\u00c1BADO<\/span><\/h3>\n<h3 style=\"text-align: left;\">GOMEIA GALP\u00c3O CRIATIVO<\/h3>\n<h4 style=\"text-align: left;\"><strong>20h \u2013 Sess\u00e3o Especial 20 Anos<\/strong><\/h4>\n<p style=\"text-align: left;\">Exibi\u00e7\u00e3o dos vencedores do Baixada 1 Minuto<br \/>\nExibi\u00e7\u00e3o dos curtas vencedores da Mostra Competitiva<\/p>\n<p style=\"text-align: left;\">Filme-surpresa, pr\u00e9-estreia \ud83d\ude09<\/p>\n<p style=\"text-align: left;\">Opera\u00e7\u00e3o Morengueira, dire\u00e7\u00e3o de Victor God\u00f4 Quincas Ferreira e Chico Serra<br \/>\n16\u201951, RJ, 2005<\/p>\n<p style=\"text-align: left;\">Fragmentos de Um Cinema Amoroso, dire\u00e7\u00e3o Heraldo HB e Sabrina Bitencourt<br \/>\n15\u201945, RJ, 2020<\/p>\n<p style=\"text-align: left;\">Show com Gente Estranha no Jardim<\/p>\n<p style=\"text-align: left;\">Show com o Barrac\u00e3o<\/p>\n<p style=\"text-align: left;\">Festa Vintona, com DJ Rodrigo Cavalcanti<\/p>\n<p>&nbsp;<\/p>\n<h3 style=\"text-align: left;\"><span style=\"color: #ff0000;\">DIA 13\/11 &#8211; DOMINGO<\/span><\/h3>\n<h3 style=\"text-align: left;\">BLOCO IMP\u00c9RIO DO GRAMACHO<\/h3>\n<h4 style=\"text-align: left;\">18h \u2013 Sess\u00e3o de Bamba<\/h4>\n<p style=\"text-align: left;\">Filmes:<\/p>\n<p style=\"text-align: left;\">Partido Alto, dire\u00e7\u00e3o de Leon Hirszman<br \/>\n22&#8217;41&#8221; RJ<\/p>\n<p style=\"text-align: left;\">A Jornada do Valente, dire\u00e7\u00e3o de Rodrigo de Janeiro<br \/>\n15&#8217;38&#8221; RJ<\/p>\n<p style=\"text-align: left;\">Imp\u00e9rio do Gramacho, dire\u00e7\u00e3o de Heraldo HB<br \/>\n15&#8217;00&#8221; RJ<\/p>\n<p style=\"text-align: left;\">Homenagem a Walter Zacarias<\/p>\n<p>&nbsp;<\/p>\n<h3 style=\"text-align: left;\"><span style=\"color: #ff0000;\">DIA 15\/11 &#8211; TER\u00c7A-FEIRA<\/span><\/h3>\n<h3 style=\"text-align: left;\"><strong>CINEMATECA DO MAM<\/strong><\/h3>\n<h4 style=\"text-align: left;\">16h \u2013 Sess\u00e3o Panorama BXD<\/h4>\n<p style=\"text-align: left;\">Suellen e a Di\u00e1spora Perif\u00e9rica, dire\u00e7\u00e3o de Renata Dorea<br \/>\nRJ, 2020, 4&#8217;00&#8221;<\/p>\n<p style=\"text-align: left;\">Neguinho, dire\u00e7\u00e3o de Mar\u00e7al Vianna<br \/>\nRJ, 2020, 20\u201933\u201d<\/p>\n<p style=\"text-align: left;\">Jo\u00e3ozinho da Gomeia, o Rei do Candombl\u00e9, dire\u00e7\u00e3o de Jana\u00edna Oliveira ReFem e Rodrigo Dutra<br \/>\nRJ, 2019, 14\u201924\u201d<\/p>\n<p style=\"text-align: left;\">M\u00fasica Popular Bus\u00e3o, dire\u00e7\u00e3o de Sandro Garcia<br \/>\nRJ, 2022, 10\u201900\u201d<\/p>\n<p style=\"text-align: left;\">Meu Nome \u00e9 Maalum , dire\u00e7\u00e3o de Magna Domingues<br \/>\nRJ, 2021, 8&#8242;<\/p>\n<p style=\"text-align: left;\">Nicinha N\u00e3o Vem, dire\u00e7\u00e3o de Muriel Alves<br \/>\nRJ, 2021, 04\u201919\u201d<\/p>\n<p style=\"text-align: left;\">Todo o Dia Voc\u00ea Vai Ter que Olhar pra Isso, dire\u00e7\u00e3o Heraldo HB<br \/>\nRJ, 2020, 11\u201937\u2019\u2019<\/p>\n<p style=\"text-align: left;\">Terra de Muitas \u00c1guas, dire\u00e7\u00e3o de Catu Rizo<br \/>\nRJ, 2019, 20\u201909\u2019\u2019<\/p>\n<p style=\"text-align: left;\">\n","protected":false},"excerpt":{"rendered":"<p>DIA 09\/11 &#8211; QUARTA-FEIRA Museu Ci\u00eancia e Vida Competitiva 1 Hora: 14h Manh\u00e3 de Domingo (RJ) Dire\u00e7\u00e3o: Bruno Ribeiro Fic\u00e7\u00e3o &#8211; 2022 &#8211; 24&#8217;54&#8217;. Nascente (BA) Dire\u00e7\u00e3o: Safira Moreira Document\u00e1rio &#8211; 2020 &#8211;\u00a0 05&#8217;54&#8221; Odisseia Fluminense (RJ) Dire\u00e7\u00e3o: Mateus Carvalho Fic\u00e7\u00e3o &#8211; 2022 &#8211; 15&#8217;13&#8221; #bxdfilma De um Lado do Atl\u00e2ntico (RJ) Dire\u00e7\u00e3o: Milena Manfredini&hellip; <br \/> <a class=\"button small blue\" href=\"https:\/\/matecomangu.org\/festival4\/programacao\/\">Leia mais<\/a><\/p>\n","protected":false},"author":1,"featured_media":0,"parent":0,"menu_order":0,"comment_status":"closed","ping_status":"closed","template":"","meta":{"footnotes":""},"class_list":["post-157","page","type-page","status-publish","hentry"],"featured_image_src":null,"_links":{"self":[{"href":"https:\/\/matecomangu.org\/festival4\/wp-json\/wp\/v2\/pages\/157","targetHints":{"allow":["GET"]}}],"collection":[{"href":"https:\/\/matecomangu.org\/festival4\/wp-json\/wp\/v2\/pages"}],"about":[{"href":"https:\/\/matecomangu.org\/festival4\/wp-json\/wp\/v2\/types\/page"}],"author":[{"embeddable":true,"href":"https:\/\/matecomangu.org\/festival4\/wp-json\/wp\/v2\/users\/1"}],"replies":[{"embeddable":true,"href":"https:\/\/matecomangu.org\/festival4\/wp-json\/wp\/v2\/comments?post=157"}],"version-history":[{"count":18,"href":"https:\/\/matecomangu.org\/festival4\/wp-json\/wp\/v2\/pages\/157\/revisions"}],"predecessor-version":[{"id":248,"href":"https:\/\/matecomangu.org\/festival4\/wp-json\/wp\/v2\/pages\/157\/revisions\/248"}],"wp:attachment":[{"href":"https:\/\/matecomangu.org\/festival4\/wp-json\/wp\/v2\/media?parent=157"}],"curies":[{"name":"wp","href":"https:\/\/api.w.org\/{rel}","templated":true}]}}