{"id":159,"date":"2022-11-03T20:19:25","date_gmt":"2022-11-03T20:19:25","guid":{"rendered":"https:\/\/matecomangu.org\/festival4\/?page_id=159"},"modified":"2022-11-15T15:23:32","modified_gmt":"2022-11-15T15:23:32","slug":"dia-09-11-quarta-feira","status":"publish","type":"page","link":"https:\/\/matecomangu.org\/festival4\/dia-09-11-quarta-feira\/","title":{"rendered":"DIA 09\/11 QUARTA-FEIRA"},"content":{"rendered":"<h3 style=\"text-align: left;\">Museu Ci\u00eancia e Vida<\/h3>\n<h4 style=\"text-align: left;\"><strong>Competitiva 1<\/strong><br \/>\n<strong>Hora: 14h<\/strong><\/h4>\n<p style=\"text-align: left;\">Manh\u00e3 de Domingo (RJ)<br \/>\nDire\u00e7\u00e3o: Bruno Ribeiro<br \/>\nFic\u00e7\u00e3o &#8211; 2022 &#8211; 24&#8217;54&#8217;.<\/p>\n<p style=\"text-align: left;\">Nascente (BA)<br \/>\nDire\u00e7\u00e3o: Safira Moreira<br \/>\nDocument\u00e1rio &#8211; 2020 &#8211;\u00a0 05&#8217;54&#8221;<\/p>\n<p style=\"text-align: left;\">Odisseia Fluminense (RJ)<br \/>\nDire\u00e7\u00e3o: Mateus Carvalho<br \/>\nFic\u00e7\u00e3o &#8211; 2022 &#8211; 15&#8217;13&#8221;<br \/>\n#bxdfilma<\/p>\n<p style=\"text-align: left;\"><span data-sheets-formula-bar-text-style=\"font-size:13px;color:#000000;font-weight:normal;text-decoration:none;font-family:'docs-Arial Narrow';font-style:normal;text-decoration-skip-ink:none;\">De um Lado do Atl\u00e2ntico<\/span> (RJ)<br \/>\nDire\u00e7\u00e3o: Milena Manfredini<br \/>\n7&#8217;05&#8221;<\/p>\n<p style=\"text-align: left;\">Nicinha N\u00e3o V\u00eam (RJ)<br \/>\nDire\u00e7\u00e3o: Muriel Alves<br \/>\nDocument\u00e1rio &#8211; 2022 &#8211; 04&#8217;09&#8221;<br \/>\n#bxdfilma<\/p>\n<p style=\"text-align: left;\">Neguinho (RJ)<br \/>\nDire\u00e7\u00e3o: Mar\u00e7al Vianna<br \/>\nFic\u00e7\u00e3o &#8211; 2020 &#8211; 20&#8217;22&#8221;<br \/>\n#bxdfilma<\/p>\n<h4 style=\"text-align: left;\">Competitiva 2<br \/>\nHora: 15h30min<\/h4>\n<p style=\"text-align: left;\">A Nave de Man\u00e9 Soc\u00f3 (PE)<br \/>\nDire\u00e7\u00e3o: Severino D\u00e1da<br \/>\nFic\u00e7\u00e3o &#8211; 2021 &#8211; 18&#8217;03&#8221;<\/p>\n<p style=\"text-align: left;\">Suellen e a di\u00e1spora perif\u00e9rica (MG)<br \/>\nDire\u00e7\u00e3o: Renata Dorea<br \/>\nDocument\u00e1rio &#8211; 2020 &#8211; 04&#8217;00&#8221;<\/p>\n<p style=\"text-align: left;\">L.G.BAIXADA.T (RJ)<br \/>\nDire\u00e7\u00e3o Arthur Fontes<br \/>\nDocument\u00e1rio &#8211; 2019 &#8211; 19&#8217;47&#8221;<br \/>\n#bxdfilma<\/p>\n<p style=\"text-align: left;\">BXD Existe (RJ)<br \/>\nDire\u00e7\u00e3o: P\u00e2mela Ohnitram<br \/>\nVideoclipe &#8211; 2021 &#8211; 03&#8217;50&#8221;<br \/>\n#bxdfilma<\/p>\n<p style=\"text-align: left;\">Caxiense FC (RJ)<br \/>\nDire\u00e7\u00e3o: Marcos Gabriel Farias<br \/>\nFic\u00e7\u00e3o &#8211; 2022 &#8211; 20&#8217;33&#8221;<br \/>\n#bxdfilma<\/p>\n<p style=\"text-align: left;\">Pinjawuli: O veneno me alcan\u00e7ou (MT)<br \/>\nDire\u00e7\u00e3o: Bih Kezo<br \/>\nFic\u00e7\u00e3o\/Document\u00e1rio &#8211; 2021 &#8211; 02&#8217;21&#8221;<\/p>\n<p style=\"text-align: left;\">Caminhos Afro Diasp\u00f3ricos do Rec\u00f4ncavo da Guanabara (RJ)<br \/>\nDire\u00e7\u00e3o: Wagner Novais<br \/>\nFic\u00e7\u00e3o\/Document\u00e1rio &#8211; 2022 \u2013 20&#8217;00&#8221;<\/p>\n","protected":false},"excerpt":{"rendered":"<p>Museu Ci\u00eancia e Vida Competitiva 1 Hora: 14h Manh\u00e3 de Domingo (RJ) Dire\u00e7\u00e3o: Bruno Ribeiro Fic\u00e7\u00e3o &#8211; 2022 &#8211; 24&#8217;54&#8217;. Nascente (BA) Dire\u00e7\u00e3o: Safira Moreira Document\u00e1rio &#8211; 2020 &#8211;\u00a0 05&#8217;54&#8221; Odisseia Fluminense (RJ) Dire\u00e7\u00e3o: Mateus Carvalho Fic\u00e7\u00e3o &#8211; 2022 &#8211; 15&#8217;13&#8221; #bxdfilma De um Lado do Atl\u00e2ntico (RJ) Dire\u00e7\u00e3o: Milena Manfredini 7&#8217;05&#8221; Nicinha N\u00e3o V\u00eam&hellip; <br \/> <a class=\"button small blue\" href=\"https:\/\/matecomangu.org\/festival4\/dia-09-11-quarta-feira\/\">Leia mais<\/a><\/p>\n","protected":false},"author":1,"featured_media":0,"parent":0,"menu_order":0,"comment_status":"closed","ping_status":"closed","template":"","meta":{"footnotes":""},"class_list":["post-159","page","type-page","status-publish","hentry"],"featured_image_src":null,"_links":{"self":[{"href":"https:\/\/matecomangu.org\/festival4\/wp-json\/wp\/v2\/pages\/159","targetHints":{"allow":["GET"]}}],"collection":[{"href":"https:\/\/matecomangu.org\/festival4\/wp-json\/wp\/v2\/pages"}],"about":[{"href":"https:\/\/matecomangu.org\/festival4\/wp-json\/wp\/v2\/types\/page"}],"author":[{"embeddable":true,"href":"https:\/\/matecomangu.org\/festival4\/wp-json\/wp\/v2\/users\/1"}],"replies":[{"embeddable":true,"href":"https:\/\/matecomangu.org\/festival4\/wp-json\/wp\/v2\/comments?post=159"}],"version-history":[{"count":5,"href":"https:\/\/matecomangu.org\/festival4\/wp-json\/wp\/v2\/pages\/159\/revisions"}],"predecessor-version":[{"id":249,"href":"https:\/\/matecomangu.org\/festival4\/wp-json\/wp\/v2\/pages\/159\/revisions\/249"}],"wp:attachment":[{"href":"https:\/\/matecomangu.org\/festival4\/wp-json\/wp\/v2\/media?parent=159"}],"curies":[{"name":"wp","href":"https:\/\/api.w.org\/{rel}","templated":true}]}}