{"id":161,"date":"2022-11-03T20:19:47","date_gmt":"2022-11-03T20:19:47","guid":{"rendered":"https:\/\/matecomangu.org\/festival4\/?page_id=161"},"modified":"2022-11-12T15:47:11","modified_gmt":"2022-11-12T15:47:11","slug":"dia-10-11-quinta-feira","status":"publish","type":"page","link":"https:\/\/matecomangu.org\/festival4\/dia-10-11-quinta-feira\/","title":{"rendered":"DIA 10\/11 &#8211; QUINTA-FEIRA"},"content":{"rendered":"<h3 style=\"text-align: left;\">Museu Ci\u00eancia e Vida<\/h3>\n<h4 style=\"text-align: left;\">Competitiva 3<br \/>\nHora: 14h<\/h4>\n<p style=\"text-align: left;\">Mutir\u00e3o (SP)<br \/>\nDire\u00e7\u00e3o: Lincoln P\u00e9ricles<br \/>\nDocument\u00e1rio &#8211; 2022 &#8211; 10&#8217;15&#8221;<\/p>\n<p style=\"text-align: left;\">Se essa rua fosse minha (RJ)<br \/>\nDire\u00e7\u00e3o: Julia Lea de Toledo<br \/>\nDocument\u00e1rio &#8211; 2022 &#8211; 39&#8217;15&#8221;<\/p>\n<p style=\"text-align: left;\">Estamos Todos Aqui (SP)<br \/>\nDire\u00e7\u00e3o: Chica Santos e Rafael Mellim<br \/>\nDocument\u00e1rio &#8211; 2017 &#8211; 19&#8217;13&#8221;<\/p>\n<p style=\"text-align: left;\">Kanau&#8217;kyba (RR)<br \/>\nDire\u00e7\u00e3o: Gustavo Caboco e Pedra do Bendeg\u00f3<br \/>\nAnima\u00e7\u00e3o &#8211; 2021 &#8211; 11&#8217;00&#8221;<\/p>\n<h4 style=\"text-align: left;\">Competitiva 4<br \/>\nHora: 15h30min<\/h4>\n<p style=\"text-align: left;\">Cabe\u00e7\u00e3o (RJ)<br \/>\nDire\u00e7\u00e3o: Sandro Garcia<br \/>\nAnima\u00e7\u00e3o &#8211; 2022 &#8211; 06&#8217;00&#8221;<br \/>\n#bxdfilma<\/p>\n<p style=\"text-align: left;\">Correria (RJ)<br \/>\nDire\u00e7\u00e3o: Liliana Mont Serrat<br \/>\nFic\u00e7\u00e3o &#8211; 2022 &#8211; 18&#8217;17&#8221;<\/p>\n<p style=\"text-align: left;\">Jorge (RJ)<br \/>\nDire\u00e7\u00e3o: Jeferson<br \/>\nFic\u00e7\u00e3o &#8211; 2022 &#8211; 19&#8217;53&#8221;<\/p>\n<p style=\"text-align: left;\">Rom\u00e3o (RJ)<br \/>\nDire\u00e7\u00e3o: Clementino Jr<br \/>\nDocument\u00e1rio &#8211; 2022 &#8211; 10&#8217;00&#8221;<\/p>\n<p style=\"text-align: left;\">Lina (RJ)<br \/>\nDire\u00e7\u00e3o: Melise Fremiot<br \/>\nFic\u00e7\u00e3o &#8211; 2021 &#8211; 28&#8217;50&#8221;<br \/>\n#bxdfilma<\/p>\n<h3 style=\"text-align: left;\">FEBF\/UERJ<\/h3>\n<p style=\"text-align: left;\">19h \u2013 Sess\u00e3o E esse Cinema a\u00ed, hein?<br \/>\nRep\u00fablica, dire\u00e7\u00e3o de Grace Pass\u00f4<br \/>\n15\u201948\u201d,SP<\/p>\n<p style=\"text-align: left;\">Travessia, dire\u00e7\u00e3o de Safira Moreira<br \/>\n5\u2019, RJ<\/p>\n<p style=\"text-align: left;\">Nicinha n\u00e3o vem, dire\u00e7\u00e3o de Muriel Alves<br \/>\n04\u201919\u201d RJ<\/p>\n<p style=\"text-align: left;\">C\u00e2mera no ch\u00e3o, ideia na cabe\u00e7a, dire\u00e7\u00e3o de Artur Fontes e Sandro Garcia<br \/>\n04\u201958\u201d RJ<\/p>\n<p style=\"text-align: left;\">O \u00faltimo cinema de rua, dire\u00e7\u00e3o de Mar\u00e7al Vianna<br \/>\n12\u201943\u201d RJ<\/p>\n<p style=\"text-align: left;\">20h &#8211; Roda de Conversa com a presen\u00e7a de Ana Paula Alves Ribeiro e Mar\u00e7al Vianna<\/p>\n","protected":false},"excerpt":{"rendered":"<p>Museu Ci\u00eancia e Vida Competitiva 3 Hora: 14h Mutir\u00e3o (SP) Dire\u00e7\u00e3o: Lincoln P\u00e9ricles Document\u00e1rio &#8211; 2022 &#8211; 10&#8217;15&#8221; Se essa rua fosse minha (RJ) Dire\u00e7\u00e3o: Julia Lea de Toledo Document\u00e1rio &#8211; 2022 &#8211; 39&#8217;15&#8221; Estamos Todos Aqui (SP) Dire\u00e7\u00e3o: Chica Santos e Rafael Mellim Document\u00e1rio &#8211; 2017 &#8211; 19&#8217;13&#8221; Kanau&#8217;kyba (RR) Dire\u00e7\u00e3o: Gustavo Caboco e&hellip; <br \/> <a class=\"button small blue\" href=\"https:\/\/matecomangu.org\/festival4\/dia-10-11-quinta-feira\/\">Leia mais<\/a><\/p>\n","protected":false},"author":1,"featured_media":0,"parent":0,"menu_order":0,"comment_status":"closed","ping_status":"closed","template":"","meta":{"footnotes":""},"class_list":["post-161","page","type-page","status-publish","hentry"],"featured_image_src":null,"_links":{"self":[{"href":"https:\/\/matecomangu.org\/festival4\/wp-json\/wp\/v2\/pages\/161","targetHints":{"allow":["GET"]}}],"collection":[{"href":"https:\/\/matecomangu.org\/festival4\/wp-json\/wp\/v2\/pages"}],"about":[{"href":"https:\/\/matecomangu.org\/festival4\/wp-json\/wp\/v2\/types\/page"}],"author":[{"embeddable":true,"href":"https:\/\/matecomangu.org\/festival4\/wp-json\/wp\/v2\/users\/1"}],"replies":[{"embeddable":true,"href":"https:\/\/matecomangu.org\/festival4\/wp-json\/wp\/v2\/comments?post=161"}],"version-history":[{"count":4,"href":"https:\/\/matecomangu.org\/festival4\/wp-json\/wp\/v2\/pages\/161\/revisions"}],"predecessor-version":[{"id":238,"href":"https:\/\/matecomangu.org\/festival4\/wp-json\/wp\/v2\/pages\/161\/revisions\/238"}],"wp:attachment":[{"href":"https:\/\/matecomangu.org\/festival4\/wp-json\/wp\/v2\/media?parent=161"}],"curies":[{"name":"wp","href":"https:\/\/api.w.org\/{rel}","templated":true}]}}