{"id":163,"date":"2022-11-03T20:20:15","date_gmt":"2022-11-03T20:20:15","guid":{"rendered":"https:\/\/matecomangu.org\/festival4\/?page_id=163"},"modified":"2022-11-06T13:23:42","modified_gmt":"2022-11-06T13:23:42","slug":"dia-11-11-sexta-feira","status":"publish","type":"page","link":"https:\/\/matecomangu.org\/festival4\/dia-11-11-sexta-feira\/","title":{"rendered":"DIA 11\/11 &#8211; SEXTA-FEIRA"},"content":{"rendered":"<h3 style=\"text-align: left;\">Museu Ci\u00eancia e Vida<\/h3>\n<h4 style=\"text-align: left;\">Competitiva 5<br \/>\nHora: 14h<\/h4>\n<p style=\"text-align: left;\">Solmatalua (SP)<br \/>\nDire\u00e7\u00e3o: Rodrigo Andrade<br \/>\nAnima\u00e7\u00e3o &#8211; 2021 &#8211; 15&#8217;00&#8221;<\/p>\n<p style=\"text-align: left;\">Intervalo (RJ)<br \/>\nDire\u00e7\u00e3o: Ludmila Curi<br \/>\nFic\u00e7\u00e3o &#8211; 2022 &#8211; 15&#8217;00&#8221;<\/p>\n<p style=\"text-align: left;\">Tecnofagia (RJ)<br \/>\nDire\u00e7\u00e3o: Marcos Lamoreux<br \/>\nExperimental &#8211; 2021 &#8211; 19&#8217;10&#8221;<br \/>\n#bxdfilma<\/p>\n<p style=\"text-align: left;\">Capim Navalha (GO)<br \/>\nDire\u00e7\u00e3o: Michel Queiroz<br \/>\nDocument\u00e1rio &#8211; 2021 &#8211; 16&#8217;36&#8221;<\/p>\n<p style=\"text-align: left;\">Jo\u00e3osinho da Gomeia, o rei do Candombl\u00e9 (RJ)<br \/>\nDire\u00e7\u00e3o: Jana\u00edna Oliveira ReFem e Rodrigo Dutra<br \/>\nDocument\u00e1rio &#8211; 2020 &#8211; 14&#8217;24&#8217;<\/p>\n<h4 style=\"text-align: left;\">Competitiva 6<br \/>\nHora: 15h30min<\/h4>\n<p style=\"text-align: left;\">Fantasma Neon (RJ)<br \/>\nDire\u00e7\u00e3o: Leonardo Martinelli<br \/>\nFic\u00e7\u00e3o &#8211; 2021 &#8211; 20&#8217;00&#8221;<\/p>\n<p style=\"text-align: left;\">As Can\u00e7\u00f5es de Amor de uma Bicha Velha (RJ)<br \/>\nDire\u00e7\u00e3o: Andr\u00e9 Sandino Costa<br \/>\nDocument\u00e1rio &#8211; 2020 &#8211; 22&#8217;34&#8221;<\/p>\n<p style=\"text-align: left;\">Meu Nome \u00e9 Maalum (RJ)<br \/>\nDire\u00e7\u00e3o: Magna Domingues<br \/>\nAnima\u00e7\u00e3o &#8211; 2021 &#8211; 08&#8217;00&#8221;<br \/>\n#bxdfilma<\/p>\n<p style=\"text-align: left;\">Fartura (RJ)<br \/>\nDire\u00e7\u00e3o: Yasmin Thayn\u00e1<br \/>\nDocument\u00e1rio &#8211; 2019 &#8211; 27&#8217;00&#8221;<br \/>\n#bxdfilma<\/p>\n<p style=\"text-align: left;\">A Felicidade Delas (SP)<br \/>\nDire\u00e7\u00e3o: Carol Rodrigues<br \/>\nFic\u00e7\u00e3o &#8211; 2018 \u2013 14&#8217;00&#8221;<\/p>\n<h3 style=\"text-align: left;\">GOMEIA GALP\u00c3O CRIATIVO<\/h3>\n<p style=\"text-align: left;\">20h<br \/>\nMarte Um<br \/>\nOs Martins, fam\u00edlia negra de classe m\u00e9dia baixa, seguem a vida entre seus compromissos do dia-a-dia e seus desejos e expectativas, mesmo com a tens\u00e3o de um governo conservador que acaba de assumir o poder no pa\u00eds. Em meio a esse cotidiano, T\u00e9rcia cuida da casa enquanto passa por crises de ang\u00fastia, Wellington quer ver o filho virar jogador de futebol profissional, Eunice tem um novo amor e o pequeno Deivinho sonha em colonizar Marte.<br \/>\nDire\u00e7\u00e3o e Roteiro: Gabriel Martins<br \/>\nElenco: Rejane Faria, Carlos Francisco, Camilla Dami\u00e3o, C\u00edcero Lucas, Ana Hil\u00e1rio, Russo APR, Dircinha Macedo, Tokinho e Juan Pablo Sorrin<br \/>\nProdu\u00e7\u00e3o: Andr\u00e9 Novais Oliveira, Gabriel Martins, Maurilio Martins e Thiago Mac\u00eado Correia<br \/>\nUm filme Filmes de Pl\u00e1stico.<br \/>\nBrasil, 2022, 115&#8242;<\/p>\n<div class=\"notranslate\" style=\"all: initial;\"><\/div>\n","protected":false},"excerpt":{"rendered":"<p>Museu Ci\u00eancia e Vida Competitiva 5 Hora: 14h Solmatalua (SP) Dire\u00e7\u00e3o: Rodrigo Andrade Anima\u00e7\u00e3o &#8211; 2021 &#8211; 15&#8217;00&#8221; Intervalo (RJ) Dire\u00e7\u00e3o: Ludmila Curi Fic\u00e7\u00e3o &#8211; 2022 &#8211; 15&#8217;00&#8221; Tecnofagia (RJ) Dire\u00e7\u00e3o: Marcos Lamoreux Experimental &#8211; 2021 &#8211; 19&#8217;10&#8221; #bxdfilma Capim Navalha (GO) Dire\u00e7\u00e3o: Michel Queiroz Document\u00e1rio &#8211; 2021 &#8211; 16&#8217;36&#8221; Jo\u00e3osinho da Gomeia, o rei&hellip; <br \/> <a class=\"button small blue\" href=\"https:\/\/matecomangu.org\/festival4\/dia-11-11-sexta-feira\/\">Leia mais<\/a><\/p>\n","protected":false},"author":1,"featured_media":0,"parent":0,"menu_order":0,"comment_status":"closed","ping_status":"closed","template":"","meta":{"footnotes":""},"class_list":["post-163","page","type-page","status-publish","hentry"],"featured_image_src":null,"_links":{"self":[{"href":"https:\/\/matecomangu.org\/festival4\/wp-json\/wp\/v2\/pages\/163","targetHints":{"allow":["GET"]}}],"collection":[{"href":"https:\/\/matecomangu.org\/festival4\/wp-json\/wp\/v2\/pages"}],"about":[{"href":"https:\/\/matecomangu.org\/festival4\/wp-json\/wp\/v2\/types\/page"}],"author":[{"embeddable":true,"href":"https:\/\/matecomangu.org\/festival4\/wp-json\/wp\/v2\/users\/1"}],"replies":[{"embeddable":true,"href":"https:\/\/matecomangu.org\/festival4\/wp-json\/wp\/v2\/comments?post=163"}],"version-history":[{"count":4,"href":"https:\/\/matecomangu.org\/festival4\/wp-json\/wp\/v2\/pages\/163\/revisions"}],"predecessor-version":[{"id":212,"href":"https:\/\/matecomangu.org\/festival4\/wp-json\/wp\/v2\/pages\/163\/revisions\/212"}],"wp:attachment":[{"href":"https:\/\/matecomangu.org\/festival4\/wp-json\/wp\/v2\/media?parent=163"}],"curies":[{"name":"wp","href":"https:\/\/api.w.org\/{rel}","templated":true}]}}