{"id":167,"date":"2022-11-03T20:21:10","date_gmt":"2022-11-03T20:21:10","guid":{"rendered":"https:\/\/matecomangu.org\/festival4\/?page_id=167"},"modified":"2022-11-03T21:04:49","modified_gmt":"2022-11-03T21:04:49","slug":"dia-13-11-domingo","status":"publish","type":"page","link":"https:\/\/matecomangu.org\/festival4\/dia-13-11-domingo\/","title":{"rendered":"DIA 13\/11 &#8211; DOMINGO"},"content":{"rendered":"<h3 style=\"text-align: left;\">BLOCO IMP\u00c9RIO DO GRAMACHO<\/h3>\n<h4 style=\"text-align: left;\">18h \u2013 Sess\u00e3o de Bamba<\/h4>\n<p style=\"text-align: left;\">Filmes:<\/p>\n<p style=\"text-align: left;\">Partido Alto, dire\u00e7\u00e3o de Leon Hirszman<br \/>\n22&#8217;41&#8221; RJ<\/p>\n<p style=\"text-align: left;\">A Jornada do Valente, dire\u00e7\u00e3o de Rodrigo de Janeiro<br \/>\n15&#8217;38&#8221; RJ<\/p>\n<p style=\"text-align: left;\">Imp\u00e9rio do Gramacho, dire\u00e7\u00e3o de Heraldo HB<br \/>\n15&#8217;00&#8221; RJ<\/p>\n<p style=\"text-align: left;\">Homenagem a Walter Zacarias<\/p>\n","protected":false},"excerpt":{"rendered":"<p>BLOCO IMP\u00c9RIO DO GRAMACHO 18h \u2013 Sess\u00e3o de Bamba Filmes: Partido Alto, dire\u00e7\u00e3o de Leon Hirszman 22&#8217;41&#8221; RJ A Jornada do Valente, dire\u00e7\u00e3o de Rodrigo de Janeiro 15&#8217;38&#8221; RJ Imp\u00e9rio do Gramacho, dire\u00e7\u00e3o de Heraldo HB 15&#8217;00&#8221; RJ Homenagem a Walter Zacarias<\/p>\n","protected":false},"author":1,"featured_media":0,"parent":0,"menu_order":0,"comment_status":"closed","ping_status":"closed","template":"","meta":{"footnotes":""},"class_list":["post-167","page","type-page","status-publish","hentry"],"featured_image_src":null,"_links":{"self":[{"href":"https:\/\/matecomangu.org\/festival4\/wp-json\/wp\/v2\/pages\/167","targetHints":{"allow":["GET"]}}],"collection":[{"href":"https:\/\/matecomangu.org\/festival4\/wp-json\/wp\/v2\/pages"}],"about":[{"href":"https:\/\/matecomangu.org\/festival4\/wp-json\/wp\/v2\/types\/page"}],"author":[{"embeddable":true,"href":"https:\/\/matecomangu.org\/festival4\/wp-json\/wp\/v2\/users\/1"}],"replies":[{"embeddable":true,"href":"https:\/\/matecomangu.org\/festival4\/wp-json\/wp\/v2\/comments?post=167"}],"version-history":[{"count":3,"href":"https:\/\/matecomangu.org\/festival4\/wp-json\/wp\/v2\/pages\/167\/revisions"}],"predecessor-version":[{"id":180,"href":"https:\/\/matecomangu.org\/festival4\/wp-json\/wp\/v2\/pages\/167\/revisions\/180"}],"wp:attachment":[{"href":"https:\/\/matecomangu.org\/festival4\/wp-json\/wp\/v2\/media?parent=167"}],"curies":[{"name":"wp","href":"https:\/\/api.w.org\/{rel}","templated":true}]}}