{"id":187,"date":"2022-11-03T21:34:23","date_gmt":"2022-11-03T21:34:23","guid":{"rendered":"https:\/\/matecomangu.org\/festival4\/?page_id=187"},"modified":"2022-11-03T21:34:23","modified_gmt":"2022-11-03T21:34:23","slug":"homenagens","status":"publish","type":"page","link":"https:\/\/matecomangu.org\/festival4\/homenagens\/","title":{"rendered":"HOMENAGENS"},"content":{"rendered":"<h3 style=\"text-align: left;\">Arthur Waite<\/h3>\n<p style=\"text-align: left;\">O Festival desse ano \u00e9 dedicado ao Arthur Waite, que nos deixou em 2020. Moleque sangue-bom, astral, uma pessoa que n\u00e3o tinha tempo ruim, um cara do sim, parceiro de trabalhos, farras, insights, papos maneiros e rol\u00e9s os mais diversos, por todas as quebradas dessa metr\u00f3pole.<br \/>\nFoi fundamental na edi\u00e7\u00e3o passada, chegando junto com bra\u00e7o ponta-firme e ideias criativas como a instala\u00e7\u00e3o bem sacada Obsess\u00e3o GIF.<br \/>\nPra sempre na nossa mem\u00f3ria, cora\u00e7\u00f5es e mentes, vai ficar o seu sorris\u00e3o e sua vontade de viver uma vida de amores e alegrias.<br \/>\nValeu, irm\u00e3ozinho!<br \/>\ncineclube mate com angu<\/p>\n<h3 style=\"text-align: left;\">\nVictor God\u00f4 Quincas Ferreira<\/h3>\n<p style=\"text-align: left;\">Ex-oper\u00e1rio, historiador, cronista social, ator, cantor, diretor, roteirista, marxista suburbano xiita, bibliof\u00e1gico, fan\u00e1tico por Morengueira da Silva, morador da Ilha do Governador, um metro e meio de altura, barriga avantajada, pele de \u00edndio guarani, agitador subversivo, militante comunista, Quincas dava aulas de materialismo hist\u00f3rico nas noites da Lapa. Conhece a fundo a hist\u00f3ria das lutas de classe e o cinema marginal e popular brasileiro. Entre 2001 e 2006, colaborou com dezenas de realizadores independentes, atuando em diversos curtas e e longas, al\u00e9m de atuar em montagens com o grupo teatral T\u00e1 na Rua, com dire\u00e7\u00e3o de Amir Haddad.<br \/>\nGod\u00f4 \u00e9 meio isso: in\u00fameras ideias para o cinema, roteirista de m\u00e3o cheia, com est\u00f3rias do imagin\u00e1rio popular carioca nos seus mais diversos (sub)g\u00eaneros, cr\u00f4nicas urbanas delirantes e inconformadas, uma literatura primitiva entre Sganzerla e Bukovski, ao som de Geraldo Pereira e Chet Baker.<br \/>\nTexto: Chico Serra Grande<\/p>\n<h3 style=\"text-align: left;\">\nWalter Zacarias<\/h3>\n<p style=\"text-align: left;\">Homenagem a Walter Zacarias, baluarte do Bloco Imp\u00e9rio do Gramacho, uma das vozes mais marcantes do Carnaval caxiense.<\/p>\n","protected":false},"excerpt":{"rendered":"<p>Arthur Waite O Festival desse ano \u00e9 dedicado ao Arthur Waite, que nos deixou em 2020. Moleque sangue-bom, astral, uma pessoa que n\u00e3o tinha tempo ruim, um cara do sim, parceiro de trabalhos, farras, insights, papos maneiros e rol\u00e9s os mais diversos, por todas as quebradas dessa metr\u00f3pole. Foi fundamental na edi\u00e7\u00e3o passada, chegando junto&hellip; <br \/> <a class=\"button small blue\" href=\"https:\/\/matecomangu.org\/festival4\/homenagens\/\">Leia mais<\/a><\/p>\n","protected":false},"author":1,"featured_media":0,"parent":0,"menu_order":0,"comment_status":"closed","ping_status":"closed","template":"","meta":{"footnotes":""},"class_list":["post-187","page","type-page","status-publish","hentry"],"featured_image_src":null,"_links":{"self":[{"href":"https:\/\/matecomangu.org\/festival4\/wp-json\/wp\/v2\/pages\/187","targetHints":{"allow":["GET"]}}],"collection":[{"href":"https:\/\/matecomangu.org\/festival4\/wp-json\/wp\/v2\/pages"}],"about":[{"href":"https:\/\/matecomangu.org\/festival4\/wp-json\/wp\/v2\/types\/page"}],"author":[{"embeddable":true,"href":"https:\/\/matecomangu.org\/festival4\/wp-json\/wp\/v2\/users\/1"}],"replies":[{"embeddable":true,"href":"https:\/\/matecomangu.org\/festival4\/wp-json\/wp\/v2\/comments?post=187"}],"version-history":[{"count":1,"href":"https:\/\/matecomangu.org\/festival4\/wp-json\/wp\/v2\/pages\/187\/revisions"}],"predecessor-version":[{"id":188,"href":"https:\/\/matecomangu.org\/festival4\/wp-json\/wp\/v2\/pages\/187\/revisions\/188"}],"wp:attachment":[{"href":"https:\/\/matecomangu.org\/festival4\/wp-json\/wp\/v2\/media?parent=187"}],"curies":[{"name":"wp","href":"https:\/\/api.w.org\/{rel}","templated":true}]}}