{"id":253,"date":"2025-11-21T21:20:45","date_gmt":"2025-11-21T21:20:45","guid":{"rendered":"https:\/\/matecomangu.org\/festival4\/?page_id=253"},"modified":"2025-11-21T21:22:33","modified_gmt":"2025-11-21T21:22:33","slug":"ficha-tecnica","status":"publish","type":"page","link":"https:\/\/matecomangu.org\/festival4\/ficha-tecnica\/","title":{"rendered":"FICHA T\u00c9CNICA"},"content":{"rendered":"<p><span style=\"font-weight: 400;\">Realiza\u00e7\u00e3o: Cineclube Mate Com Angu<\/span><\/p>\n<p><span style=\"font-weight: 400;\">Produtora Executiva: Abacateiro Produ\u00e7\u00f5es<\/span><\/p>\n<p><span style=\"font-weight: 400;\">Co-produtora: Virt\u00f9 Produ\u00e7\u00f5es<\/span><\/p>\n<p><span style=\"font-weight: 400;\">Coordena\u00e7\u00e3o do Festival: Heraldo HB, Igor Barradas<\/span><\/p>\n<p><span style=\"font-weight: 400;\">Produ\u00e7\u00e3o: Tadeu Lima, Clara de Deus, Heraldo HB, Igor Barradas<\/span><\/p>\n<p><span style=\"font-weight: 400;\">Pesquisa e Curadoria: Anne Santos, Igor Barradas, Luisa Godoy Pitanga<\/span><\/p>\n<p><span style=\"font-weight: 400;\">Textos: Drica Carneiro, Liliane Leroux, Heraldo HB, Igor Barradas, Luisa Godoy Pitanga, Andr\u00e9 Oliveira<\/span><\/p>\n<p><span style=\"font-weight: 400;\">Cobertura fotogr\u00e1fica: Igor Freitas Lima<\/span><\/p>\n<p><span style=\"font-weight: 400;\">Cobertura Audiovisual: Lu Brasil<\/span><\/p>\n<p><span style=\"font-weight: 400;\">Arte Gr\u00e1fica e m\u00eddia social: Lucas Bileski<\/span><\/p>\n<p><span style=\"font-weight: 400;\">Assist\u00eancia de Produ\u00e7\u00e3o: Vanessa de Menezes,\u00a0<\/span><\/p>\n<p><span style=\"font-weight: 400;\">Trof\u00e9u Angu de Ouro: Ana Kariri<\/span><\/p>\n<p><span style=\"font-weight: 400;\">Site: www.matecomangu.org\/festival4<\/span><\/p>\n","protected":false},"excerpt":{"rendered":"<p>Realiza\u00e7\u00e3o: Cineclube Mate Com Angu Produtora Executiva: Abacateiro Produ\u00e7\u00f5es Co-produtora: Virt\u00f9 Produ\u00e7\u00f5es Coordena\u00e7\u00e3o do Festival: Heraldo HB, Igor Barradas Produ\u00e7\u00e3o: Tadeu Lima, Clara de Deus, Heraldo HB, Igor Barradas Pesquisa e Curadoria: Anne Santos, Igor Barradas, Luisa Godoy Pitanga Textos: Drica Carneiro, Liliane Leroux, Heraldo HB, Igor Barradas, Luisa Godoy Pitanga, Andr\u00e9 Oliveira Cobertura fotogr\u00e1fica:&hellip; <br \/> <a class=\"button small blue\" href=\"https:\/\/matecomangu.org\/festival4\/ficha-tecnica\/\">Leia mais<\/a><\/p>\n","protected":false},"author":1,"featured_media":0,"parent":0,"menu_order":0,"comment_status":"closed","ping_status":"closed","template":"","meta":{"footnotes":""},"class_list":["post-253","page","type-page","status-publish","hentry"],"featured_image_src":null,"_links":{"self":[{"href":"https:\/\/matecomangu.org\/festival4\/wp-json\/wp\/v2\/pages\/253","targetHints":{"allow":["GET"]}}],"collection":[{"href":"https:\/\/matecomangu.org\/festival4\/wp-json\/wp\/v2\/pages"}],"about":[{"href":"https:\/\/matecomangu.org\/festival4\/wp-json\/wp\/v2\/types\/page"}],"author":[{"embeddable":true,"href":"https:\/\/matecomangu.org\/festival4\/wp-json\/wp\/v2\/users\/1"}],"replies":[{"embeddable":true,"href":"https:\/\/matecomangu.org\/festival4\/wp-json\/wp\/v2\/comments?post=253"}],"version-history":[{"count":3,"href":"https:\/\/matecomangu.org\/festival4\/wp-json\/wp\/v2\/pages\/253\/revisions"}],"predecessor-version":[{"id":256,"href":"https:\/\/matecomangu.org\/festival4\/wp-json\/wp\/v2\/pages\/253\/revisions\/256"}],"wp:attachment":[{"href":"https:\/\/matecomangu.org\/festival4\/wp-json\/wp\/v2\/media?parent=253"}],"curies":[{"name":"wp","href":"https:\/\/api.w.org\/{rel}","templated":true}]}}