{"id":26,"date":"2022-09-12T01:28:31","date_gmt":"2022-09-12T01:28:31","guid":{"rendered":"https:\/\/matecomangu.org\/festival4\/?page_id=26"},"modified":"2022-11-11T14:33:50","modified_gmt":"2022-11-11T14:33:50","slug":"baixada-1-minuto","status":"publish","type":"page","link":"https:\/\/matecomangu.org\/festival4\/baixada-1-minuto\/","title":{"rendered":"BAIXADA 1 MINUTO"},"content":{"rendered":"<h4 style=\"text-align: left;\">Regulamento<\/h4>\n<p style=\"text-align: left;\">\u2013 Baixada 1 Minuto \u00e9 um concurso de v\u00eddeos de no m\u00e1ximo 1 (um) minuto realizados com o tema Baixada Fluminense.<\/p>\n<p style=\"text-align: left;\">\u2013 As inscri\u00e7\u00f5es v\u00e3o de 05 de outubro a 26 de outubro de 2022 e admite-se a participa\u00e7\u00e3o de qualquer pessoa residente em algum dos munic\u00edpios que comp\u00f5em a Baixada Fluminense (Nova Igua\u00e7u, Duque de Caxias, Mesquita, S\u00e3o Jo\u00e3o de Meriti, Queimados, Nil\u00f3polis, Mag\u00e9, Guapimirim, Belford Roxo, Paracambi, Japeri, Serop\u00e9dica e Itagua\u00ed). Vale tamb\u00e9m para quem tenha nascido na Baixada, mesmo que agora more fora e ainda os que se autodefinam como cidad\u00e3os da Baixada.<\/p>\n<p style=\"text-align: left;\">\u2013 Cada participante pode enviar quantos v\u00eddeos quiser, mas s\u00f3 ser\u00e1 premiado uma \u00fanica vez.<\/p>\n<p style=\"text-align: left;\">\u2013\u00a0 Os v\u00eddeos n\u00e3o podem ser de car\u00e1ter comercial ou institucional com finalidade publicit\u00e1ria.<\/p>\n<p style=\"text-align: left;\">\u2013 Os v\u00eddeos podem ser captados em qualquer formato desde que seja poss\u00edvel disponibiliz\u00e1-los nas condi\u00e7\u00f5es t\u00e9cnicas necess\u00e1rias para compartilhamento via servi\u00e7os de v\u00eddeo pela Internet (youtube, vimeo, iteia, videolog etc).<\/p>\n<p style=\"text-align: left;\">\u2013 N\u00e3o ser\u00e3o aceitos links de v\u00eddeos postados no servi\u00e7o Facebook.<\/p>\n<p style=\"text-align: left;\">\u2013 O Cineclube Mate Com Angu n\u00e3o se responsabilizar\u00e1 pelos eventuais direitos autorais de trilhas sonoras usadas nos filmes.<\/p>\n<p style=\"text-align: left;\">\u2013 Baixada em 1 Minuto \u00e9 organizado pelo Cineclube Mate Com Angu, que disponibilizar\u00e1 os v\u00eddeos para voto popular pela Internet, a partir do dia 27 de outubro de 2022, atrav\u00e9s da plataforma Youtube. Os votos ser\u00e3o os likes (clicadas no bot\u00e3o Gostei da ferramenta) e n\u00e3o os Views (quantidade de vezes em que o v\u00eddeo foi visualizado).<\/p>\n<p style=\"text-align: left;\"><strong>Como participar:<\/strong><\/p>\n<p style=\"text-align: left;\">\u2013 Os v\u00eddeos devem ser colocados na Internet e o link enviado para a organiza\u00e7\u00e3o atrav\u00e9s do formul\u00e1rio <a href=\"https:\/\/matecomangu.org\/festival4\/baixada-1-minuto-inscricao\">https:\/\/matecomangu.org\/festival4\/baixada-1-minuto-inscricao<\/a><\/p>\n<p style=\"text-align: left;\">\u2013 No dia 27 de outubro de 2022 a organiza\u00e7\u00e3o disponibilizar\u00e1 os v\u00eddeos atrav\u00e9s do canal do Mate Com Angu no Youtube, em uma playlist espec\u00edfica.<\/p>\n<p style=\"text-align: left;\">\u2013 Os votos ser\u00e3o computados a partir do dia 27 de outubro at\u00e9 \u00e0s 18h do dia 12 de novembro de 2022, dia da premia\u00e7\u00e3o. Os tr\u00eas com mais curtidas ganhar\u00e3o pr\u00eamios em dinheiro.<\/p>\n<p style=\"text-align: left;\">\u2013 O Mate Com Angu tamb\u00e9m anunciar\u00e1 um v\u00eddeo como ganhador da Escolha do J\u00fari.<\/p>\n<p style=\"text-align: left;\">\u2013 A Premia\u00e7\u00e3o ser\u00e1 realizada na sess\u00e3o Baixada Filma \/ Mate 20 Anos, do Festival Mate Com Angu de Cinema Popular, que ser\u00e1 realizada no dia 12 de novembro de 2022, quando ser\u00e1 comemorado o anivers\u00e1rio de 20 anos do grupo, no Gomeia Galp\u00e3o Criativo, no centro de Duque de Caxias.<\/p>\n<ul style=\"text-align: left;\">\n<li>Os casos n\u00e3o \u00a0\u00a0\u00a0 previstos nesse regulamento ser\u00e3o julgados pela comiss\u00e3o \u00a0\u00a0\u00a0 respons\u00e1vel pelo concurso Baixada 1 Minuto.<\/li>\n<\/ul>\n<p>&nbsp;<\/p>\n<p style=\"text-align: left;\"><strong>PREMIA\u00c7\u00c3O<\/strong><\/p>\n<p style=\"text-align: left;\">1\u00ba Pr\u00eamio \u2013\u00a0 500,00;<\/p>\n<p style=\"text-align: left;\">2\u00ba Pr\u00eamio \u2013\u00a0 300,00;<\/p>\n<p style=\"text-align: left;\">3\u00ba Pr\u00eamio \u2013 100,00.<\/p>\n<p style=\"text-align: left;\">Pr\u00eamio da Curadoria \u2013 300,00<\/p>\n<p style=\"text-align: left;\">* Poder\u00e3o ser concedidos outros pr\u00eamios aos vencedores, conseguidos atrav\u00e9s de parceiros do cineclube.<\/p>\n<p style=\"text-align: left;\">Pr\u00eamio Marmelada \u2013 \u00fanico pr\u00eamio concedido pelo Mate com o objetivo de premiar os realizadores do pr\u00f3prio coletivo. Nessa categoria o vencedor dever\u00e1 premiar a comiss\u00e3o julgadora com uma caixa de cerveja.<\/p>\n","protected":false},"excerpt":{"rendered":"<p>Regulamento \u2013 Baixada 1 Minuto \u00e9 um concurso de v\u00eddeos de no m\u00e1ximo 1 (um) minuto realizados com o tema Baixada Fluminense. \u2013 As inscri\u00e7\u00f5es v\u00e3o de 05 de outubro a 26 de outubro de 2022 e admite-se a participa\u00e7\u00e3o de qualquer pessoa residente em algum dos munic\u00edpios que comp\u00f5em a Baixada Fluminense (Nova Igua\u00e7u,&hellip; <br \/> <a class=\"button small blue\" href=\"https:\/\/matecomangu.org\/festival4\/baixada-1-minuto\/\">Leia mais<\/a><\/p>\n","protected":false},"author":1,"featured_media":0,"parent":0,"menu_order":0,"comment_status":"closed","ping_status":"closed","template":"","meta":{"footnotes":""},"class_list":["post-26","page","type-page","status-publish","hentry"],"featured_image_src":null,"_links":{"self":[{"href":"https:\/\/matecomangu.org\/festival4\/wp-json\/wp\/v2\/pages\/26","targetHints":{"allow":["GET"]}}],"collection":[{"href":"https:\/\/matecomangu.org\/festival4\/wp-json\/wp\/v2\/pages"}],"about":[{"href":"https:\/\/matecomangu.org\/festival4\/wp-json\/wp\/v2\/types\/page"}],"author":[{"embeddable":true,"href":"https:\/\/matecomangu.org\/festival4\/wp-json\/wp\/v2\/users\/1"}],"replies":[{"embeddable":true,"href":"https:\/\/matecomangu.org\/festival4\/wp-json\/wp\/v2\/comments?post=26"}],"version-history":[{"count":6,"href":"https:\/\/matecomangu.org\/festival4\/wp-json\/wp\/v2\/pages\/26\/revisions"}],"predecessor-version":[{"id":227,"href":"https:\/\/matecomangu.org\/festival4\/wp-json\/wp\/v2\/pages\/26\/revisions\/227"}],"wp:attachment":[{"href":"https:\/\/matecomangu.org\/festival4\/wp-json\/wp\/v2\/media?parent=26"}],"curies":[{"name":"wp","href":"https:\/\/api.w.org\/{rel}","templated":true}]}}