{"id":30,"date":"2022-09-12T01:30:15","date_gmt":"2022-09-12T01:30:15","guid":{"rendered":"https:\/\/matecomangu.org\/festival4\/?page_id=30"},"modified":"2022-10-06T03:03:28","modified_gmt":"2022-10-06T03:03:28","slug":"o-mate","status":"publish","type":"page","link":"https:\/\/matecomangu.org\/festival4\/o-mate\/","title":{"rendered":"O MATE"},"content":{"rendered":"<p style=\"text-align: left;\"><strong><img loading=\"lazy\" decoding=\"async\" class=\"size-medium wp-image-106 alignleft\" src=\"https:\/\/matecomangu.org\/festival4\/wp-content\/uploads\/2022\/10\/logo-mate-300x120.jpg\" alt=\"\" width=\"300\" height=\"120\" srcset=\"https:\/\/matecomangu.org\/festival4\/wp-content\/uploads\/2022\/10\/logo-mate-300x120.jpg 300w, https:\/\/matecomangu.org\/festival4\/wp-content\/uploads\/2022\/10\/logo-mate-1024x408.jpg 1024w, https:\/\/matecomangu.org\/festival4\/wp-content\/uploads\/2022\/10\/logo-mate-768x306.jpg 768w, https:\/\/matecomangu.org\/festival4\/wp-content\/uploads\/2022\/10\/logo-mate-1536x612.jpg 1536w, https:\/\/matecomangu.org\/festival4\/wp-content\/uploads\/2022\/10\/logo-mate.jpg 1566w\" sizes=\"auto, (max-width: 300px) 100vw, 300px\" \/>O Cineclube Mate Com Angu <\/strong>atua desde2002 exibindo filmes, produzindo filmes, dinamizando oficinas de audiovisual e provocando auto-olhares.<\/p>\n<p style=\"text-align: left;\">Este ano completa vinte anos de exist\u00eancia e comemora com a realiza\u00e7\u00e3o da quarta edi\u00e7\u00e3o de seu festival de Cinema na regi\u00e3o da Baixada.<\/p>\n<p>&nbsp;<\/p>\n<p style=\"text-align: left;\">Site: <a href=\"http:\/\/www.matecomangu.org\/\">www.matecomangu.org<\/a><\/p>\n<p style=\"text-align: left;\">Facebook: <a href=\"https:\/\/www.facebook.com\/MatecomAngu\">https:\/\/www.facebook.com\/MatecomAngu<\/a><\/p>\n<p style=\"text-align: left;\">Instagram: <a href=\"https:\/\/www.facebook.com\/MatecomAngu\">https:\/\/www.facebook.com\/MatecomAngu<\/a><\/p>\n<p style=\"text-align: left;\">Canal youtube: <a href=\"https:\/\/www.youtube.com\/channel\/UC_i6lfE9yFDHj5RXMWQfn4A\/videos\">https:\/\/www.youtube.com\/matecomangu<\/a><\/p>\n<p style=\"text-align: left;\">Email: <a href=\"mailto:contato@matecomangu.org\">contato@matecomangu.org<\/a><\/p>\n<p style=\"text-align: left;\">\n","protected":false},"excerpt":{"rendered":"<p>O Cineclube Mate Com Angu atua desde2002 exibindo filmes, produzindo filmes, dinamizando oficinas de audiovisual e provocando auto-olhares. Este ano completa vinte anos de exist\u00eancia e comemora com a realiza\u00e7\u00e3o da quarta edi\u00e7\u00e3o de seu festival de Cinema na regi\u00e3o da Baixada. &nbsp; Site: www.matecomangu.org Facebook: https:\/\/www.facebook.com\/MatecomAngu Instagram: https:\/\/www.facebook.com\/MatecomAngu Canal youtube: https:\/\/www.youtube.com\/matecomangu Email: contato@matecomangu.org<\/p>\n","protected":false},"author":1,"featured_media":0,"parent":0,"menu_order":0,"comment_status":"closed","ping_status":"closed","template":"","meta":{"footnotes":""},"class_list":["post-30","page","type-page","status-publish","hentry"],"featured_image_src":null,"_links":{"self":[{"href":"https:\/\/matecomangu.org\/festival4\/wp-json\/wp\/v2\/pages\/30","targetHints":{"allow":["GET"]}}],"collection":[{"href":"https:\/\/matecomangu.org\/festival4\/wp-json\/wp\/v2\/pages"}],"about":[{"href":"https:\/\/matecomangu.org\/festival4\/wp-json\/wp\/v2\/types\/page"}],"author":[{"embeddable":true,"href":"https:\/\/matecomangu.org\/festival4\/wp-json\/wp\/v2\/users\/1"}],"replies":[{"embeddable":true,"href":"https:\/\/matecomangu.org\/festival4\/wp-json\/wp\/v2\/comments?post=30"}],"version-history":[{"count":5,"href":"https:\/\/matecomangu.org\/festival4\/wp-json\/wp\/v2\/pages\/30\/revisions"}],"predecessor-version":[{"id":108,"href":"https:\/\/matecomangu.org\/festival4\/wp-json\/wp\/v2\/pages\/30\/revisions\/108"}],"wp:attachment":[{"href":"https:\/\/matecomangu.org\/festival4\/wp-json\/wp\/v2\/media?parent=30"}],"curies":[{"name":"wp","href":"https:\/\/api.w.org\/{rel}","templated":true}]}}