{"id":63,"date":"2022-09-19T04:19:52","date_gmt":"2022-09-19T04:19:52","guid":{"rendered":"https:\/\/matecomangu.org\/festival4\/?page_id=63"},"modified":"2022-11-06T14:16:37","modified_gmt":"2022-11-06T14:16:37","slug":"sobre-o-concurso","status":"publish","type":"page","link":"https:\/\/matecomangu.org\/festival4\/sobre-o-concurso\/","title":{"rendered":"SOBRE O CONCURSO"},"content":{"rendered":"<p style=\"text-align: left;\"><strong><em>\u201cVoc\u00ea teria um minutinho pra ouvir a palavra da Baixada?\u201d<\/em><\/strong><\/p>\n<p style=\"text-align: left;\">\u00c9 com esse mote que o cineclube Mate Com Angu lan\u00e7a hoje mais uma edi\u00e7\u00e3o do concurso <strong>Baixada 1 Minuto<\/strong>, com direito a premia\u00e7\u00e3o em dinheiro e exibi\u00e7\u00e3o em noite de gala, durante a comemora\u00e7\u00e3o de anivers\u00e1rio de vinte anos do grupo em novembro.<\/p>\n<p style=\"text-align: left;\">A ideia do concurso \u00e9 incentivar a produ\u00e7\u00e3o de olhares de s\u00edntese sobre a regi\u00e3o, provocando significados e narrativas, com filmes que podem ser realizados em qualquer formato de capta\u00e7\u00e3o de v\u00eddeo.<\/p>\n<p style=\"text-align: left;\">Podem concorrer pessoas que moram em algum dos munic\u00edpios da regi\u00e3o ou que s\u00e3o oriundos dela e a escolha ser\u00e1 atrav\u00e9s de voto popular pela internet, no canal do coletivo na plataforma Youtube.<\/p>\n<p style=\"text-align: left;\">As inscri\u00e7\u00f5es v\u00e3o de 05 de outubro de 2022 a 26 de outubro de 2022 e a vota\u00e7\u00e3o come\u00e7a j\u00e1 a partir do dia 27 de outubro. A premia\u00e7\u00e3o vai acontecer no dia 11 de novembro, dentro da Sess\u00e3o Mate Com Angu 20 Anos, junto com exibi\u00e7\u00e3o de filmes, show e festa.<\/p>\n<p style=\"text-align: left;\">Para o regulamento e o link para inscri\u00e7\u00f5es no Concurso basta ir em <a href=\"https:\/\/matecomangu.org\/festival4\/baixada-1-minuto-inscricao\">https:\/\/matecomangu.org\/festival4\/baixada-1-minuto-inscricao<\/a><\/p>\n","protected":false},"excerpt":{"rendered":"<p>\u201cVoc\u00ea teria um minutinho pra ouvir a palavra da Baixada?\u201d \u00c9 com esse mote que o cineclube Mate Com Angu lan\u00e7a hoje mais uma edi\u00e7\u00e3o do concurso Baixada 1 Minuto, com direito a premia\u00e7\u00e3o em dinheiro e exibi\u00e7\u00e3o em noite de gala, durante a comemora\u00e7\u00e3o de anivers\u00e1rio de vinte anos do grupo em novembro. A&hellip; <br \/> <a class=\"button small blue\" href=\"https:\/\/matecomangu.org\/festival4\/sobre-o-concurso\/\">Leia mais<\/a><\/p>\n","protected":false},"author":1,"featured_media":0,"parent":0,"menu_order":0,"comment_status":"closed","ping_status":"closed","template":"","meta":{"footnotes":""},"class_list":["post-63","page","type-page","status-publish","hentry"],"featured_image_src":null,"_links":{"self":[{"href":"https:\/\/matecomangu.org\/festival4\/wp-json\/wp\/v2\/pages\/63","targetHints":{"allow":["GET"]}}],"collection":[{"href":"https:\/\/matecomangu.org\/festival4\/wp-json\/wp\/v2\/pages"}],"about":[{"href":"https:\/\/matecomangu.org\/festival4\/wp-json\/wp\/v2\/types\/page"}],"author":[{"embeddable":true,"href":"https:\/\/matecomangu.org\/festival4\/wp-json\/wp\/v2\/users\/1"}],"replies":[{"embeddable":true,"href":"https:\/\/matecomangu.org\/festival4\/wp-json\/wp\/v2\/comments?post=63"}],"version-history":[{"count":4,"href":"https:\/\/matecomangu.org\/festival4\/wp-json\/wp\/v2\/pages\/63\/revisions"}],"predecessor-version":[{"id":216,"href":"https:\/\/matecomangu.org\/festival4\/wp-json\/wp\/v2\/pages\/63\/revisions\/216"}],"wp:attachment":[{"href":"https:\/\/matecomangu.org\/festival4\/wp-json\/wp\/v2\/media?parent=63"}],"curies":[{"name":"wp","href":"https:\/\/api.w.org\/{rel}","templated":true}]}}