{"id":9,"date":"2022-09-08T14:52:22","date_gmt":"2022-09-08T14:52:22","guid":{"rendered":"https:\/\/matecomangu.org\/festival4\/?page_id=9"},"modified":"2022-11-06T14:15:31","modified_gmt":"2022-11-06T14:15:31","slug":"sobre-o-festival","status":"publish","type":"page","link":"https:\/\/matecomangu.org\/festival4\/sobre-o-festival\/","title":{"rendered":"SOBRE O FESTIVAL"},"content":{"rendered":"<p style=\"text-align: left;\"><span style=\"font-size: x-large;\"><b>Festival de Cinema agita Caxias em novembro<\/b><\/span><\/p>\n<p style=\"text-align: left;\"><span style=\"font-size: large;\"><i><b>Evento tamb\u00e9m vai celebrar os vinte anos do coletivo Mate Com Angu<\/b><\/i><\/span><\/p>\n<p style=\"text-align: left;\">O Festival Mate Com Angu de Cinema Popular entra em sua quarta edi\u00e7\u00e3o com todo o g\u00e1s, trazendo uma programa\u00e7\u00e3o toda gratuita e diversa para a Baixada Fluminense.<\/p>\n<p style=\"text-align: left;\">Com o mote desse ano &#8220;Nunca Foi F\u00e1cil&#8221;, o evento acontecer\u00e1 de 9 a 15 de novembro em Duque de Caxias, com direito a uma sess\u00e3o especial de encerramento na Cinemateca do MAM, o Museu de Arte Moderna, na cidade do Rio de Janeiro.<\/p>\n<p style=\"text-align: left;\">Assim como nas outras edi\u00e7\u00f5es, o Festival vai trazer uma mostra competitiva de curtas-metragens, exibi\u00e7\u00e3o de longas, lan\u00e7amentos, debates e ainda um novo Baixada 1 Minuto, concurso voltado \u00e0 produ\u00e7\u00e3o de filmes de um minuto sobre a regi\u00e3o, com voto popular e premia\u00e7\u00e3o em dinheiro.<\/p>\n<p style=\"text-align: left;\">Nesse ano, o coletivo Mate Com Angu completa vinte anos de atividades que envolvem exibi\u00e7\u00e3o, produ\u00e7\u00e3o de filmes e oficinas de audiovisual, e de acordo com um dos coordenadores do Festival, Heraldo HB, a ideia \u00e9 celebrar a data com bastante energia. \u201cUm festival sempre \u00e9 um lugar privilegiado de encontro e celebra\u00e7\u00e3o, e essa edi\u00e7\u00e3o vai marcar muito esse clima de festa\u201d, afirma Heraldo. \u201cAl\u00e9m disso, a programa\u00e7\u00e3o reafirma a grande voca\u00e7\u00e3o de audiovisual da Baixada Fluminense, que est\u00e1 em um momento muito efervescente\u201d.<\/p>\n<p style=\"text-align: left;\">Como um dos destaques, na noite de s\u00e1bado, dia 11, acontece uma sess\u00e3o de comemora\u00e7\u00e3o do anivers\u00e1rio do grupo, com cerim\u00f4nia de premia\u00e7\u00e3o, show e uma super festa comandada pelo DJ Rodrigo Cavalcanti. Cavalcanti integra o Mate e \u00e9 fundador da conhecida festa Junkie Session, que esse ano completa dez anos.<\/p>\n<p style=\"text-align: left;\">O evento \u00e9 uma realiza\u00e7\u00e3o do Cineclube Mate Com Angu com produ\u00e7\u00e3o da Abacateiro Produ\u00e7\u00f5es e co-produ\u00e7\u00e3o da Virt\u00f9 Produ\u00e7\u00f5es, ainda contando com apoio da Cinemateca do MAM, Museu de Arte Moderna, da Febf\/Uerj, a Faculdade de Educa\u00e7\u00e3o da Baixada Fluminense, o Museu Ci\u00eancia e Vida, o Bloco Imp\u00e9rio do Gramacho e do Gomeia Galp\u00e3o Criativo.<\/p>\n<p style=\"text-align: left;\">O Festival foi contemplado e contou com recursos do edital Retomada Cultural 2, da Secretaria de Estado de Cultura do Rio de Janeiro.<\/p>\n<p style=\"text-align: left;\">.<\/p>\n<p style=\"text-align: left;\"><a href=\"https:\/\/web.facebook.com\/hashtag\/retomadaculturalrj?__eep__=6&amp;__cft__[0]=AZUMQpN-vKcTkSveuzEVUS2-ixTJupjPq_6r1UD-EWGgDenLREMMDnR67vECHA45pwrWJaKKgCHM3dGanet-piAb-fY1ItDYuE-9cteLFutn0A&amp;__tn__=*NK-R\">#RetomadaCulturalRJ<\/a> <a href=\"https:\/\/web.facebook.com\/hashtag\/sececrj?__eep__=6&amp;__cft__[0]=AZUMQpN-vKcTkSveuzEVUS2-ixTJupjPq_6r1UD-EWGgDenLREMMDnR67vECHA45pwrWJaKKgCHM3dGanet-piAb-fY1ItDYuE-9cteLFutn0A&amp;__tn__=*NK-R\">#sececrj<\/a><\/p>\n","protected":false},"excerpt":{"rendered":"<p>Festival de Cinema agita Caxias em novembro Evento tamb\u00e9m vai celebrar os vinte anos do coletivo Mate Com Angu O Festival Mate Com Angu de Cinema Popular entra em sua quarta edi\u00e7\u00e3o com todo o g\u00e1s, trazendo uma programa\u00e7\u00e3o toda gratuita e diversa para a Baixada Fluminense. Com o mote desse ano &#8220;Nunca Foi F\u00e1cil&#8221;,&hellip; <br \/> <a class=\"button small blue\" href=\"https:\/\/matecomangu.org\/festival4\/sobre-o-festival\/\">Leia mais<\/a><\/p>\n","protected":false},"author":1,"featured_media":0,"parent":0,"menu_order":0,"comment_status":"closed","ping_status":"closed","template":"","meta":{"footnotes":""},"class_list":["post-9","page","type-page","status-publish","hentry"],"featured_image_src":null,"_links":{"self":[{"href":"https:\/\/matecomangu.org\/festival4\/wp-json\/wp\/v2\/pages\/9","targetHints":{"allow":["GET"]}}],"collection":[{"href":"https:\/\/matecomangu.org\/festival4\/wp-json\/wp\/v2\/pages"}],"about":[{"href":"https:\/\/matecomangu.org\/festival4\/wp-json\/wp\/v2\/types\/page"}],"author":[{"embeddable":true,"href":"https:\/\/matecomangu.org\/festival4\/wp-json\/wp\/v2\/users\/1"}],"replies":[{"embeddable":true,"href":"https:\/\/matecomangu.org\/festival4\/wp-json\/wp\/v2\/comments?post=9"}],"version-history":[{"count":6,"href":"https:\/\/matecomangu.org\/festival4\/wp-json\/wp\/v2\/pages\/9\/revisions"}],"predecessor-version":[{"id":215,"href":"https:\/\/matecomangu.org\/festival4\/wp-json\/wp\/v2\/pages\/9\/revisions\/215"}],"wp:attachment":[{"href":"https:\/\/matecomangu.org\/festival4\/wp-json\/wp\/v2\/media?parent=9"}],"curies":[{"name":"wp","href":"https:\/\/api.w.org\/{rel}","templated":true}]}}