{"id":112,"date":"2025-07-15T20:50:32","date_gmt":"2025-07-15T20:50:32","guid":{"rendered":"https:\/\/matecomangu.org\/festival5\/?page_id=112"},"modified":"2025-10-19T22:24:31","modified_gmt":"2025-10-19T22:24:31","slug":"baixada-1-minuto","status":"publish","type":"page","link":"https:\/\/matecomangu.org\/festival5\/index.php\/baixada-1-minuto\/","title":{"rendered":"BAIXADA 1 MINUTO"},"content":{"rendered":"<p lang=\"pt-PT\">\u201c<i><b>Voc\u00ea teria um minutinho pra ouvir a palavra da Baixada?\u201d<\/b><\/i><\/p>\n<p>Mais um Festival e dentro dele mais uma edi\u00e7\u00e3o do Concurso Baixada 1 Minuto. E esse ano foram 30 inscri\u00e7\u00f5es, de v\u00e1rias cidades da regi\u00e3o. Os filmes est\u00e3o nesta <a href=\"https:\/\/www.youtube.com\/playlist?list=PLAhbhhbhNaDcu_SRhsx7FWEz6c2cAZa29\" target=\"_blank\" rel=\"noopener\"><strong>playlist<\/strong><\/a> no canal do Mate no youtube. Assista e vote nos seus preferidos. Lembrando que o voto \u00e9 a clicada no bot\u00e3o Gostei, o famoso like (e n\u00e3o a quantidade de visualiza\u00e7\u00f5es, bel\u00ea?)<\/p>\n<p>A premia\u00e7\u00e3o ser\u00e1 na noite de encerramento do Festival, no dia 01 de novembro e a vota\u00e7\u00e3o vai at\u00e9 \u00e0s 18h desse dia.<\/p>\n<p>&nbsp;<\/p>\n<p><iframe loading=\"lazy\" title=\"Baixada 1 Minuto 2025 - VOTA\u00c7\u00c3O ABERTA!\" width=\"925\" height=\"520\" src=\"https:\/\/www.youtube.com\/embed\/videoseries?list=PLAhbhhbhNaDcu_SRhsx7FWEz6c2cAZa29\" frameborder=\"0\" allow=\"accelerometer; autoplay; clipboard-write; encrypted-media; gyroscope; picture-in-picture; web-share\" referrerpolicy=\"strict-origin-when-cross-origin\" allowfullscreen><\/iframe><\/p>\n<p><img loading=\"lazy\" decoding=\"async\" class=\"alignnone wp-image-248 size-full\" src=\"https:\/\/matecomangu.org\/festival5\/wp-content\/uploads\/2025\/10\/bxd1min.jpg\" alt=\"\" width=\"640\" height=\"567\" srcset=\"https:\/\/matecomangu.org\/festival5\/wp-content\/uploads\/2025\/10\/bxd1min.jpg 640w, https:\/\/matecomangu.org\/festival5\/wp-content\/uploads\/2025\/10\/bxd1min-300x266.jpg 300w, https:\/\/matecomangu.org\/festival5\/wp-content\/uploads\/2025\/10\/bxd1min-68x60.jpg 68w\" sizes=\"auto, (max-width: 640px) 100vw, 640px\" \/><\/p>\n","protected":false},"excerpt":{"rendered":"<p>\u201cVoc\u00ea teria um minutinho pra ouvir a palavra da Baixada?\u201d Mais um Festival e dentro dele mais uma edi\u00e7\u00e3o do Concurso Baixada 1 Minuto. E esse ano foram 30 inscri\u00e7\u00f5es, de v\u00e1rias cidades da regi\u00e3o. Os filmes est\u00e3o nesta playlist no canal do Mate no youtube. Assista e vote nos seus preferidos. Lembrando que o &hellip; <\/p>\n","protected":false},"author":1,"featured_media":248,"parent":0,"menu_order":0,"comment_status":"closed","ping_status":"closed","template":"","meta":{"footnotes":""},"class_list":["post-112","page","type-page","status-publish","has-post-thumbnail","hentry"],"_links":{"self":[{"href":"https:\/\/matecomangu.org\/festival5\/index.php\/wp-json\/wp\/v2\/pages\/112","targetHints":{"allow":["GET"]}}],"collection":[{"href":"https:\/\/matecomangu.org\/festival5\/index.php\/wp-json\/wp\/v2\/pages"}],"about":[{"href":"https:\/\/matecomangu.org\/festival5\/index.php\/wp-json\/wp\/v2\/types\/page"}],"author":[{"embeddable":true,"href":"https:\/\/matecomangu.org\/festival5\/index.php\/wp-json\/wp\/v2\/users\/1"}],"replies":[{"embeddable":true,"href":"https:\/\/matecomangu.org\/festival5\/index.php\/wp-json\/wp\/v2\/comments?post=112"}],"version-history":[{"count":8,"href":"https:\/\/matecomangu.org\/festival5\/index.php\/wp-json\/wp\/v2\/pages\/112\/revisions"}],"predecessor-version":[{"id":249,"href":"https:\/\/matecomangu.org\/festival5\/index.php\/wp-json\/wp\/v2\/pages\/112\/revisions\/249"}],"wp:featuredmedia":[{"embeddable":true,"href":"https:\/\/matecomangu.org\/festival5\/index.php\/wp-json\/wp\/v2\/media\/248"}],"wp:attachment":[{"href":"https:\/\/matecomangu.org\/festival5\/index.php\/wp-json\/wp\/v2\/media?parent=112"}],"curies":[{"name":"wp","href":"https:\/\/api.w.org\/{rel}","templated":true}]}}