{"id":141,"date":"2025-09-17T15:49:30","date_gmt":"2025-09-17T15:49:30","guid":{"rendered":"https:\/\/matecomangu.org\/festival5\/?page_id=141"},"modified":"2025-10-19T15:09:58","modified_gmt":"2025-10-19T15:09:58","slug":"dia-23-10-quinta-feira","status":"publish","type":"page","link":"https:\/\/matecomangu.org\/festival5\/index.php\/dia-23-10-quinta-feira\/","title":{"rendered":"DIA 23\/10, QUINTA-FEIRA"},"content":{"rendered":"<p><strong>Gomeia Galp\u00e3o Criativo:<\/strong><br \/>\nPrograma\u00e7\u00e3o a partir das 19h<\/p>\n<p>Cerim\u00f4nia de Abertura<br \/>\n20h \u2013 Curta de abertura: Dois Nilos, dire\u00e7\u00e3o de Samuel Lobo e Rodrigo de Janeiro (18min)<br \/>\nEstreia do filme Amuleto, de Heraldo HB e Igor Barradas<br \/>\nSinopse: A hist\u00f3ria de \u201cO Amuleto de Ogum\u201d, filme de Nelson Pereira dos Santos de 1974, a partir da perspectiva de Duque de Caxias, revelando de que maneira artistas perif\u00e9ricos tamb\u00e9m sonharam o cinema brasileiro. \u00c9 um ato pol\u00edtico que mostra como a periferia n\u00e3o apenas foi representada, mas tamb\u00e9m produziu contra todas as probabilidades.<br \/>\n2025 \u2013 93min<br \/>\nDJ Cavalcanti<\/p>\n<p>&nbsp;<\/p>\n<p><strong>ENDERE\u00c7OS:<\/strong><\/p>\n<p><strong>Gomeia Galp\u00e3o Criativo<\/strong><br \/>\nRua Dr. Lauro Neiva, 32, Duque de Caxias, RJ<br \/>\nhttps:\/\/maps.app.goo.gl\/qh9pVQ3BihdJbfdu8<\/p>\n<p>&nbsp;<\/p>\n","protected":false},"excerpt":{"rendered":"<p>Gomeia Galp\u00e3o Criativo: Programa\u00e7\u00e3o a partir das 19h Cerim\u00f4nia de Abertura 20h \u2013 Curta de abertura: Dois Nilos, dire\u00e7\u00e3o de Samuel Lobo e Rodrigo de Janeiro (18min) Estreia do filme Amuleto, de Heraldo HB e Igor Barradas Sinopse: A hist\u00f3ria de \u201cO Amuleto de Ogum\u201d, filme de Nelson Pereira dos Santos de 1974, a partir &hellip; <\/p>\n","protected":false},"author":1,"featured_media":0,"parent":0,"menu_order":0,"comment_status":"closed","ping_status":"closed","template":"","meta":{"footnotes":""},"class_list":["post-141","page","type-page","status-publish","hentry"],"_links":{"self":[{"href":"https:\/\/matecomangu.org\/festival5\/index.php\/wp-json\/wp\/v2\/pages\/141","targetHints":{"allow":["GET"]}}],"collection":[{"href":"https:\/\/matecomangu.org\/festival5\/index.php\/wp-json\/wp\/v2\/pages"}],"about":[{"href":"https:\/\/matecomangu.org\/festival5\/index.php\/wp-json\/wp\/v2\/types\/page"}],"author":[{"embeddable":true,"href":"https:\/\/matecomangu.org\/festival5\/index.php\/wp-json\/wp\/v2\/users\/1"}],"replies":[{"embeddable":true,"href":"https:\/\/matecomangu.org\/festival5\/index.php\/wp-json\/wp\/v2\/comments?post=141"}],"version-history":[{"count":5,"href":"https:\/\/matecomangu.org\/festival5\/index.php\/wp-json\/wp\/v2\/pages\/141\/revisions"}],"predecessor-version":[{"id":217,"href":"https:\/\/matecomangu.org\/festival5\/index.php\/wp-json\/wp\/v2\/pages\/141\/revisions\/217"}],"wp:attachment":[{"href":"https:\/\/matecomangu.org\/festival5\/index.php\/wp-json\/wp\/v2\/media?parent=141"}],"curies":[{"name":"wp","href":"https:\/\/api.w.org\/{rel}","templated":true}]}}