{"id":145,"date":"2025-09-17T15:49:54","date_gmt":"2025-09-17T15:49:54","guid":{"rendered":"https:\/\/matecomangu.org\/festival5\/?page_id=145"},"modified":"2025-10-19T15:10:27","modified_gmt":"2025-10-19T15:10:27","slug":"dia-25-10-sabado","status":"publish","type":"page","link":"https:\/\/matecomangu.org\/festival5\/index.php\/dia-25-10-sabado\/","title":{"rendered":"DIA 25\/10, S\u00c1BADO"},"content":{"rendered":"<p><strong>Casar\u00e3o Cultural<\/strong><br \/>\n16h Mostra Competitiva Nacional\u00a0 5<br \/>\n18h \u2013 Mostra Competitiva telaBXD 1<br \/>\n20h \u2013 Mostra Competitiva Nacional 3<\/p>\n<p><strong>Gomeia Galp\u00e3o Criativo:<\/strong><br \/>\n10h \u2013 Por um Pensamento Cr\u00edtico Intempestivo \u2013 Oficina com Maria Bogado<br \/>\n14h \u2013 Lan\u00e7amento do livro Cineclubismo Fluminense: 95 Anos de Hist\u00f3ria, de Drica Carneiro<br \/>\n14h30min \u2013 Minc na Roda \u2013 Encontro com realizadores da Baixada \u2013 com Joelma Gonzaga (SAV\/MINC), Catu Rizo, Igor Barradas e Liliane Leroux (FEBF\/Uerj). Media\u00e7\u00e3o de Clara de Deus<br \/>\n17h \u2013 Mostra Competitiva telaBXD 2<br \/>\n20h15min \u2013 Mostra Competitiva Nacional 2<br \/>\n22h \u2013 Curta de abertura: Al\u00e1fia, dire\u00e7\u00e3o de Cecilia Fontenele (14min)<br \/>\n\u00d4R\u00cd, longa-metragem de Raquel Gerber<br \/>\nSinopse: \u00d4R\u00cd participa da vida e da organiza\u00e7\u00e3o dos movimentos negros no Brasil nos anos 70 e 80, com o tema da supera\u00e7\u00e3o da quest\u00e3o racial pelo desafio da sobreviv\u00eancia planet\u00e1ria e a quest\u00e3o negra dentro da quest\u00e3o nacional com o tema dos Quilombos.<br \/>\n93min<\/p>\n<p>&nbsp;<\/p>\n<p><strong>ENDERE\u00c7OS:<\/strong><\/p>\n<p><strong>Casar\u00e3o Cultural<\/strong><br \/>\nAv Primavera, 761, Jardim Primavera, Duque de Caxias, RJ<br \/>\nhttps:\/\/maps.app.goo.gl\/DhzevesQxtHwdwKZ8<\/p>\n<p><strong>Gomeia Galp\u00e3o Criativo<\/strong><br \/>\nRua Dr. Lauro Neiva, 32, Duque de Caxias, RJ<br \/>\nhttps:\/\/maps.app.goo.gl\/qh9pVQ3BihdJbfdu8<\/p>\n<p><strong>Pra\u00e7a da esta\u00e7\u00e3o de Imbari\u00ea<\/strong><br \/>\nPra\u00e7a Ern\u00e2ni do Amaral Peixoto, 3156, Imbari\u00ea, Duque de Caxias, RJ<br \/>\nhttps:\/\/maps.app.goo.gl\/9vAPB8udCLmdv23D6<\/p>\n","protected":false},"excerpt":{"rendered":"<p>Casar\u00e3o Cultural 16h Mostra Competitiva Nacional\u00a0 5 18h \u2013 Mostra Competitiva telaBXD 1 20h \u2013 Mostra Competitiva Nacional 3 Gomeia Galp\u00e3o Criativo: 10h \u2013 Por um Pensamento Cr\u00edtico Intempestivo \u2013 Oficina com Maria Bogado 14h \u2013 Lan\u00e7amento do livro Cineclubismo Fluminense: 95 Anos de Hist\u00f3ria, de Drica Carneiro 14h30min \u2013 Minc na Roda \u2013 Encontro &hellip; <\/p>\n","protected":false},"author":1,"featured_media":0,"parent":0,"menu_order":0,"comment_status":"closed","ping_status":"closed","template":"","meta":{"footnotes":""},"class_list":["post-145","page","type-page","status-publish","hentry"],"_links":{"self":[{"href":"https:\/\/matecomangu.org\/festival5\/index.php\/wp-json\/wp\/v2\/pages\/145","targetHints":{"allow":["GET"]}}],"collection":[{"href":"https:\/\/matecomangu.org\/festival5\/index.php\/wp-json\/wp\/v2\/pages"}],"about":[{"href":"https:\/\/matecomangu.org\/festival5\/index.php\/wp-json\/wp\/v2\/types\/page"}],"author":[{"embeddable":true,"href":"https:\/\/matecomangu.org\/festival5\/index.php\/wp-json\/wp\/v2\/users\/1"}],"replies":[{"embeddable":true,"href":"https:\/\/matecomangu.org\/festival5\/index.php\/wp-json\/wp\/v2\/comments?post=145"}],"version-history":[{"count":5,"href":"https:\/\/matecomangu.org\/festival5\/index.php\/wp-json\/wp\/v2\/pages\/145\/revisions"}],"predecessor-version":[{"id":219,"href":"https:\/\/matecomangu.org\/festival5\/index.php\/wp-json\/wp\/v2\/pages\/145\/revisions\/219"}],"wp:attachment":[{"href":"https:\/\/matecomangu.org\/festival5\/index.php\/wp-json\/wp\/v2\/media?parent=145"}],"curies":[{"name":"wp","href":"https:\/\/api.w.org\/{rel}","templated":true}]}}