{"id":149,"date":"2025-09-17T15:50:50","date_gmt":"2025-09-17T15:50:50","guid":{"rendered":"https:\/\/matecomangu.org\/festival5\/?page_id=149"},"modified":"2025-10-19T15:11:04","modified_gmt":"2025-10-19T15:11:04","slug":"dia-31-10-sexta-feira","status":"publish","type":"page","link":"https:\/\/matecomangu.org\/festival5\/index.php\/dia-31-10-sexta-feira\/","title":{"rendered":"DIA 31\/10, SEXTA-FEIRA"},"content":{"rendered":"<p><strong>Escola Municipal Santa Luzia,<\/strong> Santa Cruz da Serra<br \/>\n14h \u2013 Sess\u00e3o Escola<br \/>\nFilmes com tradu\u00e7\u00e3o em libras e\/ou legendagem descritiva<\/p>\n<p><strong>Gomeia Galp\u00e3o Criativo:<\/strong><br \/>\n14h \u2013 Sess\u00e3o Escola<br \/>\n16h \u2013 Mostra Competitiva Nacional 5<br \/>\n16h \u2013 Oficina Introdu\u00e7\u00e3o \u00e0 Acessibilidade no Audiovisual, com Joana Peregrino<br \/>\n18h \u2013 Mostra Competitiva Nacional 4<br \/>\n20h \u2013 Bacia dos Sonhos \u2013 filme com performance sonora ao vivo de Anne Santos e Jo\u00e3o Louren\u00e7o<br \/>\n29min<br \/>\n21h \u2013 Mato Seco em Chamas, longa-metragem de Joana Pimenta e Adirley Queir\u00f3s<br \/>\nSinopse: Na favela de Sol Nascente, na Ceil\u00e2ndia, a principal moeda de troca entre grupos inimigos \u00e9 o petr\u00f3leo. Chitara, grande gasolineira da regi\u00e3o, tenta fidelizar a clientela junto ao seu po\u00e7o particular com a ajuda da irm\u00e3. Quando o Brasil se torna mais conservador e amea\u00e7a votar na extrema-direita, o posicionamento de Chitara se transforma em um ato pol\u00edtico.<br \/>\n153min<br \/>\nSess\u00e3o com a presen\u00e7a, diretamente de Ceil\u00e2ndia-DF, do diretor Adirley Queir\u00f3s<\/p>\n<p>&nbsp;<\/p>\n<p><strong>ENDERE\u00c7OS:<\/strong><\/p>\n<p><strong>Casar\u00e3o Cultural<\/strong><br \/>\nAv Primavera, 761, Jardim Primavera, Duque de Caxias, RJ<br \/>\nhttps:\/\/maps.app.goo.gl\/DhzevesQxtHwdwKZ8<\/p>\n<p><strong>Gomeia Galp\u00e3o Criativo<\/strong><br \/>\nRua Dr. Lauro Neiva, 32, Duque de Caxias, RJ<br \/>\nhttps:\/\/maps.app.goo.gl\/qh9pVQ3BihdJbfdu8<\/p>\n<p><strong>Pra\u00e7a da esta\u00e7\u00e3o de Imbari\u00ea<\/strong><br \/>\nPra\u00e7a Ern\u00e2ni do Amaral Peixoto, 3156, Imbari\u00ea, Duque de Caxias, RJ<br \/>\nhttps:\/\/maps.app.goo.gl\/9vAPB8udCLmdv23D6<\/p>\n","protected":false},"excerpt":{"rendered":"<p>Escola Municipal Santa Luzia, Santa Cruz da Serra 14h \u2013 Sess\u00e3o Escola Filmes com tradu\u00e7\u00e3o em libras e\/ou legendagem descritiva Gomeia Galp\u00e3o Criativo: 14h \u2013 Sess\u00e3o Escola 16h \u2013 Mostra Competitiva Nacional 5 16h \u2013 Oficina Introdu\u00e7\u00e3o \u00e0 Acessibilidade no Audiovisual, com Joana Peregrino 18h \u2013 Mostra Competitiva Nacional 4 20h \u2013 Bacia dos Sonhos &hellip; <\/p>\n","protected":false},"author":1,"featured_media":0,"parent":0,"menu_order":0,"comment_status":"closed","ping_status":"closed","template":"","meta":{"footnotes":""},"class_list":["post-149","page","type-page","status-publish","hentry"],"_links":{"self":[{"href":"https:\/\/matecomangu.org\/festival5\/index.php\/wp-json\/wp\/v2\/pages\/149","targetHints":{"allow":["GET"]}}],"collection":[{"href":"https:\/\/matecomangu.org\/festival5\/index.php\/wp-json\/wp\/v2\/pages"}],"about":[{"href":"https:\/\/matecomangu.org\/festival5\/index.php\/wp-json\/wp\/v2\/types\/page"}],"author":[{"embeddable":true,"href":"https:\/\/matecomangu.org\/festival5\/index.php\/wp-json\/wp\/v2\/users\/1"}],"replies":[{"embeddable":true,"href":"https:\/\/matecomangu.org\/festival5\/index.php\/wp-json\/wp\/v2\/comments?post=149"}],"version-history":[{"count":4,"href":"https:\/\/matecomangu.org\/festival5\/index.php\/wp-json\/wp\/v2\/pages\/149\/revisions"}],"predecessor-version":[{"id":221,"href":"https:\/\/matecomangu.org\/festival5\/index.php\/wp-json\/wp\/v2\/pages\/149\/revisions\/221"}],"wp:attachment":[{"href":"https:\/\/matecomangu.org\/festival5\/index.php\/wp-json\/wp\/v2\/media?parent=149"}],"curies":[{"name":"wp","href":"https:\/\/api.w.org\/{rel}","templated":true}]}}