{"id":151,"date":"2025-09-17T15:51:02","date_gmt":"2025-09-17T15:51:02","guid":{"rendered":"https:\/\/matecomangu.org\/festival5\/?page_id=151"},"modified":"2025-10-19T15:12:18","modified_gmt":"2025-10-19T15:12:18","slug":"01-11-sabado","status":"publish","type":"page","link":"https:\/\/matecomangu.org\/festival5\/index.php\/01-11-sabado\/","title":{"rendered":"01\/11, S\u00c1BADO"},"content":{"rendered":"<p><strong>Gomeia Galp\u00e3o Criativo:<\/strong><br \/>\n14h \u2013 Aula Aberta sobre Montagem, com Cristina Amaral<br \/>\n16h20min \u2013 MOSTRA COMPETITIVA telaBXD 1<br \/>\n18h \u2013 MOSTRA COMPETITIVA NACIONAL 1<br \/>\n20h \u2013 Encerramento do Festival<br \/>\nCerim\u00f4nia de premia\u00e7\u00e3o com entrega do trof\u00e9u Angu de Ouro<br \/>\nHomenagem a Severino Dad\u00e1 e Cristina Amaral<br \/>\nPremia\u00e7\u00e3o Baixada 1 Minuto<br \/>\nPremia\u00e7\u00e3o Mostras Competitivas de Curtas<br \/>\nShow com Caxtrinho<br \/>\nFesta com Jacquelone<\/p>\n<p>&nbsp;<\/p>\n<p><strong>ENDERE\u00c7O:<\/strong><\/p>\n<p><strong>Gomeia Galp\u00e3o Criativo<\/strong><br \/>\nRua Dr. Lauro Neiva, 32, Duque de Caxias, RJ<br \/>\nhttps:\/\/maps.app.goo.gl\/qh9pVQ3BihdJbfdu8<\/p>\n","protected":false},"excerpt":{"rendered":"<p>Gomeia Galp\u00e3o Criativo: 14h \u2013 Aula Aberta sobre Montagem, com Cristina Amaral 16h20min \u2013 MOSTRA COMPETITIVA telaBXD 1 18h \u2013 MOSTRA COMPETITIVA NACIONAL 1 20h \u2013 Encerramento do Festival Cerim\u00f4nia de premia\u00e7\u00e3o com entrega do trof\u00e9u Angu de Ouro Homenagem a Severino Dad\u00e1 e Cristina Amaral Premia\u00e7\u00e3o Baixada 1 Minuto Premia\u00e7\u00e3o Mostras Competitivas de Curtas &hellip; <\/p>\n","protected":false},"author":1,"featured_media":0,"parent":0,"menu_order":0,"comment_status":"closed","ping_status":"closed","template":"","meta":{"footnotes":""},"class_list":["post-151","page","type-page","status-publish","hentry"],"_links":{"self":[{"href":"https:\/\/matecomangu.org\/festival5\/index.php\/wp-json\/wp\/v2\/pages\/151","targetHints":{"allow":["GET"]}}],"collection":[{"href":"https:\/\/matecomangu.org\/festival5\/index.php\/wp-json\/wp\/v2\/pages"}],"about":[{"href":"https:\/\/matecomangu.org\/festival5\/index.php\/wp-json\/wp\/v2\/types\/page"}],"author":[{"embeddable":true,"href":"https:\/\/matecomangu.org\/festival5\/index.php\/wp-json\/wp\/v2\/users\/1"}],"replies":[{"embeddable":true,"href":"https:\/\/matecomangu.org\/festival5\/index.php\/wp-json\/wp\/v2\/comments?post=151"}],"version-history":[{"count":5,"href":"https:\/\/matecomangu.org\/festival5\/index.php\/wp-json\/wp\/v2\/pages\/151\/revisions"}],"predecessor-version":[{"id":222,"href":"https:\/\/matecomangu.org\/festival5\/index.php\/wp-json\/wp\/v2\/pages\/151\/revisions\/222"}],"wp:attachment":[{"href":"https:\/\/matecomangu.org\/festival5\/index.php\/wp-json\/wp\/v2\/media?parent=151"}],"curies":[{"name":"wp","href":"https:\/\/api.w.org\/{rel}","templated":true}]}}