{"id":235,"date":"2025-10-19T19:57:55","date_gmt":"2025-10-19T19:57:55","guid":{"rendered":"https:\/\/matecomangu.org\/festival5\/?page_id=235"},"modified":"2025-10-19T19:58:07","modified_gmt":"2025-10-19T19:58:07","slug":"235-2","status":"publish","type":"page","link":"https:\/\/matecomangu.org\/festival5\/index.php\/235-2\/","title":{"rendered":"HOMENAGENS"},"content":{"rendered":"<p><img loading=\"lazy\" decoding=\"async\" class=\"alignnone wp-image-236 size-full\" src=\"https:\/\/matecomangu.org\/festival5\/wp-content\/uploads\/2025\/10\/homenagens.jpg\" alt=\"\" width=\"640\" height=\"800\" srcset=\"https:\/\/matecomangu.org\/festival5\/wp-content\/uploads\/2025\/10\/homenagens.jpg 640w, https:\/\/matecomangu.org\/festival5\/wp-content\/uploads\/2025\/10\/homenagens-240x300.jpg 240w, https:\/\/matecomangu.org\/festival5\/wp-content\/uploads\/2025\/10\/homenagens-48x60.jpg 48w\" sizes=\"auto, (max-width: 640px) 100vw, 640px\" \/><\/p>\n<p><strong>SEVERINO DAD\u00c1<\/strong><\/p>\n<p>Severino Dad\u00e1 (1941), o \u201cCangaceiro da Moviola\u201d, \u00e9 um dos grandes montadores do cinema brasileiro. Com mais de 300 filmes no curr\u00edculo, trabalhou com diretores como Nelson Pereira dos Santos e Rog\u00e9rio Sganzerla, deixando sua marca inventiva e vers\u00e1til na hist\u00f3ria do audiovisual nacional.<\/p>\n<p><strong>CRISTINA AMARAL<\/strong><\/p>\n<p>Cristina Amaral, montadora formada pela ECA-USP, \u00e9 refer\u00eancia no cinema brasileiro, tendo trabalhado com nomes como Andrea Tonacci, Carlos Reichenbach, Edgard Navarro e Paula Gait\u00e1n. Parceira de Tonacci na vida e na produtora Extrema, assinou montagens como Serras da Desordem e J\u00e1 Visto, Jamais Visto. Sua colabora\u00e7\u00e3o com Reichenbach rendeu filmes marcantes como Alma Cors\u00e1ria e Garotas do ABC. Nos \u00faltimos anos, tem se destacado tamb\u00e9m em trabalhos com uma nova gera\u00e7\u00e3o de cineastas, como Adirley Queiroz, Eryk Rocha e Juliana Rojas.<\/p>\n","protected":false},"excerpt":{"rendered":"<p>SEVERINO DAD\u00c1 Severino Dad\u00e1 (1941), o \u201cCangaceiro da Moviola\u201d, \u00e9 um dos grandes montadores do cinema brasileiro. Com mais de 300 filmes no curr\u00edculo, trabalhou com diretores como Nelson Pereira dos Santos e Rog\u00e9rio Sganzerla, deixando sua marca inventiva e vers\u00e1til na hist\u00f3ria do audiovisual nacional. CRISTINA AMARAL Cristina Amaral, montadora formada pela ECA-USP, \u00e9 &hellip; <\/p>\n","protected":false},"author":1,"featured_media":0,"parent":0,"menu_order":0,"comment_status":"closed","ping_status":"closed","template":"","meta":{"footnotes":""},"class_list":["post-235","page","type-page","status-publish","hentry"],"_links":{"self":[{"href":"https:\/\/matecomangu.org\/festival5\/index.php\/wp-json\/wp\/v2\/pages\/235","targetHints":{"allow":["GET"]}}],"collection":[{"href":"https:\/\/matecomangu.org\/festival5\/index.php\/wp-json\/wp\/v2\/pages"}],"about":[{"href":"https:\/\/matecomangu.org\/festival5\/index.php\/wp-json\/wp\/v2\/types\/page"}],"author":[{"embeddable":true,"href":"https:\/\/matecomangu.org\/festival5\/index.php\/wp-json\/wp\/v2\/users\/1"}],"replies":[{"embeddable":true,"href":"https:\/\/matecomangu.org\/festival5\/index.php\/wp-json\/wp\/v2\/comments?post=235"}],"version-history":[{"count":2,"href":"https:\/\/matecomangu.org\/festival5\/index.php\/wp-json\/wp\/v2\/pages\/235\/revisions"}],"predecessor-version":[{"id":238,"href":"https:\/\/matecomangu.org\/festival5\/index.php\/wp-json\/wp\/v2\/pages\/235\/revisions\/238"}],"wp:attachment":[{"href":"https:\/\/matecomangu.org\/festival5\/index.php\/wp-json\/wp\/v2\/media?parent=235"}],"curies":[{"name":"wp","href":"https:\/\/api.w.org\/{rel}","templated":true}]}}