{"id":240,"date":"2025-10-19T20:07:10","date_gmt":"2025-10-19T20:07:10","guid":{"rendered":"https:\/\/matecomangu.org\/festival5\/?page_id=240"},"modified":"2025-10-19T20:07:10","modified_gmt":"2025-10-19T20:07:10","slug":"atracoes","status":"publish","type":"page","link":"https:\/\/matecomangu.org\/festival5\/index.php\/atracoes\/","title":{"rendered":"ATRA\u00c7\u00d5ES"},"content":{"rendered":"<p><strong>CAXTRINHO<\/strong><br \/>\nCaxtrinho, cria de Bel, \u00e9 m\u00fasico, compositor dos bons e produz sua arte a partir da intersec\u00e7\u00e3o de ideias que ampliam o panorama cultural e denunciam a manipula\u00e7\u00e3o midi\u00e1tica que acontece no estado do Rio de Janeiro. O cara tamb\u00e9m \u00e9 baixista e pensador da Orkestra Popular Barrac\u00e3o e \u00e9 o autor do disco QUEDA LIVRE (QTV067 \/ 2024).<\/p>\n<p><strong>JACQUELONE<\/strong><br \/>\nNascida e criada em Duque de Caxias (RJ), a artista se destaca ao dar protagonismo \u00e0 m\u00fasica eletr\u00f4nica preta e perif\u00e9rica. Com oito anos de trajet\u00f3ria, \u00e9 reconhecida como pesquisadora de movimentos musicais que a levaram do Rio a Berlim. Sua sonoridade mistura Hip-Hop, Soul, House, Reggae, Dancehall, Afrohouse, Grime, Footwork e Jungle, resultando em apresenta\u00e7\u00f5es de energia ancestral e pulsante. Com pr\u00eamios, colabora\u00e7\u00f5es e participa\u00e7\u00f5es em festivais renomados, foi eleita DJ do Ano no Pr\u00eamio BiC 2023.<\/p>\n<p><strong>DJ CAVALCANTI<\/strong><br \/>\nDJ, Produtor Musical, Realizador de Eventos Culturais, \u00e9 integrante dos coletivos Cineclube Mate com Angu e Novo Beco. Tem um repert\u00f3rio de pesquisa e produ\u00e7\u00e3o de m\u00fasica brasileira remixada, re-editada, em vers\u00f5es eletr\u00f4nicas para pista de dan\u00e7a, al\u00e9m de tocar uma variedade de g\u00eaneros dan\u00e7antes como Afrobeat, Cumbia, Reggaeton, Ragga, Reggae e Dub, Afro House, M\u00fasica cigana e dos Balkans, Jazz Dan\u00e7ante, Grooves Instrumentais, Funky, Bass Music, Kuduro, Amapiano&#8230; em sons org\u00e2nicos e eletr\u00f4nicos de alta dan\u00e7abilidade.<\/p>\n<p><strong>GRUPO MANTIQUIRA<\/strong><br \/>\nFormado em 2018 a partir da reuni\u00e3o de amigos que se conheceram na Escola de M\u00fasica do Zeca Pagodinho nos anos 2000, o grupo incentiva a pr\u00e1tica de choro atrav\u00e9s de rodas p\u00fablicas em Xer\u00e9m, Duque de Caxias, munic\u00edpio onde todos residem. Seu repert\u00f3rio aborda a m\u00fasica regional brasileira, sobretudo, maxixe, modas de viola, sambas e bai\u00f5es, al\u00e9m de composi\u00e7\u00f5es autorais nestas linhas.<\/p>\n<p><strong>PIETRA CANLE<\/strong><br \/>\nCria de Nova Igua\u00e7u, \u00e9 artista pl\u00e1stica e de rua, fot\u00f3grafa, atriz, performer e arte-educadora. Formada pela Escola T\u00e9cnica Estadual de Teatro Martins Penna, \u00e9 co-fundadora do primeiro Coletivo de Lambe e Educa\u00e7\u00e3o Popular da Baixada Fluminense: o BXDLambe; atualmente \u00e9 Mestranda no Programa de P\u00f3s-Gradua\u00e7\u00e3o em Educa\u00e7\u00e3o, Contextos Contempor\u00e2neos e Demandas Populares pela UFRRJ.<\/p>\n","protected":false},"excerpt":{"rendered":"<p>CAXTRINHO Caxtrinho, cria de Bel, \u00e9 m\u00fasico, compositor dos bons e produz sua arte a partir da intersec\u00e7\u00e3o de ideias que ampliam o panorama cultural e denunciam a manipula\u00e7\u00e3o midi\u00e1tica que acontece no estado do Rio de Janeiro. O cara tamb\u00e9m \u00e9 baixista e pensador da Orkestra Popular Barrac\u00e3o e \u00e9 o autor do disco &hellip; <\/p>\n","protected":false},"author":1,"featured_media":0,"parent":0,"menu_order":0,"comment_status":"closed","ping_status":"closed","template":"","meta":{"footnotes":""},"class_list":["post-240","page","type-page","status-publish","hentry"],"_links":{"self":[{"href":"https:\/\/matecomangu.org\/festival5\/index.php\/wp-json\/wp\/v2\/pages\/240","targetHints":{"allow":["GET"]}}],"collection":[{"href":"https:\/\/matecomangu.org\/festival5\/index.php\/wp-json\/wp\/v2\/pages"}],"about":[{"href":"https:\/\/matecomangu.org\/festival5\/index.php\/wp-json\/wp\/v2\/types\/page"}],"author":[{"embeddable":true,"href":"https:\/\/matecomangu.org\/festival5\/index.php\/wp-json\/wp\/v2\/users\/1"}],"replies":[{"embeddable":true,"href":"https:\/\/matecomangu.org\/festival5\/index.php\/wp-json\/wp\/v2\/comments?post=240"}],"version-history":[{"count":1,"href":"https:\/\/matecomangu.org\/festival5\/index.php\/wp-json\/wp\/v2\/pages\/240\/revisions"}],"predecessor-version":[{"id":241,"href":"https:\/\/matecomangu.org\/festival5\/index.php\/wp-json\/wp\/v2\/pages\/240\/revisions\/241"}],"wp:attachment":[{"href":"https:\/\/matecomangu.org\/festival5\/index.php\/wp-json\/wp\/v2\/media?parent=240"}],"curies":[{"name":"wp","href":"https:\/\/api.w.org\/{rel}","templated":true}]}}