{"id":243,"date":"2025-10-19T20:10:40","date_gmt":"2025-10-19T20:10:40","guid":{"rendered":"https:\/\/matecomangu.org\/festival5\/?page_id=243"},"modified":"2025-10-19T20:10:40","modified_gmt":"2025-10-19T20:10:40","slug":"ficha-tecnica","status":"publish","type":"page","link":"https:\/\/matecomangu.org\/festival5\/index.php\/ficha-tecnica\/","title":{"rendered":"FICHA T\u00c9CNICA"},"content":{"rendered":"<p>Coordena\u00e7\u00e3o Geral: Igor Barradas<br \/>\nCoordena\u00e7\u00e3o de Programa\u00e7\u00e3o: Heraldo HB<br \/>\nCoordena\u00e7\u00e3o de Produ\u00e7\u00e3o: Giordana Moreira<br \/>\nCoordena\u00e7\u00e3o de Curadoria: Anne Santos<br \/>\nCoordena\u00e7\u00e3o de Comunica\u00e7\u00e3o e M\u00eddias Sociais: Lucas Bileski<\/p>\n<p>Produ\u00e7\u00e3o:<br \/>\nMirella Amorim<br \/>\nThailane Mariotti<\/p>\n<p>Curadoria:<br \/>\nFlavia Candida<br \/>\nWagner Novais<br \/>\nLuisa Godoy Pitanga<\/p>\n<p>Produtor T\u00e9cnico: Rodrigo Cavalcanti<br \/>\nProdutor T\u00e9cnico e Revisor de C\u00f3pias: Josenstein<br \/>\nProdu\u00e7\u00e3o Local Jardim Primavera: Dayse Alves<br \/>\nProdu\u00e7\u00e3o Local Imbari\u00ea: Marcos Maciel<\/p>\n<p>Design: Elaine Rodrigues<br \/>\nAssessoria de Imprensa: Juliana Portella<br \/>\nCobertura Fotogr\u00e1fica: Vio Anchieta e Aziz Gabriel<br \/>\nEdi\u00e7\u00e3o de V\u00eddeos: Josenstein<br \/>\nMobiliza\u00e7\u00e3o: Jess\u00e9 Cabral<br \/>\nAssistente de Comunica\u00e7\u00e3o: Malu Barboza<br \/>\nVinheta Audiovisual: Nicole Peixoto<br \/>\nTextos: Anne Santos, Eduardo Prates, Heraldo HB, Igor Barradas, Luisa Godoy Pitanga, Liliane Leroux<br \/>\nTrof\u00e9u Angu de Ouro: Pietra Canle<\/p>\n<p>Site: www.matecomangu.org\/festival5<\/p>\n<p>Realiza\u00e7\u00e3o:<br \/>\nCineclube Mate Com Angu<br \/>\nCircular Filmes<\/p>\n","protected":false},"excerpt":{"rendered":"<p>Coordena\u00e7\u00e3o Geral: Igor Barradas Coordena\u00e7\u00e3o de Programa\u00e7\u00e3o: Heraldo HB Coordena\u00e7\u00e3o de Produ\u00e7\u00e3o: Giordana Moreira Coordena\u00e7\u00e3o de Curadoria: Anne Santos Coordena\u00e7\u00e3o de Comunica\u00e7\u00e3o e M\u00eddias Sociais: Lucas Bileski Produ\u00e7\u00e3o: Mirella Amorim Thailane Mariotti Curadoria: Flavia Candida Wagner Novais Luisa Godoy Pitanga Produtor T\u00e9cnico: Rodrigo Cavalcanti Produtor T\u00e9cnico e Revisor de C\u00f3pias: Josenstein Produ\u00e7\u00e3o Local Jardim Primavera: &hellip; <\/p>\n","protected":false},"author":1,"featured_media":0,"parent":0,"menu_order":0,"comment_status":"closed","ping_status":"closed","template":"","meta":{"footnotes":""},"class_list":["post-243","page","type-page","status-publish","hentry"],"_links":{"self":[{"href":"https:\/\/matecomangu.org\/festival5\/index.php\/wp-json\/wp\/v2\/pages\/243","targetHints":{"allow":["GET"]}}],"collection":[{"href":"https:\/\/matecomangu.org\/festival5\/index.php\/wp-json\/wp\/v2\/pages"}],"about":[{"href":"https:\/\/matecomangu.org\/festival5\/index.php\/wp-json\/wp\/v2\/types\/page"}],"author":[{"embeddable":true,"href":"https:\/\/matecomangu.org\/festival5\/index.php\/wp-json\/wp\/v2\/users\/1"}],"replies":[{"embeddable":true,"href":"https:\/\/matecomangu.org\/festival5\/index.php\/wp-json\/wp\/v2\/comments?post=243"}],"version-history":[{"count":1,"href":"https:\/\/matecomangu.org\/festival5\/index.php\/wp-json\/wp\/v2\/pages\/243\/revisions"}],"predecessor-version":[{"id":244,"href":"https:\/\/matecomangu.org\/festival5\/index.php\/wp-json\/wp\/v2\/pages\/243\/revisions\/244"}],"wp:attachment":[{"href":"https:\/\/matecomangu.org\/festival5\/index.php\/wp-json\/wp\/v2\/media?parent=243"}],"curies":[{"name":"wp","href":"https:\/\/api.w.org\/{rel}","templated":true}]}}