{"id":30,"date":"2025-05-20T19:17:25","date_gmt":"2025-05-20T19:17:25","guid":{"rendered":"https:\/\/matecomangu.org\/festival5\/?page_id=30"},"modified":"2025-08-26T02:22:52","modified_gmt":"2025-08-26T02:22:52","slug":"edicoes-passadas","status":"publish","type":"page","link":"https:\/\/matecomangu.org\/festival5\/index.php\/edicoes-passadas\/","title":{"rendered":"EDI\u00c7\u00d5ES PASSADAS"},"content":{"rendered":"<div class=\"wp-block-media-text is-stacked-on-mobile is-vertically-aligned-top\">\n<figure class=\"wp-block-media-text__media\"><a href=\"https:\/\/matecomangu.org\/festival4\"><img loading=\"lazy\" decoding=\"async\" class=\"wp-image-3044 size-full\" src=\"https:\/\/matecomangu.org\/site\/wp-content\/uploads\/festival-MateComAngu4-2022.jpg\" sizes=\"auto, (max-width: 1024px) 100vw, 1024px\" srcset=\"https:\/\/matecomangu.org\/site\/wp-content\/uploads\/festival-MateComAngu4-2022.jpg 1024w, https:\/\/matecomangu.org\/site\/wp-content\/uploads\/festival-MateComAngu4-2022-300x300.jpg 300w, https:\/\/matecomangu.org\/site\/wp-content\/uploads\/festival-MateComAngu4-2022-150x150.jpg 150w, https:\/\/matecomangu.org\/site\/wp-content\/uploads\/festival-MateComAngu4-2022-768x768.jpg 768w, https:\/\/matecomangu.org\/site\/wp-content\/uploads\/festival-MateComAngu4-2022-600x600.jpg 600w\" alt=\"\" width=\"1024\" height=\"1024\" \/><\/a><\/figure>\n<div class=\"wp-block-media-text__content\">\n<p class=\"has-medium-font-size\"><strong>Festival Mate Com Angu de Cinema 4\u00aa Edi\u00e7\u00e3o \u2013 de 09 a 15 de novembro de 2022<\/strong><\/p>\n<p><strong>Locais:<\/strong>\u00a0Gomeia Galp\u00e3o Criativo, Museu Ci\u00eancia e Vida, FEBF\/Uerj, Bloco Carnavalesco Imp\u00e9rio do Gramacho e Cinemateca do MAM<\/p>\n<p><strong>Atra\u00e7\u00f5es:\u00a0<\/strong>Orkestra Popular Barrac\u00e3o, Gente Estranha no Jardim, DJ Rodrigo Cavalcanti, Ana Kariri<\/p>\n<p><strong>Homenagens:<\/strong>\u00a0Victor God\u00f4 Quincas Ferreira, Arthur Waite, Walter Zacarias<\/p>\n<p><strong>Site:<\/strong>\u00a0<a href=\"https:\/\/matecomangu.org\/festival4\">www.matecomangu.org\/festival4<\/a><\/p>\n<\/div>\n<\/div>\n<div class=\"wp-block-media-text is-stacked-on-mobile is-vertically-aligned-top\">\n<figure class=\"wp-block-media-text__media\"><a href=\"https:\/\/matecomangu.org\/festival2017\"><img loading=\"lazy\" decoding=\"async\" class=\"wp-image-3045 size-full\" src=\"https:\/\/matecomangu.org\/site\/wp-content\/uploads\/festival-MateComAngu-2017.jpeg\" sizes=\"auto, (max-width: 960px) 100vw, 960px\" srcset=\"https:\/\/matecomangu.org\/site\/wp-content\/uploads\/festival-MateComAngu-2017.jpeg 960w, https:\/\/matecomangu.org\/site\/wp-content\/uploads\/festival-MateComAngu-2017-300x180.jpeg 300w, https:\/\/matecomangu.org\/site\/wp-content\/uploads\/festival-MateComAngu-2017-768x461.jpeg 768w\" alt=\"\" width=\"960\" height=\"576\" \/><\/a><\/figure>\n<div class=\"wp-block-media-text__content\">\n<p class=\"has-medium-font-size\"><strong>Festival Mate Com Angu de Cinema \u2013 de 25 a 31 de maio de 2017<\/strong><\/p>\n<p><strong>Locais<\/strong>: Gomeia Galp\u00e3o Criativo, Ponto de Cultura Lira de Ouro, Instituto Hist\u00f3rico de Duque de Caxias, Campinho do Lote XV<\/p>\n<p><strong>Atra\u00e7\u00f5es<\/strong>: Nego Trio, Slow DaBF, DJ Feminoise, DJ Rodrigo Cavalcanti<\/p>\n<p><strong>Homenagens<\/strong>: Escola Livre de Cinema de Nova Igua\u00e7u, Erley Jos\u00e9, Jean-Claude Bernardet<\/p>\n<p>Site:\u00a0<a href=\"http:\/\/www.matecomangu.org\/festival2017\">www.matecomangu.org\/festival2017<\/a><\/p>\n<p>&nbsp;<\/p>\n<\/div>\n<\/div>\n<div class=\"wp-block-media-text is-stacked-on-mobile is-vertically-aligned-top\">\n<figure class=\"wp-block-media-text__media\"><img loading=\"lazy\" decoding=\"async\" class=\"wp-image-3048 size-full\" src=\"https:\/\/matecomangu.org\/site\/wp-content\/uploads\/festival-MateComAngu-2016.jpg\" sizes=\"auto, (max-width: 640px) 100vw, 640px\" srcset=\"https:\/\/matecomangu.org\/site\/wp-content\/uploads\/festival-MateComAngu-2016.jpg 640w, https:\/\/matecomangu.org\/site\/wp-content\/uploads\/festival-MateComAngu-2016-212x300.jpg 212w\" alt=\"\" width=\"640\" height=\"905\" \/><\/figure>\n<div class=\"wp-block-media-text__content\">\n<p class=\"has-medium-font-size\"><strong>Festival Mate Com Angu 2016 \u2013 de 01 a 07 de dezembro<\/strong><\/p>\n<p><strong>Locais<\/strong>: Gomeia Galp\u00e3o Criativo, Ponto de Cultura Lira de Ouro, Instituto Hist\u00f3rico de Duque de Caxias, Museu Vivo do S\u00e3o Bento<\/p>\n<p><strong>Atra\u00e7\u00f5es<\/strong>: Hands of Guitars, DJ Tio Pensamento, DJ DJ Nathalie Feminoise, Igor Anti-Projeto, DJ Brasa, Elis Pinto, Raoni Redni e Marco Bomfim<\/p>\n<p>&nbsp;<\/p>\n<p>&nbsp;<\/p>\n<p>&nbsp;<\/p>\n<\/div>\n<\/div>\n<div class=\"wp-block-media-text is-stacked-on-mobile is-vertically-aligned-top\">\n<figure class=\"wp-block-media-text__media\"><a href=\"https:\/\/matecomangu.org\/curtacaxias\"><img loading=\"lazy\" decoding=\"async\" class=\"wp-image-3050 size-full\" src=\"https:\/\/matecomangu.org\/site\/wp-content\/uploads\/curtacaxias2014.jpg\" sizes=\"auto, (max-width: 590px) 100vw, 590px\" srcset=\"https:\/\/matecomangu.org\/site\/wp-content\/uploads\/curtacaxias2014.jpg 590w, https:\/\/matecomangu.org\/site\/wp-content\/uploads\/curtacaxias2014-300x112.jpg 300w\" alt=\"\" width=\"590\" height=\"221\" \/><\/a><\/figure>\n<div class=\"wp-block-media-text__content\">\n<p class=\"has-medium-font-size\"><strong>Festival Curta Caxias \u2013 26 a 30 de julho de 2014<\/strong><\/p>\n<p>Locais: Ponto de Cultura Lira de Ouro, Teatro Raul Cortez<\/p>\n<p>Atra\u00e7\u00f5es:<\/p>\n<p>Homenagem: Nelson Pereira dos Santos<\/p>\n<\/div>\n<\/div>\n<div class=\"wp-block-media-text is-stacked-on-mobile is-vertically-aligned-top\">\n<figure class=\"wp-block-media-text__media\"><a href=\"https:\/\/matecomangu.org\/mostraanguafrancesa\"><img loading=\"lazy\" decoding=\"async\" class=\"wp-image-3051 size-full\" src=\"https:\/\/matecomangu.org\/site\/wp-content\/uploads\/mostra-anguafrancesa2010.jpg\" sizes=\"auto, (max-width: 990px) 100vw, 990px\" srcset=\"https:\/\/matecomangu.org\/site\/wp-content\/uploads\/mostra-anguafrancesa2010.jpg 990w, https:\/\/matecomangu.org\/site\/wp-content\/uploads\/mostra-anguafrancesa2010-300x55.jpg 300w, https:\/\/matecomangu.org\/site\/wp-content\/uploads\/mostra-anguafrancesa2010-768x140.jpg 768w\" alt=\"\" width=\"990\" height=\"180\" \/><\/a><\/figure>\n<div class=\"wp-block-media-text__content\">\n<p class=\"has-medium-font-size\"><strong>Mostra Angu a Francesa de Filmes Nutritivos, de 19 a 24 de novembro de 2010<\/strong><\/p>\n<p>Local: Sesc Caxias<\/p>\n<p>Atra\u00e7\u00f5es:<\/p>\n<p>Site:\u00a0<a href=\"http:\/\/www.matecomangu.org\/mostraanguafrancesa\">www.matecomangu.org\/mostraanguafrancesa<\/a><\/p>\n<\/div>\n<\/div>\n","protected":false},"excerpt":{"rendered":"<p>Festival Mate Com Angu de Cinema 4\u00aa Edi\u00e7\u00e3o \u2013 de 09 a 15 de novembro de 2022 Locais:\u00a0Gomeia Galp\u00e3o Criativo, Museu Ci\u00eancia e Vida, FEBF\/Uerj, Bloco Carnavalesco Imp\u00e9rio do Gramacho e Cinemateca do MAM Atra\u00e7\u00f5es:\u00a0Orkestra Popular Barrac\u00e3o, Gente Estranha no Jardim, DJ Rodrigo Cavalcanti, Ana Kariri Homenagens:\u00a0Victor God\u00f4 Quincas Ferreira, Arthur Waite, Walter Zacarias Site:\u00a0www.matecomangu.org\/festival4 &hellip; <\/p>\n","protected":false},"author":1,"featured_media":0,"parent":0,"menu_order":0,"comment_status":"closed","ping_status":"closed","template":"","meta":{"footnotes":""},"class_list":["post-30","page","type-page","status-publish","hentry"],"_links":{"self":[{"href":"https:\/\/matecomangu.org\/festival5\/index.php\/wp-json\/wp\/v2\/pages\/30","targetHints":{"allow":["GET"]}}],"collection":[{"href":"https:\/\/matecomangu.org\/festival5\/index.php\/wp-json\/wp\/v2\/pages"}],"about":[{"href":"https:\/\/matecomangu.org\/festival5\/index.php\/wp-json\/wp\/v2\/types\/page"}],"author":[{"embeddable":true,"href":"https:\/\/matecomangu.org\/festival5\/index.php\/wp-json\/wp\/v2\/users\/1"}],"replies":[{"embeddable":true,"href":"https:\/\/matecomangu.org\/festival5\/index.php\/wp-json\/wp\/v2\/comments?post=30"}],"version-history":[{"count":3,"href":"https:\/\/matecomangu.org\/festival5\/index.php\/wp-json\/wp\/v2\/pages\/30\/revisions"}],"predecessor-version":[{"id":136,"href":"https:\/\/matecomangu.org\/festival5\/index.php\/wp-json\/wp\/v2\/pages\/30\/revisions\/136"}],"wp:attachment":[{"href":"https:\/\/matecomangu.org\/festival5\/index.php\/wp-json\/wp\/v2\/media?parent=30"}],"curies":[{"name":"wp","href":"https:\/\/api.w.org\/{rel}","templated":true}]}}