{"id":34,"date":"2025-05-20T19:22:37","date_gmt":"2025-05-20T19:22:37","guid":{"rendered":"https:\/\/matecomangu.org\/festival5\/?page_id=34"},"modified":"2025-09-25T22:44:08","modified_gmt":"2025-09-25T22:44:08","slug":"circular-filmes","status":"publish","type":"page","link":"https:\/\/matecomangu.org\/festival5\/index.php\/circular-filmes\/","title":{"rendered":"CIRCULAR FILMES"},"content":{"rendered":"<p>A <strong>Circular Filmes<\/strong> trabalha com conte\u00fados audiovisuais para cinema, tv e internet; curadoria de mostras e festivais de cinema, oficinas e laborat\u00f3rios de Educa\u00e7\u00e3o Audiovisual Popular e desenvolvimento de tecnologias sociais como observat\u00f3rios socioambientais e cineclubes.<\/p>\n<p>Desenvolve processos colaborativos com o uso do audiovisual, da antropologia compartilhada e da educa\u00e7\u00e3o ambiental junto a comunidades quilombolas, aldeias ind\u00edgenas, comunidades de pescadores artesanais, agro-extrativistas, periferias urbanas, al\u00e9m de estudantes e professores da rede p\u00fablica.<\/p>\n<p>Al\u00e9m disso, a produtora desenvolve projetos cinematogr\u00e1ficos para cinema a partir de roteiros germinados em seu n\u00facleo criativo ou a partir de parcerias com diretores externos e demais parceiros.<\/p>\n<p>Re\u00fane em seu portf\u00f3lio mais de 10 curtas metragens autorais, entre filmes de fic\u00e7\u00e3o e document\u00e1rios, e a participa\u00e7\u00e3o em longas metragens e s\u00e9ries para TV e internet produzidos para o mercado audiovisual.<\/p>\n<p>Tamb\u00e9m atua na \u00e1rea cultural, em Mostras de Cinema e oficinas de cinema, j\u00e1 tendo realizado parcerias com a Funda\u00e7\u00e3o Vale, Governo do Estado do RJ, SESC-RJ e ISER.<\/p>\n<p><a href=\"https:\/\/www.circularfilmes.com\" target=\"_blank\" rel=\"noopener\">www.circularfilmes.com<\/a><\/p>\n","protected":false},"excerpt":{"rendered":"<p>A Circular Filmes trabalha com conte\u00fados audiovisuais para cinema, tv e internet; curadoria de mostras e festivais de cinema, oficinas e laborat\u00f3rios de Educa\u00e7\u00e3o Audiovisual Popular e desenvolvimento de tecnologias sociais como observat\u00f3rios socioambientais e cineclubes. Desenvolve processos colaborativos com o uso do audiovisual, da antropologia compartilhada e da educa\u00e7\u00e3o ambiental junto a comunidades quilombolas, &hellip; <\/p>\n","protected":false},"author":1,"featured_media":61,"parent":0,"menu_order":0,"comment_status":"closed","ping_status":"closed","template":"","meta":{"footnotes":""},"class_list":["post-34","page","type-page","status-publish","has-post-thumbnail","hentry"],"_links":{"self":[{"href":"https:\/\/matecomangu.org\/festival5\/index.php\/wp-json\/wp\/v2\/pages\/34","targetHints":{"allow":["GET"]}}],"collection":[{"href":"https:\/\/matecomangu.org\/festival5\/index.php\/wp-json\/wp\/v2\/pages"}],"about":[{"href":"https:\/\/matecomangu.org\/festival5\/index.php\/wp-json\/wp\/v2\/types\/page"}],"author":[{"embeddable":true,"href":"https:\/\/matecomangu.org\/festival5\/index.php\/wp-json\/wp\/v2\/users\/1"}],"replies":[{"embeddable":true,"href":"https:\/\/matecomangu.org\/festival5\/index.php\/wp-json\/wp\/v2\/comments?post=34"}],"version-history":[{"count":4,"href":"https:\/\/matecomangu.org\/festival5\/index.php\/wp-json\/wp\/v2\/pages\/34\/revisions"}],"predecessor-version":[{"id":179,"href":"https:\/\/matecomangu.org\/festival5\/index.php\/wp-json\/wp\/v2\/pages\/34\/revisions\/179"}],"wp:featuredmedia":[{"embeddable":true,"href":"https:\/\/matecomangu.org\/festival5\/index.php\/wp-json\/wp\/v2\/media\/61"}],"wp:attachment":[{"href":"https:\/\/matecomangu.org\/festival5\/index.php\/wp-json\/wp\/v2\/media?parent=34"}],"curies":[{"name":"wp","href":"https:\/\/api.w.org\/{rel}","templated":true}]}}