{"id":36,"date":"2025-05-20T19:22:44","date_gmt":"2025-05-20T19:22:44","guid":{"rendered":"https:\/\/matecomangu.org\/festival5\/?page_id=36"},"modified":"2025-10-23T17:01:44","modified_gmt":"2025-10-23T17:01:44","slug":"parcerias","status":"publish","type":"page","link":"https:\/\/matecomangu.org\/festival5\/index.php\/parcerias\/","title":{"rendered":"PARCERIAS"},"content":{"rendered":"<p><strong>Imbari\u00ea nos Trilhos @cineclubeimbarie<\/strong><br \/>\nO <b>Cineclube Imbari\u00ea nos Trilhos<\/b>, criado em 2017 no terceiro distrito de Duque de Caxias, promove exibi\u00e7\u00f5es e debates de filmes independentes e document\u00e1rios. Com foco em quest\u00f5es sociais e culturais, busca democratizar o acesso ao cinema e formar novos p\u00fablicos. Reconhecido como <b>Ponto de Cultura em 2024<\/b>, realiza oficinas e mostras que fortalecem a identidade e a produ\u00e7\u00e3o art\u00edstica da Baixada Fluminense. Contato: cineclubeimbarienostrilhos@gmail.com<\/p>\n<p><b>Casar\u00e3o Cultural de Duque de Caxias @institutocasaraocultural<\/b><b><br \/>\n<\/b>O <b>Casar\u00e3o Cultural de Duque de Caxias<\/b> \u00e9 um espa\u00e7o independente de arte, cultura e educa\u00e7\u00e3o localizado no bairro Jardim Primavera. Desde 2020, vem sendo revitalizado por artistas e colaboradores que promovem a\u00e7\u00f5es voltadas ao resgate hist\u00f3rico, \u00e0 cidadania e \u00e0 valoriza\u00e7\u00e3o da vida comunit\u00e1ria. Com o lema \u201cO lugar da Cultura, da Arte e dos Afetos\u201d, o Casar\u00e3o se consolida como um ponto de encontro e de cria\u00e7\u00e3o no cora\u00e7\u00e3o de Duque de Caxias.<\/p>\n<p><strong>Cinem\u00e3o @cinemao_solar<\/strong><br \/>\nO Cinem\u00e3o Solar \u00e9 o primeiro cinema itinerante do Rio de Janeiro movido integralmente a energia solar, pioneiro na transi\u00e7\u00e3o energ\u00e9tica no setor cultural. H\u00e1 13 anos, percorre bairros, pra\u00e7as e comunidades, democratizando o acesso ao cinema brasileiro e promovendo a educa\u00e7\u00e3o ambiental. Seu equipamento exclusivo \u00e9 um ve\u00edculo el\u00e9trico adaptado, que transporta tela infl\u00e1vel, projetor, som, cadeiras e geradores fotovoltaicos. Todas as exibi\u00e7\u00f5es acontecem sem emiss\u00e3o de poluentes, mostrando na pr\u00e1tica a viabilidade da energia sustent\u00e1vel aplicada \u00e0 cultura.<\/p>\n<p><strong>Emba\u00faba Filmes @embaubafilmes<\/strong><br \/>\nA <b>Emba\u00faba Filmes<\/b> \u00e9 uma distribuidora de cinema brasileiro criada em 2018, em Belo Horizonte. Especializada em obras autorais, atua em todas as etapas da distribui\u00e7\u00e3o \u2014 de festivais e salas de cinema a plataformas de streaming. Com um cat\u00e1logo de forte relev\u00e2ncia cultural e pol\u00edtica, a Emba\u00faba se destaca por promover a circula\u00e7\u00e3o de filmes que ampliam o olhar sobre o Brasil contempor\u00e2neo.<\/p>\n<p><strong>FEBF\/UERJ @febf.oficial<\/strong><br \/>\nA FEBF \u2013 Faculdade de Educa\u00e7\u00e3o da Baixada Fluminense \u00e9 a presen\u00e7a da UERJ na Baixada Fluminense, mais especificamente em Caxias. \u00c9 parceira desde o comecinho do Mate Com Angu. Atualmente, tamb\u00e9m tem entre seus cursos oferecidos, uma licenciatura em Cinema e Audiovisual.<\/p>\n<p><strong>GOMEIA GALP\u00c3O CRIATIVO @gomeiagalpaocriativo<\/strong><br \/>\nEsse ano o Gomeia completou dez anos de funcionamento! \u00c9 um espa\u00e7o cultural plural que re\u00fane grupos que trabalham com produ\u00e7\u00e3o cultural, audiovisual, comunica\u00e7\u00e3o, cidadania e cultura digital. \u00c9 a sede principal do Festival esse ano.<\/p>\n<p><strong>Massine Reis Advogados<\/strong><\/p>\n<hr \/>\n<p>(Tem interesse em ser apoiador do Festival? Escreva pra gente!)<\/p>\n","protected":false},"excerpt":{"rendered":"<p>Imbari\u00ea nos Trilhos @cineclubeimbarie O Cineclube Imbari\u00ea nos Trilhos, criado em 2017 no terceiro distrito de Duque de Caxias, promove exibi\u00e7\u00f5es e debates de filmes independentes e document\u00e1rios. Com foco em quest\u00f5es sociais e culturais, busca democratizar o acesso ao cinema e formar novos p\u00fablicos. Reconhecido como Ponto de Cultura em 2024, realiza oficinas e &hellip; <\/p>\n","protected":false},"author":1,"featured_media":0,"parent":0,"menu_order":0,"comment_status":"closed","ping_status":"closed","template":"","meta":{"footnotes":""},"class_list":["post-36","page","type-page","status-publish","hentry"],"_links":{"self":[{"href":"https:\/\/matecomangu.org\/festival5\/index.php\/wp-json\/wp\/v2\/pages\/36","targetHints":{"allow":["GET"]}}],"collection":[{"href":"https:\/\/matecomangu.org\/festival5\/index.php\/wp-json\/wp\/v2\/pages"}],"about":[{"href":"https:\/\/matecomangu.org\/festival5\/index.php\/wp-json\/wp\/v2\/types\/page"}],"author":[{"embeddable":true,"href":"https:\/\/matecomangu.org\/festival5\/index.php\/wp-json\/wp\/v2\/users\/1"}],"replies":[{"embeddable":true,"href":"https:\/\/matecomangu.org\/festival5\/index.php\/wp-json\/wp\/v2\/comments?post=36"}],"version-history":[{"count":6,"href":"https:\/\/matecomangu.org\/festival5\/index.php\/wp-json\/wp\/v2\/pages\/36\/revisions"}],"predecessor-version":[{"id":272,"href":"https:\/\/matecomangu.org\/festival5\/index.php\/wp-json\/wp\/v2\/pages\/36\/revisions\/272"}],"wp:attachment":[{"href":"https:\/\/matecomangu.org\/festival5\/index.php\/wp-json\/wp\/v2\/media?parent=36"}],"curies":[{"name":"wp","href":"https:\/\/api.w.org\/{rel}","templated":true}]}}