{"id":6,"date":"2025-05-20T18:37:51","date_gmt":"2025-05-20T18:37:51","guid":{"rendered":"https:\/\/matecomangu.org\/festival5\/?page_id=6"},"modified":"2025-10-23T17:00:00","modified_gmt":"2025-10-23T17:00:00","slug":"sobre-o-festival","status":"publish","type":"page","link":"https:\/\/matecomangu.org\/festival5\/","title":{"rendered":"SOBRE O FESTIVAL"},"content":{"rendered":"<p>O <strong>5\u00ba Festival Mate Com Angu de Cinema<\/strong> acontece nos dias 23, 24, 25, 26 e 31 de outubro e 01 de novembro de 2025, em tr\u00eas distritos de Duque de Caxias\/RJ: no Gomeia Galp\u00e3o Criativo, no Casar\u00e3o da Cultura e em sess\u00e3o ao ar livre em Imbari\u00ea. O Festival celebra o audiovisual popular brasileiro com mostras competitivas de curtas-metragens (nacional e telaBXD) e mostra panor\u00e2mica de longas-metragens.<\/p>\n<p>Com entrada gratuita, a programa\u00e7\u00e3o do evento tamb\u00e9m contar\u00e1 com oficinas, <em>masterclasses<\/em>, debates, mais uma edi\u00e7\u00e3o do concurso Baixada 1 Minuto e o tradicional Pr\u00eamio Angu de Ouro, escolhido pelo p\u00fablico e pela cr\u00edtica.<\/p>\n<p>Uma produ\u00e7\u00e3o do <a href=\"https:\/\/matecomangu.org\" target=\"_blank\" rel=\"noopener\"><strong>Cineclube Mate Com Angu<\/strong><\/a> e da <a href=\"https:\/\/circularfilmes.com\" target=\"_blank\" rel=\"noopener\"><strong>Circular Filmes<\/strong><\/a> realizada com recursos da Pol\u00edtica Nacional Aldir Blanc, do Governo Federal atrav\u00e9s da Secretaria de Estado de Cultura e Economia Criativa do Rio de Janeiro.<\/p>\n<p><a href=\"https:\/\/drive.google.com\/file\/d\/1O9DHW12dRo_CyNhWVEBw4W2HClDRetdv\/view?usp=sharing\" target=\"_blank\" rel=\"noopener\"><em><strong>Clique aqui para baixar o programa oficial.<\/strong><\/em><\/a><\/p>\n","protected":false},"excerpt":{"rendered":"<p>O 5\u00ba Festival Mate Com Angu de Cinema acontece nos dias 23, 24, 25, 26 e 31 de outubro e 01 de novembro de 2025, em tr\u00eas distritos de Duque de Caxias\/RJ: no Gomeia Galp\u00e3o Criativo, no Casar\u00e3o da Cultura e em sess\u00e3o ao ar livre em Imbari\u00ea. O Festival celebra o audiovisual popular brasileiro &hellip; <\/p>\n","protected":false},"author":1,"featured_media":0,"parent":0,"menu_order":0,"comment_status":"closed","ping_status":"closed","template":"","meta":{"footnotes":""},"class_list":["post-6","page","type-page","status-publish","hentry"],"_links":{"self":[{"href":"https:\/\/matecomangu.org\/festival5\/index.php\/wp-json\/wp\/v2\/pages\/6","targetHints":{"allow":["GET"]}}],"collection":[{"href":"https:\/\/matecomangu.org\/festival5\/index.php\/wp-json\/wp\/v2\/pages"}],"about":[{"href":"https:\/\/matecomangu.org\/festival5\/index.php\/wp-json\/wp\/v2\/types\/page"}],"author":[{"embeddable":true,"href":"https:\/\/matecomangu.org\/festival5\/index.php\/wp-json\/wp\/v2\/users\/1"}],"replies":[{"embeddable":true,"href":"https:\/\/matecomangu.org\/festival5\/index.php\/wp-json\/wp\/v2\/comments?post=6"}],"version-history":[{"count":11,"href":"https:\/\/matecomangu.org\/festival5\/index.php\/wp-json\/wp\/v2\/pages\/6\/revisions"}],"predecessor-version":[{"id":271,"href":"https:\/\/matecomangu.org\/festival5\/index.php\/wp-json\/wp\/v2\/pages\/6\/revisions\/271"}],"wp:attachment":[{"href":"https:\/\/matecomangu.org\/festival5\/index.php\/wp-json\/wp\/v2\/media?parent=6"}],"curies":[{"name":"wp","href":"https:\/\/api.w.org\/{rel}","templated":true}]}}