{"id":8,"date":"2025-05-20T18:38:08","date_gmt":"2025-05-20T18:38:08","guid":{"rendered":"https:\/\/matecomangu.org\/festival5\/?page_id=8"},"modified":"2025-05-26T21:25:29","modified_gmt":"2025-05-26T21:25:29","slug":"contato","status":"publish","type":"page","link":"https:\/\/matecomangu.org\/festival5\/index.php\/contato\/","title":{"rendered":"CONTATO"},"content":{"rendered":"<p>\ud83d\udcde\u00a0<strong>CONTATO<br \/>\n<\/strong>D\u00favidas sobre inscri\u00e7\u00f5es:<br \/>\nE-mail: festivalmatecomangu@gmail.com<br \/>\nSite: matecomangu.org<br \/>\nInstagram: @matecomangu<\/p>\n","protected":false},"excerpt":{"rendered":"<p>\ud83d\udcde\u00a0CONTATO D\u00favidas sobre inscri\u00e7\u00f5es: E-mail: festivalmatecomangu@gmail.com Site: matecomangu.org Instagram: @matecomangu<\/p>\n","protected":false},"author":1,"featured_media":0,"parent":0,"menu_order":0,"comment_status":"closed","ping_status":"closed","template":"","meta":{"footnotes":""},"class_list":["post-8","page","type-page","status-publish","hentry"],"_links":{"self":[{"href":"https:\/\/matecomangu.org\/festival5\/index.php\/wp-json\/wp\/v2\/pages\/8","targetHints":{"allow":["GET"]}}],"collection":[{"href":"https:\/\/matecomangu.org\/festival5\/index.php\/wp-json\/wp\/v2\/pages"}],"about":[{"href":"https:\/\/matecomangu.org\/festival5\/index.php\/wp-json\/wp\/v2\/types\/page"}],"author":[{"embeddable":true,"href":"https:\/\/matecomangu.org\/festival5\/index.php\/wp-json\/wp\/v2\/users\/1"}],"replies":[{"embeddable":true,"href":"https:\/\/matecomangu.org\/festival5\/index.php\/wp-json\/wp\/v2\/comments?post=8"}],"version-history":[{"count":2,"href":"https:\/\/matecomangu.org\/festival5\/index.php\/wp-json\/wp\/v2\/pages\/8\/revisions"}],"predecessor-version":[{"id":55,"href":"https:\/\/matecomangu.org\/festival5\/index.php\/wp-json\/wp\/v2\/pages\/8\/revisions\/55"}],"wp:attachment":[{"href":"https:\/\/matecomangu.org\/festival5\/index.php\/wp-json\/wp\/v2\/media?parent=8"}],"curies":[{"name":"wp","href":"https:\/\/api.w.org\/{rel}","templated":true}]}}