{"id":80,"date":"2025-07-15T17:21:39","date_gmt":"2025-07-15T17:21:39","guid":{"rendered":"https:\/\/matecomangu.org\/festival5\/?page_id=80"},"modified":"2025-08-24T20:57:12","modified_gmt":"2025-08-24T20:57:12","slug":"regulamento-concurso-baixada-1-minuto","status":"publish","type":"page","link":"https:\/\/matecomangu.org\/festival5\/index.php\/regulamento-concurso-baixada-1-minuto\/","title":{"rendered":"REGULAMENTO CONCURSO BAIXADA 1 MINUTO"},"content":{"rendered":"<p>\u2013 Baixada 1 Minuto \u00e9 um concurso de v\u00eddeos de no m\u00e1ximo 1 (um) minuto realizados com o tema Baixada Fluminense e\/ou por moradores da regi\u00e3o.<\/p>\n<p>\u2013 As inscri\u00e7\u00f5es v\u00e3o de 14 de julho a 31 de agosto de 2025 e admite-se a participa\u00e7\u00e3o de qualquer pessoa residente em algum dos munic\u00edpios que comp\u00f5em a Baixada Fluminense (Nova Igua\u00e7u, Duque de Caxias, Mesquita, S\u00e3o Jo\u00e3o de Meriti, Queimados, Nil\u00f3polis, Mag\u00e9, Guapimirim, Belford Roxo, Paracambi, Japeri, Serop\u00e9dica e Itagua\u00ed). Vale tamb\u00e9m para quem tenha nascido na Baixada, mesmo que agora resida fora da regi\u00e3o.<\/p>\n<p>\u2013 Cada participante pode enviar quantos v\u00eddeos quiser, mas s\u00f3 ser\u00e1 premiado uma \u00fanica vez.<\/p>\n<p>\u2013 Os v\u00eddeos n\u00e3o podem ser de car\u00e1ter comercial ou institucional com finalidade publicit\u00e1ria.<\/p>\n<p>\u2013 Os v\u00eddeos podem ser captados em qualquer formato desde que seja poss\u00edvel disponibiliz\u00e1-los nas condi\u00e7\u00f5es t\u00e9cnicas necess\u00e1rias para compartilhamento via servi\u00e7os de v\u00eddeo pela Internet (Drive, youtube, vimeo etc).<\/p>\n<p>\u2013 N\u00e3o ser\u00e3o aceitos links de v\u00eddeos postados no servi\u00e7o Facebook.<\/p>\n<p>\u2013 O Cineclube Mate Com Angu n\u00e3o se responsabilizar\u00e1 pelos eventuais direitos autorais de trilhas sonoras usadas nos filmes.<\/p>\n<p>\u2013 Baixada 1 Minuto \u00e9 organizado pelo Cineclube Mate Com Angu, que disponibilizar\u00e1 os v\u00eddeos para voto popular pela Internet, a partir do dia 01 de setembro de 2025, atrav\u00e9s da plataforma Youtube. <strong>Os votos ser\u00e3o os likes<\/strong> (clicadas no bot\u00e3o Gostei da ferramenta) e n\u00e3o os Views (quantidade de vezes em que o v\u00eddeo foi visualizado).<\/p>\n<p><strong>Como participar:<\/strong><\/p>\n<p>\u2013 Os v\u00eddeos devem ser colocados na Internet e o link enviado para a organiza\u00e7\u00e3o atrav\u00e9s do formul\u00e1rio<\/p>\n<p>\u2013 No dia 01 de setembro de 2025 a organiza\u00e7\u00e3o disponibilizar\u00e1 os v\u00eddeos atrav\u00e9s do canal do Mate Com Angu no Youtube, em uma playlist espec\u00edfica.<\/p>\n<p>\u2013 Os votos ser\u00e3o computados a partir do dia 01 de setembro at\u00e9 \u00e0s 18h do dia 01 de novembro de 2025, dia da premia\u00e7\u00e3o. Os tr\u00eas com mais curtidas ganhar\u00e3o pr\u00eamios em dinheiro.<\/p>\n<p>\u2013 O Mate Com Angu tamb\u00e9m anunciar\u00e1 um v\u00eddeo como ganhador da Escolha do J\u00fari.<\/p>\n<p>\u2013 A Premia\u00e7\u00e3o ser\u00e1 realizada na cerim\u00f4nia de encerramento do Festival Mate Com Angu de Cinema Popular, que ser\u00e1 realizada no dia 01 de novembro de 2025, no Gomeia Galp\u00e3o Criativo, no centro de Duque de Caxias.<\/p>\n<p>Os casos n\u00e3o previstos neste regulamento ser\u00e3o julgados pela comiss\u00e3o respons\u00e1vel pelo concurso Baixada 1 Minuto.<\/p>\n<p><strong>PREMIA\u00c7\u00c3O<\/strong><\/p>\n<p>1\u00ba Pr\u00eamio \u2013 1000,00;<\/p>\n<p>2\u00ba Pr\u00eamio \u2013 500,00;<\/p>\n<p>3\u00ba Pr\u00eamio \u2013 250,00.<\/p>\n<p>Pr\u00eamio da Curadoria \u2013 300,00<\/p>\n<p>* Poder\u00e3o ser concedidos outros pr\u00eamios aos vencedores, conseguidos atrav\u00e9s de parceiros do cineclube.<\/p>\n<p><strong>Pr\u00eamio Marmelada<\/strong> \u2013 \u00fanico pr\u00eamio concedido pelo Mate Com Angu com o objetivo de premiar os realizadores do pr\u00f3prio coletivo. Nessa categoria o vencedor dever\u00e1 premiar a comiss\u00e3o julgadora com um pack de cerveja puro malte.<\/p>\n","protected":false},"excerpt":{"rendered":"<p>\u2013 Baixada 1 Minuto \u00e9 um concurso de v\u00eddeos de no m\u00e1ximo 1 (um) minuto realizados com o tema Baixada Fluminense e\/ou por moradores da regi\u00e3o. \u2013 As inscri\u00e7\u00f5es v\u00e3o de 14 de julho a 31 de agosto de 2025 e admite-se a participa\u00e7\u00e3o de qualquer pessoa residente em algum dos munic\u00edpios que comp\u00f5em a &hellip; <\/p>\n","protected":false},"author":1,"featured_media":0,"parent":0,"menu_order":0,"comment_status":"closed","ping_status":"closed","template":"","meta":{"footnotes":""},"class_list":["post-80","page","type-page","status-publish","hentry"],"_links":{"self":[{"href":"https:\/\/matecomangu.org\/festival5\/index.php\/wp-json\/wp\/v2\/pages\/80","targetHints":{"allow":["GET"]}}],"collection":[{"href":"https:\/\/matecomangu.org\/festival5\/index.php\/wp-json\/wp\/v2\/pages"}],"about":[{"href":"https:\/\/matecomangu.org\/festival5\/index.php\/wp-json\/wp\/v2\/types\/page"}],"author":[{"embeddable":true,"href":"https:\/\/matecomangu.org\/festival5\/index.php\/wp-json\/wp\/v2\/users\/1"}],"replies":[{"embeddable":true,"href":"https:\/\/matecomangu.org\/festival5\/index.php\/wp-json\/wp\/v2\/comments?post=80"}],"version-history":[{"count":10,"href":"https:\/\/matecomangu.org\/festival5\/index.php\/wp-json\/wp\/v2\/pages\/80\/revisions"}],"predecessor-version":[{"id":133,"href":"https:\/\/matecomangu.org\/festival5\/index.php\/wp-json\/wp\/v2\/pages\/80\/revisions\/133"}],"wp:attachment":[{"href":"https:\/\/matecomangu.org\/festival5\/index.php\/wp-json\/wp\/v2\/media?parent=80"}],"curies":[{"name":"wp","href":"https:\/\/api.w.org\/{rel}","templated":true}]}}