{"id":13,"date":"2010-10-09T06:31:57","date_gmt":"2010-10-09T06:31:57","guid":{"rendered":"http:\/\/www.mostraanguafrancesa.com.br\/?page_id=13"},"modified":"2010-10-09T06:31:57","modified_gmt":"2010-10-09T06:31:57","slug":"sala-de-imprensa","status":"publish","type":"page","link":"https:\/\/matecomangu.org\/mostraanguafrancesa\/sala-de-imprensa\/","title":{"rendered":"SALA DE IMPRENSA"},"content":{"rendered":"<p>Todos os materiais de divulga\u00e7\u00e3o que voc\u00ea precisar : releases, fotos, sinopses, contato de diretores, entrevistas etc. podem ser pedidos atrav\u00e9s do email matecomangu@gmail.com ou pelo telefone 7601-6700<\/p>\n<p>Release da Mostra:<\/p>\n<p><strong>Baixada Fluminense recebe o novo Cinema perif\u00e9rico franc\u00eas em novembro<\/strong><\/p>\n<p>Um di\u00e1logo de periferia para periferia atrav\u00e9s do Cinema \u00e9 o que promete a Mostra Angu \u00e0 Francesa de Filmes Nutritivos que vai acontecer durante o m\u00eas de novembro na unidade do Sesc Duque de Caxias.<\/p>\n<p>Fruto de uma articula\u00e7\u00e3o do Cineclube Mate Com Angu com associa\u00e7\u00f5es, produtoras e realizadores franceses, a Mostra apresentar\u00e1 um panorama do que tem sido produzido no novo audiovisual franc\u00eas, contando com a presen\u00e7a de jovens cineastas da periferia parisiense. Al\u00e9m dos curtas-metragens franceses selecionados, tamb\u00e9m ser\u00e3o exibidos filmes nacionais que dialogam com as quest\u00f5es propostas pela mostra, sempre seguidos de debates com realizadores e pensadores do Cinema.<\/p>\n<p>O evento tamb\u00e9m contar\u00e1 com oficinas gratuitas para a comunidade que incluem t\u00e9cnicas de revela\u00e7\u00e3o em 16 mil\u00edmetros, produ\u00e7\u00e3o de filmes com celular, interven\u00e7\u00f5es urbanas e viv\u00eancias dos conceitos de VJ, DJ e rap.<\/p>\n<p>A Mostra Angu \u00e0 Francesa de Filmes Nutritivos vai acontecer de 18 a 24 de novembro e o Sesc Caxias fica na rua General Argolo, 47, no Centro, pr\u00f3ximo ao Hospital Infantil.<\/p>\n<p><strong> <\/strong><\/p>\n<p>A programa\u00e7\u00e3o da mostra poder\u00e1 ser consultada e acompanhada pelo site <a href=\"http:\/\/www.mostraanguafrancesa.com.br\/\">www.mostraanguafrancesa.com.br<\/a>.<\/p>\n<p>Todos os eventos programados t\u00eam entrada franca.<\/p>\n","protected":false},"excerpt":{"rendered":"<p>Todos os materiais de divulga\u00e7\u00e3o que voc\u00ea precisar : releases, fotos, sinopses, contato de diretores, entrevistas etc. podem ser pedidos atrav\u00e9s do email matecomangu@gmail.com ou pelo telefone 7601-6700 Release da Mostra: Baixada Fluminense recebe o novo Cinema perif\u00e9rico franc\u00eas em &hellip; <a href=\"https:\/\/matecomangu.org\/mostraanguafrancesa\/sala-de-imprensa\/\">Continuar lendo <span class=\"meta-nav\">&rarr;<\/span><\/a><\/p>\n","protected":false},"author":3,"featured_media":0,"parent":0,"menu_order":4,"comment_status":"open","ping_status":"closed","template":"","meta":{"footnotes":""},"class_list":["post-13","page","type-page","status-publish","hentry"],"_links":{"self":[{"href":"https:\/\/matecomangu.org\/mostraanguafrancesa\/wp-json\/wp\/v2\/pages\/13","targetHints":{"allow":["GET"]}}],"collection":[{"href":"https:\/\/matecomangu.org\/mostraanguafrancesa\/wp-json\/wp\/v2\/pages"}],"about":[{"href":"https:\/\/matecomangu.org\/mostraanguafrancesa\/wp-json\/wp\/v2\/types\/page"}],"author":[{"embeddable":true,"href":"https:\/\/matecomangu.org\/mostraanguafrancesa\/wp-json\/wp\/v2\/users\/3"}],"replies":[{"embeddable":true,"href":"https:\/\/matecomangu.org\/mostraanguafrancesa\/wp-json\/wp\/v2\/comments?post=13"}],"version-history":[{"count":0,"href":"https:\/\/matecomangu.org\/mostraanguafrancesa\/wp-json\/wp\/v2\/pages\/13\/revisions"}],"wp:attachment":[{"href":"https:\/\/matecomangu.org\/mostraanguafrancesa\/wp-json\/wp\/v2\/media?parent=13"}],"curies":[{"name":"wp","href":"https:\/\/api.w.org\/{rel}","templated":true}]}}