{"id":234,"date":"2010-09-26T06:38:25","date_gmt":"2010-09-26T06:38:25","guid":{"rendered":"http:\/\/www.mostraanguafrancesa.com.br\/?page_id=2"},"modified":"2010-09-26T06:38:25","modified_gmt":"2010-09-26T06:38:25","slug":"sobre","status":"publish","type":"page","link":"https:\/\/matecomangu.org\/mostraanguafrancesa\/sobre\/","title":{"rendered":"Sobre a Mostra"},"content":{"rendered":"<p><strong>Baixada Fluminense recebe o novo Cinema perif\u00e9rico franc\u00eas <\/strong><\/p>\n<p>Um di\u00e1logo de periferia para periferia atrav\u00e9s do Cinema \u00e9 o que promete a Mostra Angu \u00e0 Francesa de Filmes Nutritivos que vai acontecer durante o m\u00eas de novembro na unidade do Sesc Duque de Caxias.<\/p>\n<p>Fruto de uma articula\u00e7\u00e3o do Cineclube Mate Com Angu com associa\u00e7\u00f5es, produtoras e realizadores franceses, a Mostra apresentar\u00e1 um panorama do que tem sido produzido no novo audiovisual franc\u00eas, contando com a presen\u00e7a de jovens cineastas da periferia parisiense. Al\u00e9m dos curtas-metragens franceses selecionados, tamb\u00e9m ser\u00e3o exibidos filmes nacionais que dialogam com as quest\u00f5es propostas pela mostra, sempre seguidos de debates com realizadores e pensadores do Audiovisual.<\/p>\n<p>O evento conta ainda com oficinas gratuitas para a comunidade que incluem t\u00e9cnicas de revela\u00e7\u00e3o em 16 mil\u00edmetros, interven\u00e7\u00f5es urbanas e viv\u00eancias dos conceitos de VJ, rap e <em>freestyle<\/em>.<\/p>\n<p>A Mostra Angu \u00e0 Francesa de Filmes Nutritivos vai acontecer de 18 a 24 de novembro e o Sesc Caxias fica na Rua General Argolo, 47, no Centro, pr\u00f3ximo ao Hospital Infantil.<\/p>\n<p><strong> <\/strong><\/p>\n<p>A programa\u00e7\u00e3o da mostra ser\u00e1 transmitida pela Internet, portanto fique atento. Todos os eventos programados t\u00eam entrada franca.<\/p>\n","protected":false},"excerpt":{"rendered":"<p>Baixada Fluminense recebe o novo Cinema perif\u00e9rico franc\u00eas Um di\u00e1logo de periferia para periferia atrav\u00e9s do Cinema \u00e9 o que promete a Mostra Angu \u00e0 Francesa de Filmes Nutritivos que vai acontecer durante o m\u00eas de novembro na unidade do &hellip; <a href=\"https:\/\/matecomangu.org\/mostraanguafrancesa\/sobre\/\">Continuar lendo <span class=\"meta-nav\">&rarr;<\/span><\/a><\/p>\n","protected":false},"author":3,"featured_media":0,"parent":0,"menu_order":0,"comment_status":"open","ping_status":"open","template":"","meta":{"footnotes":""},"class_list":["post-234","page","type-page","status-publish","hentry"],"_links":{"self":[{"href":"https:\/\/matecomangu.org\/mostraanguafrancesa\/wp-json\/wp\/v2\/pages\/234","targetHints":{"allow":["GET"]}}],"collection":[{"href":"https:\/\/matecomangu.org\/mostraanguafrancesa\/wp-json\/wp\/v2\/pages"}],"about":[{"href":"https:\/\/matecomangu.org\/mostraanguafrancesa\/wp-json\/wp\/v2\/types\/page"}],"author":[{"embeddable":true,"href":"https:\/\/matecomangu.org\/mostraanguafrancesa\/wp-json\/wp\/v2\/users\/3"}],"replies":[{"embeddable":true,"href":"https:\/\/matecomangu.org\/mostraanguafrancesa\/wp-json\/wp\/v2\/comments?post=234"}],"version-history":[{"count":0,"href":"https:\/\/matecomangu.org\/mostraanguafrancesa\/wp-json\/wp\/v2\/pages\/234\/revisions"}],"wp:attachment":[{"href":"https:\/\/matecomangu.org\/mostraanguafrancesa\/wp-json\/wp\/v2\/media?parent=234"}],"curies":[{"name":"wp","href":"https:\/\/api.w.org\/{rel}","templated":true}]}}