{"id":32,"date":"2010-10-30T05:56:54","date_gmt":"2010-10-30T05:56:54","guid":{"rendered":"http:\/\/www.mostraanguafrancesa.com.br\/?page_id=32"},"modified":"2010-10-30T05:56:54","modified_gmt":"2010-10-30T05:56:54","slug":"debates","status":"publish","type":"page","link":"https:\/\/matecomangu.org\/mostraanguafrancesa\/programacao\/debates\/","title":{"rendered":"DEBATES"},"content":{"rendered":"<p><strong>Sexta-feira, 19\/11\/10, 19h<br \/>\n<\/strong><strong>Sess\u00e3o T\u00e1 Ligado? Um papo reto sobre Juventude e Cinema<br \/>\n<\/strong>Debate com: Slow da BF (rapper, mediador), Luis Carlos Dumontt (Movimento Enraizados), Phillipe Urvoy (curador) e Wagner Novais (diretor).<\/p>\n<p><strong> <\/strong><\/p>\n<p><strong> <\/strong><\/p>\n<p><strong>S\u00e1bado, 20\/11\/10, 19h<br \/>\n<\/strong><strong>Sess\u00e3o Ideologia &#8211; Eu Quero Uma Pra Filmar<br \/>\n<\/strong>Debate com: Cacau Amaral (diretor, mediador), Frederico Cardoso (Coordenador Executivo &#8211; Cine Mais Cultura), Marcus Vin\u00edcius Faustini (escritor, diretor) e Ladj Ly (diretor).<\/p>\n<p><strong>Domingo, 21\/11\/10, 18h<br \/>\n<\/strong><strong>Sess\u00e3o Pelas Baixadas do Mundo<br \/>\n<\/strong>Debate com: Heraldo HB (cineclubista, mediador), Diego Bion (diretor), Igor Barradas (diretor) e Valter Fil\u00e9 (diretor)<\/p>\n<p><strong>Ter\u00e7a-feira, 23\/11\/10, 19h<br \/>\n<\/strong><strong>Sess\u00e3o O Mundo \u00c9 uma Cabe\u00e7a<br \/>\n<\/strong>Debate com: Marlucia Santos (professora, pesquisadora, mediadora), Aladine Za\u00efane (diretor), Chapolim (ocupa\u00e7\u00e3o urbana Flor do Asfalto)<\/p>\n","protected":false},"excerpt":{"rendered":"<p>Sexta-feira, 19\/11\/10, 19h Sess\u00e3o T\u00e1 Ligado? Um papo reto sobre Juventude e Cinema Debate com: Slow da BF (rapper, mediador), Luis Carlos Dumontt (Movimento Enraizados), Phillipe Urvoy (curador) e Wagner Novais (diretor). S\u00e1bado, 20\/11\/10, 19h Sess\u00e3o Ideologia &#8211; Eu Quero &hellip; <a href=\"https:\/\/matecomangu.org\/mostraanguafrancesa\/programacao\/debates\/\">Continuar lendo <span class=\"meta-nav\">&rarr;<\/span><\/a><\/p>\n","protected":false},"author":3,"featured_media":0,"parent":8,"menu_order":1,"comment_status":"open","ping_status":"open","template":"","meta":{"footnotes":""},"class_list":["post-32","page","type-page","status-publish","hentry"],"_links":{"self":[{"href":"https:\/\/matecomangu.org\/mostraanguafrancesa\/wp-json\/wp\/v2\/pages\/32","targetHints":{"allow":["GET"]}}],"collection":[{"href":"https:\/\/matecomangu.org\/mostraanguafrancesa\/wp-json\/wp\/v2\/pages"}],"about":[{"href":"https:\/\/matecomangu.org\/mostraanguafrancesa\/wp-json\/wp\/v2\/types\/page"}],"author":[{"embeddable":true,"href":"https:\/\/matecomangu.org\/mostraanguafrancesa\/wp-json\/wp\/v2\/users\/3"}],"replies":[{"embeddable":true,"href":"https:\/\/matecomangu.org\/mostraanguafrancesa\/wp-json\/wp\/v2\/comments?post=32"}],"version-history":[{"count":0,"href":"https:\/\/matecomangu.org\/mostraanguafrancesa\/wp-json\/wp\/v2\/pages\/32\/revisions"}],"up":[{"embeddable":true,"href":"https:\/\/matecomangu.org\/mostraanguafrancesa\/wp-json\/wp\/v2\/pages\/8"}],"wp:attachment":[{"href":"https:\/\/matecomangu.org\/mostraanguafrancesa\/wp-json\/wp\/v2\/media?parent=32"}],"curies":[{"name":"wp","href":"https:\/\/api.w.org\/{rel}","templated":true}]}}