{"id":34,"date":"2010-10-30T05:58:57","date_gmt":"2010-10-30T05:58:57","guid":{"rendered":"http:\/\/www.mostraanguafrancesa.com.br\/?page_id=34"},"modified":"2010-10-30T05:58:57","modified_gmt":"2010-10-30T05:58:57","slug":"oficinas","status":"publish","type":"page","link":"https:\/\/matecomangu.org\/mostraanguafrancesa\/programacao\/oficinas\/","title":{"rendered":"OFICINAS"},"content":{"rendered":"<p><strong>OFICINA DE FILMAGEM EM 16MM E REVELA\u00c7\u00c3O MANUAL<\/strong><br \/>\nCom Cris Miranda<\/p>\n<p>Oficina de realiza\u00e7\u00e3o de um filme em 16mm, com revela\u00e7\u00e3o manual do negativo, montagem na mesa de luz, telecinagem em c\u00e2mera digital e proje\u00e7\u00e3o do trabalho final.<\/p>\n<p>A oficina pretende propor um exerc\u00edcio de realiza\u00e7\u00e3o de um filme usando uma c\u00e2mera Bolex e revelando manualmente o negativo, com a inten\u00e7\u00e3o de explorar os recursos oferecidos pela c\u00e2mera 16 mm e pela c\u00e2mera escura. Para a finaliza\u00e7\u00e3o do filme realizaremos um telecine com a proje\u00e7\u00e3o do negativo e sua filmagem com uma c\u00e2mera digital.<\/p>\n<p><span style=\"font-family: Tahoma, sans-serif;\">Local: Sesc \u2013 2\u00b0 andar<br \/>\n<\/span>Data: 19, 20 e 23\/11 \u2013 das 14h \u00e0s 18h<br \/>\nClassifica\u00e7\u00e3o et\u00e1ria: 16 anos.<\/p>\n<p><strong>OFICINA DE VJING<\/strong><br \/>\nCom Paulo China<\/p>\n<p>VJing\u00a0(pronuncia-se em ingl\u00eas v\u00ed-djin) \u00e9 a denomina\u00e7\u00e3o geralmente dada \u00e1s pr\u00e1ticas art\u00edsticas relacionadas com a performance visual em tempo real. A principal caracter\u00edstica do VJing \u00e9 a manipula\u00e7\u00e3o\/edi\u00e7\u00e3o\u00a0em tempo real de imagens, atrav\u00e9s de meios tecnol\u00f3gicos, para uma audi\u00eancia, em di\u00e1logo com m\u00fasica ou som.\u00a0A pr\u00e1tica do VJing tem lugar em eventos como por exemplo concertos, discotecas,\u00a0festivais de m\u00fasica, galerias de arte e museus, muitas vezes em combina\u00e7\u00e3o com outras performances art\u00edsticas.<\/p>\n<p><span style=\"font-family: Tahoma, sans-serif;\">Local: Sesc \u2013 2\u00b0 andar<br \/>\n<\/span>Data: 20\/11 \u2013 das 14h \u00e0s 18h<br \/>\nClassifica\u00e7\u00e3o et\u00e1ria: 16 anos.<\/p>\n<p><strong>OFICINA DE RAP E FREE STYLE<\/strong><br \/>\nCom Peter MC e L\u00e9o da XIII<\/p>\n<p>Teoria e pr\u00e1tica sobre t\u00e9cnicas de compasso, ritmo, poesia, levada e postura; e no final, apresenta\u00e7\u00e3o de <em>freestyle<\/em> (estilo livre).<\/p>\n<p><span style=\"font-family: Tahoma, sans-serif;\">Local: Sesc \u2013 sagu\u00e3o<br \/>\n<\/span>Data: 23\/11 \u2013 das 14h \u00e0s 18h<br \/>\nClassifica\u00e7\u00e3o et\u00e1ria: 16 anos.<\/p>\n<p><strong>OFICINA DE CARTAZES PARA CINEMA<\/strong><br \/>\nCom Fabio Birita<\/p>\n<p>Principais caracter\u00edsticas de um cartaz, sua cria\u00e7\u00e3o usando o <em>stencil<\/em> como ferramenta criativa e at\u00e9 o desenvolvimento da arte-final para impress\u00e3o.<\/p>\n<p><span style=\"font-family: Tahoma, sans-serif;\">Local: Sesc \u2013 2\u00b0 andar<br \/>\n<\/span>Data: 20\/11 \u2013 das 10h \u00e0s 17h<br \/>\nClassifica\u00e7\u00e3o et\u00e1ria: 10 anos.<\/p>\n<p><span style=\"font-family: Tahoma, sans-serif;\"><strong>Para se inscrever<\/strong>, basta enviar um email para:<br \/>\n<\/span><span style=\"text-decoration: underline;\"><span style=\"font-family: Tahoma, sans-serif;\"><a href=\"mailto:oficinas.mostraangu@gmail.com\">oficinas.mostraangu@gmail.com<\/a><\/span><\/span><\/p>\n<p>Enviando estes dados:<br \/>\nNome Completo:<\/p>\n<p>Bairro e Cidade:<\/p>\n<p>Idade:<\/p>\n<p>\u00c9 ligado a algum projeto social ou alguma outra institui\u00e7\u00e3o? _______<\/p>\n<p>Telefone de contato:<\/p>\n<p>Email:<\/p>\n<p><span style=\"text-decoration: underline;\"><span style=\"font-family: Tahoma, sans-serif;\"><br \/>\n<\/span><\/span><\/p>\n","protected":false},"excerpt":{"rendered":"<p>OFICINA DE FILMAGEM EM 16MM E REVELA\u00c7\u00c3O MANUAL Com Cris Miranda Oficina de realiza\u00e7\u00e3o de um filme em 16mm, com revela\u00e7\u00e3o manual do negativo, montagem na mesa de luz, telecinagem em c\u00e2mera digital e proje\u00e7\u00e3o do trabalho final. A oficina &hellip; <a href=\"https:\/\/matecomangu.org\/mostraanguafrancesa\/programacao\/oficinas\/\">Continuar lendo <span class=\"meta-nav\">&rarr;<\/span><\/a><\/p>\n","protected":false},"author":3,"featured_media":0,"parent":8,"menu_order":2,"comment_status":"open","ping_status":"open","template":"","meta":{"footnotes":""},"class_list":["post-34","page","type-page","status-publish","hentry"],"_links":{"self":[{"href":"https:\/\/matecomangu.org\/mostraanguafrancesa\/wp-json\/wp\/v2\/pages\/34","targetHints":{"allow":["GET"]}}],"collection":[{"href":"https:\/\/matecomangu.org\/mostraanguafrancesa\/wp-json\/wp\/v2\/pages"}],"about":[{"href":"https:\/\/matecomangu.org\/mostraanguafrancesa\/wp-json\/wp\/v2\/types\/page"}],"author":[{"embeddable":true,"href":"https:\/\/matecomangu.org\/mostraanguafrancesa\/wp-json\/wp\/v2\/users\/3"}],"replies":[{"embeddable":true,"href":"https:\/\/matecomangu.org\/mostraanguafrancesa\/wp-json\/wp\/v2\/comments?post=34"}],"version-history":[{"count":0,"href":"https:\/\/matecomangu.org\/mostraanguafrancesa\/wp-json\/wp\/v2\/pages\/34\/revisions"}],"up":[{"embeddable":true,"href":"https:\/\/matecomangu.org\/mostraanguafrancesa\/wp-json\/wp\/v2\/pages\/8"}],"wp:attachment":[{"href":"https:\/\/matecomangu.org\/mostraanguafrancesa\/wp-json\/wp\/v2\/media?parent=34"}],"curies":[{"name":"wp","href":"https:\/\/api.w.org\/{rel}","templated":true}]}}