{"id":52,"date":"2010-11-03T04:47:21","date_gmt":"2010-11-03T04:47:21","guid":{"rendered":"http:\/\/www.mostraanguafrancesa.com.br\/?page_id=52"},"modified":"2010-11-03T04:47:21","modified_gmt":"2010-11-03T04:47:21","slug":"agradecimentos","status":"publish","type":"page","link":"https:\/\/matecomangu.org\/mostraanguafrancesa\/ficha-tecnica\/agradecimentos\/","title":{"rendered":"AGRADECIMENTOS"},"content":{"rendered":"<p>Alessandra Casta\u00f1eda<br \/>\nAnah\u00ed Ubal<br \/>\nAngel Urrutia<br \/>\nArlindo Junior<br \/>\nCavi Borges<br \/>\nCelso Pansera<br \/>\nChapolim<br \/>\nCoelho Roots<br \/>\nCris Miranda<br \/>\nDel\u00edrio do Sabor<br \/>\nDJ Bras\u00edlia<br \/>\nDJ Saens Pe\u00f1a<br \/>\n\u00c9rika Campelo<br \/>\nFabio Birita<br \/>\nF\u00e1bio Maleronka<br \/>\nFaetec<br \/>\nGlobal Design<br \/>\nIvana Bentes<br \/>\nJ\u00falia Poubel<br \/>\nJurubeba Produ\u00e7\u00f5es<br \/>\nLivia de Tommasi<br \/>\nLouis Genot<br \/>\nMarcus Vinicius Faustini<br \/>\nMaria Jos\u00e9 Gouv\u00eaa<br \/>\nMarlucia Santos<br \/>\nNivaldo Carneiro<br \/>\nOskthuana<br \/>\nPaulo China<br \/>\nPedal 2 (Thiago e Barei)<br \/>\nPhillipe Urvoy<br \/>\nR\u00e9jane Mouillot<br \/>\nRelinkare Internet<br \/>\nStudio Alfa<br \/>\nTatiana Milanez<br \/>\nTelena Teles<br \/>\nValter Fil\u00e9<br \/>\nWagner Jos\u00e9 e o Seu Bando<br \/>\nETE Adolpho Bloch<br \/>\nCineclube Olho na Cena (ETEAB\/FAETEC)<br \/>\nSula Xavier<\/p>\n<p>Um abra\u00e7o forte a estes bandos que tanto nos emocionam pela Verdade de suas a\u00e7\u00f5es:<br \/>\nToda a galera do Cineclube Mate Com Angu<br \/>\nAos guerreiros do Movimento Enraizados (Dudu de Morro Agudo, Dumontt, Peter MC e L\u00e9o da XIII)<br \/>\nAos intr\u00e9pidos artistas do Imagin\u00e1rio Perif\u00e9rico<br \/>\nAo Treze Numa Noite<br \/>\n\u00c0 galera da Gera\u00e7\u00e3o Del\u00edrio<\/p>\n<p>Agradecimento especial a\u00a0Poliana\u00a0Paiva que deu seu tempero ao nome da Mostra.<\/p>\n<p>Especialmente, a todos os diretores e t\u00e9cnicos que apresentaram seus filmes na Mostra.<\/p>\n<p>E a todos os realizadores e amigos que contribu\u00edram para o evento e que trabalham diariamente para derrubar as Bastilhas da ignor\u00e2ncia e do preconceito.<\/p>\n","protected":false},"excerpt":{"rendered":"<p>Alessandra Casta\u00f1eda Anah\u00ed Ubal Angel Urrutia Arlindo Junior Cavi Borges Celso Pansera Chapolim Coelho Roots Cris Miranda Del\u00edrio do Sabor DJ Bras\u00edlia DJ Saens Pe\u00f1a \u00c9rika Campelo Fabio Birita F\u00e1bio Maleronka Faetec Global Design Ivana Bentes J\u00falia Poubel Jurubeba Produ\u00e7\u00f5es &hellip; <a href=\"https:\/\/matecomangu.org\/mostraanguafrancesa\/ficha-tecnica\/agradecimentos\/\">Continuar lendo <span class=\"meta-nav\">&rarr;<\/span><\/a><\/p>\n","protected":false},"author":3,"featured_media":0,"parent":24,"menu_order":0,"comment_status":"open","ping_status":"open","template":"","meta":{"footnotes":""},"class_list":["post-52","page","type-page","status-publish","hentry"],"_links":{"self":[{"href":"https:\/\/matecomangu.org\/mostraanguafrancesa\/wp-json\/wp\/v2\/pages\/52","targetHints":{"allow":["GET"]}}],"collection":[{"href":"https:\/\/matecomangu.org\/mostraanguafrancesa\/wp-json\/wp\/v2\/pages"}],"about":[{"href":"https:\/\/matecomangu.org\/mostraanguafrancesa\/wp-json\/wp\/v2\/types\/page"}],"author":[{"embeddable":true,"href":"https:\/\/matecomangu.org\/mostraanguafrancesa\/wp-json\/wp\/v2\/users\/3"}],"replies":[{"embeddable":true,"href":"https:\/\/matecomangu.org\/mostraanguafrancesa\/wp-json\/wp\/v2\/comments?post=52"}],"version-history":[{"count":0,"href":"https:\/\/matecomangu.org\/mostraanguafrancesa\/wp-json\/wp\/v2\/pages\/52\/revisions"}],"up":[{"embeddable":true,"href":"https:\/\/matecomangu.org\/mostraanguafrancesa\/wp-json\/wp\/v2\/pages\/24"}],"wp:attachment":[{"href":"https:\/\/matecomangu.org\/mostraanguafrancesa\/wp-json\/wp\/v2\/media?parent=52"}],"curies":[{"name":"wp","href":"https:\/\/api.w.org\/{rel}","templated":true}]}}