{"id":64,"date":"2010-11-04T16:46:44","date_gmt":"2010-11-04T16:46:44","guid":{"rendered":"http:\/\/www.mostraanguafrancesa.com.br\/?page_id=64"},"modified":"2010-11-04T16:46:44","modified_gmt":"2010-11-04T16:46:44","slug":"atividades-extras","status":"publish","type":"page","link":"https:\/\/matecomangu.org\/mostraanguafrancesa\/programacao\/atividades-extras\/","title":{"rendered":"ATIVIDADES EXTRAS"},"content":{"rendered":"<p><strong>Exposi\u00e7\u00e3o Mate Com Angu 8 Anos<br \/>\n<\/strong>Local: Sagu\u00e3o do Sesc<br \/>\nDe 18 a 24 de novembro<\/p>\n<p><strong>Exposi\u00e7\u00e3o Imagin\u00e1rio Angu \u00e0 Francesa<br \/>\n<\/strong>Exposi\u00e7\u00e3o de trabalhos dos artistas pl\u00e1sticos do Imagin\u00e1rio Perif\u00e9rico<br \/>\nLocal: Sagu\u00e3o do Sesc<br \/>\nDe 18 a 24 de novembro<\/p>\n<p><strong>Qual\u00e9? Numa adianta.<br \/>\n<\/strong>Performance de Nivaldo Carneiro<br \/>\n18\/11\/10, 21h30min<br \/>\nLocal: Sagu\u00e3o do Sesc<\/p>\n<p><strong>Cabaret Mate<br \/>\n<\/strong>Apresentando: Gera\u00e7\u00e3o Del\u00edrio com as bandas Bettie Page e Sofia Pop, performance com o grupo 13 Numa Noite e festa com DJ Brasa.<br \/>\nDia 20\/11\/10, a partir das 22h<br \/>\nLocal: Bistr\u00f4 Brasil \u2013 rua Sebasti\u00e3o de Oliveira, 173, centro de Duque de Caxias<\/p>\n<p><strong>Sess\u00e3o Cine Assalto<br \/>\n<\/strong>Exibi\u00e7\u00e3o dos filmes da Mostra na Pra\u00e7a do Pacificador, ao lado do teatro Raul Cortez<br \/>\nDia 22\/11\/10, a partir das 19h30min<br \/>\nLocal: Centro de Duque de Caxias<\/p>\n<p><strong>M\u00fasica e Comparsaria<\/strong><br \/>\nShow com a banda <strong>La Comparsaria<\/strong> e convidados, v\u00e1rias canjas no melhor estilo chegou-tocou.<br \/>\nDia 23\/11\/10, a partir das 21h<br \/>\nLocal: Bar do Luisinho, Rua Sebasti\u00e3o de Oliveira, em frente \u00e0 Lira de Ouro, no Centro de Caxias<\/p>\n<p><strong>Pr\u00eamio Angu de Ouro<br \/>\n<\/strong>Encerramento da Mostra na tradicional sess\u00e3o de premia\u00e7\u00e3o do cineclube Mate Com Angu.<br \/>\nShow com Wagner Jos\u00e9 e Seu Bando e festa com DJ Saens Pe\u00f1a e VJ China (coletivo S.O.M.O.S)<br \/>\nDia 24\/11\/10, a partir das 20h<br \/>\nLocal: Lira de Ouro \u2013 rua Sebasti\u00e3o de Oliveira, 72, centro de Duque de Caxias<\/p>\n<p><strong>Angu On Line<br \/>\n<\/strong>A Mostra Angu \u00e0 Francesa de Filmes Nutritivos ser\u00e1 transmitida via web atrav\u00e9s da <strong>AnguTv<\/strong> <a href=\"http:\/\/www.angutv.com.br\" target=\"_blank\">www.angutv.com.br<\/a><\/p>\n<p>Todos os eventos t\u00eam entrada franca.<\/p>\n","protected":false},"excerpt":{"rendered":"<p>Exposi\u00e7\u00e3o Mate Com Angu 8 Anos Local: Sagu\u00e3o do Sesc De 18 a 24 de novembro Exposi\u00e7\u00e3o Imagin\u00e1rio Angu \u00e0 Francesa Exposi\u00e7\u00e3o de trabalhos dos artistas pl\u00e1sticos do Imagin\u00e1rio Perif\u00e9rico Local: Sagu\u00e3o do Sesc De 18 a 24 de novembro &hellip; <a href=\"https:\/\/matecomangu.org\/mostraanguafrancesa\/programacao\/atividades-extras\/\">Continuar lendo <span class=\"meta-nav\">&rarr;<\/span><\/a><\/p>\n","protected":false},"author":3,"featured_media":0,"parent":8,"menu_order":3,"comment_status":"open","ping_status":"closed","template":"","meta":{"footnotes":""},"class_list":["post-64","page","type-page","status-publish","hentry"],"_links":{"self":[{"href":"https:\/\/matecomangu.org\/mostraanguafrancesa\/wp-json\/wp\/v2\/pages\/64","targetHints":{"allow":["GET"]}}],"collection":[{"href":"https:\/\/matecomangu.org\/mostraanguafrancesa\/wp-json\/wp\/v2\/pages"}],"about":[{"href":"https:\/\/matecomangu.org\/mostraanguafrancesa\/wp-json\/wp\/v2\/types\/page"}],"author":[{"embeddable":true,"href":"https:\/\/matecomangu.org\/mostraanguafrancesa\/wp-json\/wp\/v2\/users\/3"}],"replies":[{"embeddable":true,"href":"https:\/\/matecomangu.org\/mostraanguafrancesa\/wp-json\/wp\/v2\/comments?post=64"}],"version-history":[{"count":0,"href":"https:\/\/matecomangu.org\/mostraanguafrancesa\/wp-json\/wp\/v2\/pages\/64\/revisions"}],"up":[{"embeddable":true,"href":"https:\/\/matecomangu.org\/mostraanguafrancesa\/wp-json\/wp\/v2\/pages\/8"}],"wp:attachment":[{"href":"https:\/\/matecomangu.org\/mostraanguafrancesa\/wp-json\/wp\/v2\/media?parent=64"}],"curies":[{"name":"wp","href":"https:\/\/api.w.org\/{rel}","templated":true}]}}