{"id":8,"date":"2010-10-09T06:30:50","date_gmt":"2010-10-09T06:30:50","guid":{"rendered":"http:\/\/www.mostraanguafrancesa.com.br\/?page_id=8"},"modified":"2010-10-09T06:30:50","modified_gmt":"2010-10-09T06:30:50","slug":"programacao","status":"publish","type":"page","link":"https:\/\/matecomangu.org\/mostraanguafrancesa\/programacao\/","title":{"rendered":"PROGRAMA\u00c7\u00c3O"},"content":{"rendered":"<p><strong>Quinta-feira &#8211; 18 de novembro<br \/>\n<\/strong>19h &#8211; Cerim\u00f4nia de abertura<br \/>\n\u201cRAZ\u201d, de Andr\u00e9 Lavaquial (Fic\u00e7\u00e3o, Cor, HD, 19min, 2010, RJ, Brasil)<br \/>\n\u201cCart\u00e3o Postal\u201d, de Josinaldo Medeiros e Wagner Novais (Fic\u00e7\u00e3o, Cor, Digital, 70 min, 2010, RJ, Brasil)<br \/>\n21h &#8211; Lounge com a DJ Pen\u00e9 Deluxe<\/p>\n<p><strong>Sexta-feira \u2013 19 de novembro<br \/>\n<\/strong>14h &#8211; Oficina de Filmagem em 16mm e Revela\u00e7\u00e3o Manual \u2013 Com Cris Miranda<br \/>\n19h &#8211; <strong>Sess\u00e3o T\u00e1 Ligado? Um papo reto sobre Juventude e Cinema<\/strong><br \/>\n&#8211; \u201cTempo de Crian\u00e7a\u201d, de Wagner Novais (12 min, Fic\u00e7\u00e3o, Cor, Digital, 2010, RJ, Brasil)<br \/>\n&#8211; \u201cEasy Pizza Riders\u201d, de Romain Gavras (9 min, 2002, Fic\u00e7\u00e3o, Cor, Fran\u00e7a)<br \/>\n&#8211; \u201cLettre au fils\u201d, de Philippe Welsh (11 min, 2002, Fic\u00e7\u00e3o, Cor e P&amp;B, 35mm, Fran\u00e7a)<br \/>\n&#8211; \u201cTrompe L\u2019oeil\u201d, de Florent Sauze (18 min, Cor, Fic\u00e7\u00e3o, 2008, Fran\u00e7a)<br \/>\n&#8211; \u201cLa Cabine\u201d, de Dessil Basmadjan e Clio Gavagni (3min, Anima\u00e7\u00e3o, Cor, 2006, Fran\u00e7a)<br \/>\n<strong>Debate com<\/strong>: Slow da BF (rapper, mediador), Dumontt (Movimento Enraizados), Phillipe Urvoy (curador) e Wagner Novais (diretor).<\/p>\n<p><strong>S\u00e1bado \u2013 20 de novembro<br \/>\n<\/strong>10h &#8211; Oficina de Cartazes para Cinema &#8211; com F\u00e1bio Birita<br \/>\n14h \u2013 Oficina de Filmagem em 16mm e Revela\u00e7\u00e3o Manual \u2013 Com Cris Miranda<br \/>\n14h &#8211; Oficina de VJ &#8211; com Paulo China<br \/>\n19h \u2013 <strong>Sess\u00e3o Ideologia &#8211; Eu Quero Uma Pra Filmar<\/strong><br \/>\n&#8211; \u201c1 Ano e 1 Dia\u201d, de Cacau Amaral, Rafael Mazza e Jo\u00e3o Xavi (15 min, 2004, Brasil)<br \/>\n&#8211; \u201cKitabevi\u201d, de Willian Danayre e S\u00e8bastien Rastoix (22 min, Doc, Cor, 2008, Fran\u00e7a)<br \/>\n&#8211; \u201cJe m\u2019 appele\u201d, de Stephane Elmadjan (17 min, Cor e P&amp;B, 2002, Fran\u00e7a)<br \/>\n&#8211; 365 jours \u00e0 Clichy Montfermeil, de Ladj Ly (25 min, Doc, Cor, 2007, Fran\u00e7a)<br \/>\n&#8211; \u201cN\u2019entre p\u00e1s sans violence dans la nuit\u201d, de Sylvain George (20 min, Doc, P&amp;B, 2007, Fran\u00e7a)<br \/>\n<strong>Debate com<\/strong>: Cacau Amaral (diretor, mediador), Frederico Cardoso (Coordenador Executivo &#8211; Cine Mais Cultura),\u00a0Marcus Vin\u00edcius Faustini (escritor, diretor) e Ladj Ly (diretor).<\/p>\n<p><strong>Domingo &#8211; 21 de novembro<br \/>\n<\/strong>18h &#8211; <strong>Sess\u00e3o Pelas Baixadas do Mundo<\/strong><br \/>\n&#8220;Queimado&#8221;, de Igor Barradas (2010, 16min)<br \/>\n\u201cRoteiro\u201d, de Diego Bion (2010, Experimental, 3min)<br \/>\n\u201cO Que Vai Ser?\u201d, de Get\u00falio Ribeiro<br \/>\n\u201cPra\u00e7a do Pacificador\u201d, de Valter Fil\u00e9 (Nova Igua\u00e7u, RJ \u2022 1993 \u2022 V\u00eddeo NTSC \u2022 13\u201907\u201d )<br \/>\nAngu TV &#8211; epis\u00f3dio Transporte (2007, Mini-DV, 9min)<br \/>\n<strong>Debate com<\/strong>: Heraldo HB (cineclubista, mediador), Diego Bion (diretor), Igor Barradas (diretor) e Valter Fil\u00e9 (diretor)<\/p>\n<p><strong>Segunda-feira \u2013 22 de novembro<br \/>\n<\/strong>14h &#8211; <strong>Sess\u00e3o Especial Angu \u00e0 Francesa<\/strong> \u2013 sele\u00e7\u00e3o de filmes da Mostra na Escola T\u00e9cnica Estadual Adolpho Bloch (Faetec) &#8211; Avenida Bartolomeu de Gusm\u00e3o, 850 &#8211; S\u00e3o Crist\u00f3v\u00e3o, RJ<br \/>\n19h &#8211; <strong>Sess\u00e3o Cine Assalto<\/strong> \u2013 exibi\u00e7\u00e3o dos filmes da Mostra na Pra\u00e7a do Pacificador<\/p>\n<p><strong>Ter\u00e7a-feira \u2013 23 de novembro<br \/>\n<\/strong>14h &#8211; Oficina de Filmagem em 16mm e Revela\u00e7\u00e3o Manual \u2013 Com Cris Miranda<br \/>\n14h &#8211; Oficina de Rap e Free Style \u2013 com Petter MC e Leo da XIII<br \/>\n19h \u2013<strong> Sess\u00e3o O Mundo \u00c9 uma Cabe\u00e7a<\/strong><br \/>\n&#8211; \u201cL\u00e1 no Fim do Mundo&#8230;\u201d, do Coletivo Mate Com Angu (17 min, 2007, Brasil)<br \/>\n&#8211; \u201cNotre mot famille\u201d, dire\u00e7\u00e3o coletiva de Aladine Za\u00efane, Louis-Philippe Onguele, Fethi Grid, Khir Din Grid, Clement Tang, Rapha\u00ebl Fiumani-Jacquemot, Jimmy Cosme, Amine Gueda\u00efem, Madani Boussaid.\u00a0 (35 min, Digital, Cor, 2010, Fran\u00e7a)<br \/>\n&#8211; \u201cAbena\u201d de Amel Kamel (6`30&#8220;, anima\u00e7\u00e3o, Cor e P&amp;B, 2008, Fran\u00e7a)<br \/>\n&#8211; \u201cDe L\u2019autre cote de la rue\u201d, de Maya Heuse Defay (32 min, Doc, Cor, 2007, Fran\u00e7a)<br \/>\n&#8211; \u201cSun is Shinning\u201d, de Fabien Loire e Thomas Courtial (11 min, Super 8, fic\u00e7\u00e3o, P&amp;B, 2007, Fran\u00e7a)<br \/>\n&#8211; \u201cMotion\u201d, de R\u00e9my Lucas, Serge de Portzamparc e Benoit Soler (6 min, 2007, Doc, Cor, Fran\u00e7a)<br \/>\n<strong>Debate com<\/strong>: Marlucia Santos (professora, pesquisadora, mediadora), Ivana Bentes (UFRJ), Aladine Za\u00efane (diretor), Chapolim (ocupa\u00e7\u00e3o urbana Flor do Asfalto)<\/p>\n<p><strong> <\/strong><\/p>\n<p><strong>Quarta-feira \u2013 24 de novembro<br \/>\n<\/strong>20h &#8211; <strong>Sess\u00e3o Angu de Ouro<\/strong> no Ponto de Cultura Lira de Ouro<br \/>\nShow de Wagner Jos\u00e9 e Seu Bando<br \/>\nFesta de encerramento da Mostra, com DJ Saens Pena e VJ China (coletivo S.O.M.O.S.)<\/p>\n","protected":false},"excerpt":{"rendered":"<p>Quinta-feira &#8211; 18 de novembro 19h &#8211; Cerim\u00f4nia de abertura \u201cRAZ\u201d, de Andr\u00e9 Lavaquial (Fic\u00e7\u00e3o, Cor, HD, 19min, 2010, RJ, Brasil) \u201cCart\u00e3o Postal\u201d, de Josinaldo Medeiros e Wagner Novais (Fic\u00e7\u00e3o, Cor, Digital, 70 min, 2010, RJ, Brasil) 21h &#8211; Lounge &hellip; <a href=\"https:\/\/matecomangu.org\/mostraanguafrancesa\/programacao\/\">Continuar lendo <span class=\"meta-nav\">&rarr;<\/span><\/a><\/p>\n","protected":false},"author":3,"featured_media":0,"parent":0,"menu_order":1,"comment_status":"open","ping_status":"closed","template":"","meta":{"footnotes":""},"class_list":["post-8","page","type-page","status-publish","hentry"],"_links":{"self":[{"href":"https:\/\/matecomangu.org\/mostraanguafrancesa\/wp-json\/wp\/v2\/pages\/8","targetHints":{"allow":["GET"]}}],"collection":[{"href":"https:\/\/matecomangu.org\/mostraanguafrancesa\/wp-json\/wp\/v2\/pages"}],"about":[{"href":"https:\/\/matecomangu.org\/mostraanguafrancesa\/wp-json\/wp\/v2\/types\/page"}],"author":[{"embeddable":true,"href":"https:\/\/matecomangu.org\/mostraanguafrancesa\/wp-json\/wp\/v2\/users\/3"}],"replies":[{"embeddable":true,"href":"https:\/\/matecomangu.org\/mostraanguafrancesa\/wp-json\/wp\/v2\/comments?post=8"}],"version-history":[{"count":0,"href":"https:\/\/matecomangu.org\/mostraanguafrancesa\/wp-json\/wp\/v2\/pages\/8\/revisions"}],"wp:attachment":[{"href":"https:\/\/matecomangu.org\/mostraanguafrancesa\/wp-json\/wp\/v2\/media?parent=8"}],"curies":[{"name":"wp","href":"https:\/\/api.w.org\/{rel}","templated":true}]}}