{"id":38,"date":"2015-10-24T20:02:05","date_gmt":"2015-10-24T20:02:05","guid":{"rendered":"http:\/\/matecomangu.org\/performate\/?page_id=38"},"modified":"2015-12-23T14:42:18","modified_gmt":"2015-12-23T14:42:18","slug":"formiga-de-reis","status":"publish","type":"page","link":"https:\/\/matecomangu.org\/performate\/formiga-de-reis\/","title":{"rendered":"FORMIGA DE REIS"},"content":{"rendered":"<p>Como aquecimento para a oficina (lab) que se iniciar\u00e1 em janeiro de 2015, o projeto faz um acompanhamento de uma manifesta\u00e7\u00e3o performativa local: as Folias de Reis do Morro da Formiga. As Folias de Reis s\u00e3o um fen\u00f4meno cultural tipicamente brasileiro, que acontece de formas diferenciadas em cada parte do pa\u00eds e que no Rio acaba por se manifestar com mais riqueza e for\u00e7a nas favelas e no sub\u00farbio carioca. Com uma ritual\u00edsitca pr\u00f3pria a Folia de Reis \u00e9 uma festividade que envolve uma gama de atores sociais, pessoas que se dedicam o ano inteiro para esse momento.<\/p>\n<p>Estes registros v\u00e3o construindo a face desta coletividade que abra\u00e7a \u00e0s Folias da mesma forma como \u00e9 abra\u00e7ada por elas. Seguir a folia e fazer parte dela, contar mem\u00f3rias e passar para os mais novos, assim se perpetua uma tradi\u00e7\u00e3o que acaba revelando tamb\u00e9m os conflitos e afetos da Formiga.<\/p>\n<p>Esse registro, que rola como parte do PerforMate, vem como demanda natural da pr\u00f3pria localidade, como necessidade integrante na luta por perpetuar\u00a0a narrativa de vidas voltadas para uma coisa: f\u00e9.<\/p>\n<p>Formiga de Reis. Por hora o nome que batizamos esse curta. Essa viv\u00eancia.<\/p>\n<p><a href=\"https:\/\/matecomangu.org\/performate\/wp-content\/uploads\/2015\/10\/azul-4.jpg\"><img loading=\"lazy\" decoding=\"async\" class=\"alignnone size-medium wp-image-41\" src=\"https:\/\/matecomangu.org\/performate\/wp-content\/uploads\/2015\/10\/azul-4-300x171.jpg\" alt=\"azul-4\" width=\"300\" height=\"171\" srcset=\"https:\/\/matecomangu.org\/performate\/wp-content\/uploads\/2015\/10\/azul-4-300x171.jpg 300w, https:\/\/matecomangu.org\/performate\/wp-content\/uploads\/2015\/10\/azul-4-1024x583.jpg 1024w, https:\/\/matecomangu.org\/performate\/wp-content\/uploads\/2015\/10\/azul-4.jpg 1139w\" sizes=\"auto, (max-width: 300px) 100vw, 300px\" \/><\/a><\/p>\n<p>teste<\/p>\n","protected":false},"excerpt":{"rendered":"<p>Como aquecimento para a oficina (lab) que se iniciar\u00e1 em janeiro de 2015, o projeto faz um acompanhamento de uma manifesta\u00e7\u00e3o performativa local: as Folias de Reis do Morro da Formiga. As Folias de Reis s\u00e3o um fen\u00f4meno cultural tipicamente&#8230;<br \/><a class=\"read-more-button\" href=\"https:\/\/matecomangu.org\/performate\/formiga-de-reis\/\">Read more<\/a><\/p>\n","protected":false},"author":1,"featured_media":0,"parent":0,"menu_order":2,"comment_status":"closed","ping_status":"closed","template":"","meta":{"footnotes":""},"class_list":["post-38","page","type-page","status-publish","hentry"],"_links":{"self":[{"href":"https:\/\/matecomangu.org\/performate\/wp-json\/wp\/v2\/pages\/38","targetHints":{"allow":["GET"]}}],"collection":[{"href":"https:\/\/matecomangu.org\/performate\/wp-json\/wp\/v2\/pages"}],"about":[{"href":"https:\/\/matecomangu.org\/performate\/wp-json\/wp\/v2\/types\/page"}],"author":[{"embeddable":true,"href":"https:\/\/matecomangu.org\/performate\/wp-json\/wp\/v2\/users\/1"}],"replies":[{"embeddable":true,"href":"https:\/\/matecomangu.org\/performate\/wp-json\/wp\/v2\/comments?post=38"}],"version-history":[{"count":5,"href":"https:\/\/matecomangu.org\/performate\/wp-json\/wp\/v2\/pages\/38\/revisions"}],"predecessor-version":[{"id":81,"href":"https:\/\/matecomangu.org\/performate\/wp-json\/wp\/v2\/pages\/38\/revisions\/81"}],"wp:attachment":[{"href":"https:\/\/matecomangu.org\/performate\/wp-json\/wp\/v2\/media?parent=38"}],"curies":[{"name":"wp","href":"https:\/\/api.w.org\/{rel}","templated":true}]}}